{"id":192,"date":"2023-06-01T11:43:35","date_gmt":"2023-06-01T09:43:35","guid":{"rendered":"http:\/\/wordpress.jugendschutz-zentral.ch\/zug\/?page_id=192"},"modified":"2025-04-08T13:11:54","modified_gmt":"2025-04-08T11:11:54","slug":"kantonale-gesetze","status":"publish","type":"page","link":"https:\/\/jugendschutz-zentral.ch\/zug\/gesetze\/kantonale-gesetze\/","title":{"rendered":"Kantonale Gesetze"},"content":{"rendered":"<div id='full_slider_1'  class='avia-fullwidth-slider main_color avia-shadow   avia-builder-el-0  el_before_av_section  avia-builder-el-first   container_wrap sidebar_right'  ><div  class='avia-slideshow av-28bj20-0588524de4fb6ea73680c031af5c8c62 avia-slideshow-featured av_slideshow_full avia-fade-slider av-slideshow-ui av-control-hidden av-no-slider-navigation av-hide-nav-arrows av-slideshow-autoplay av-loop-endless av-loop-manual-endless av-default-height-applied   avia-slideshow-1' data-slideshow-options=\"{&quot;animation&quot;:&quot;fade&quot;,&quot;autoplay&quot;:true,&quot;loop_autoplay&quot;:&quot;endless&quot;,&quot;interval&quot;:10,&quot;loop_manual&quot;:&quot;manual-endless&quot;,&quot;autoplay_stopper&quot;:false,&quot;noNavigation&quot;:true,&quot;bg_slider&quot;:false,&quot;keep_padding&quot;:false,&quot;hoverpause&quot;:false,&quot;show_slide_delay&quot;:0}\"  itemprop=\"image\" itemscope=\"itemscope\" itemtype=\"https:\/\/schema.org\/ImageObject\" ><ul class='avia-slideshow-inner ' style='padding-bottom: 28.666666666667%;'><li  class='avia-slideshow-slide av-28bj20-0588524de4fb6ea73680c031af5c8c62__0  slide-1 slide-odd'><div data-rel='slideshow-1' class='avia-slide-wrap '   ><img decoding=\"async\" fetchpriority=\"high\" class=\"wp-image-302 avia-img-lazy-loading-not-302\"  src=\"https:\/\/jugendschutz-zentral.ch\/zug\/wp-content\/uploads\/sites\/6\/2023\/10\/banner_02-1500x430.jpg\" width=\"1500\" height=\"430\" title='Prost' alt=''  itemprop=\"thumbnailUrl\"  style='min-height:150px; min-width:524px; ' \/><\/div><\/li><li  class='avia-slideshow-slide av-28bj20-0588524de4fb6ea73680c031af5c8c62__1  slide-2 slide-even'><div data-rel='slideshow-1' class='avia-slide-wrap '   ><img decoding=\"async\" fetchpriority=\"high\" class=\"wp-image-374 avia-img-lazy-loading-not-374\"  src=\"https:\/\/jugendschutz-zentral.ch\/zug\/wp-content\/uploads\/sites\/6\/2023\/10\/banner_25-1500x430.jpg\" width=\"1500\" height=\"430\" title='Wein servieren' alt=''  itemprop=\"thumbnailUrl\"  style='min-height:150px; min-width:524px; ' \/><\/div><\/li><li  class='avia-slideshow-slide av-28bj20-0588524de4fb6ea73680c031af5c8c62__2  slide-3 slide-odd'><div data-rel='slideshow-1' class='avia-slide-wrap '   ><img decoding=\"async\" fetchpriority=\"high\" class=\"wp-image-307 avia-img-lazy-loading-not-307\"  src=\"https:\/\/jugendschutz-zentral.ch\/zug\/wp-content\/uploads\/sites\/6\/2023\/10\/banner_22-1500x430.jpg\" width=\"1500\" height=\"430\" title='Bier kaufen' alt=''  itemprop=\"thumbnailUrl\"  style='min-height:150px; min-width:524px; ' \/><\/div><\/li><li  class='avia-slideshow-slide av-28bj20-0588524de4fb6ea73680c031af5c8c62__3  slide-4 slide-even'><div data-rel='slideshow-1' class='avia-slide-wrap '   ><img decoding=\"async\" fetchpriority=\"high\" class=\"wp-image-309 avia-img-lazy-loading-not-309\"  src=\"https:\/\/jugendschutz-zentral.ch\/zug\/wp-content\/uploads\/sites\/6\/2023\/10\/banner_23-1500x430.jpg\" width=\"1500\" height=\"430\" title='Rauchen am Open Air' alt=''  itemprop=\"thumbnailUrl\"  style='min-height:150px; min-width:524px; ' \/><\/div><\/li><li  class='avia-slideshow-slide av-28bj20-0588524de4fb6ea73680c031af5c8c62__4  slide-5 slide-odd'><div data-rel='slideshow-1' class='avia-slide-wrap '   ><img decoding=\"async\" fetchpriority=\"high\" class=\"wp-image-375 avia-img-lazy-loading-not-375\"  src=\"https:\/\/jugendschutz-zentral.ch\/zug\/wp-content\/uploads\/sites\/6\/2023\/10\/banner_26-1500x430.jpg\" width=\"1500\" height=\"430\" title='Barbetrieb' alt=''  itemprop=\"thumbnailUrl\"  style='min-height:150px; min-width:524px; ' \/><\/div><\/li><li  class='avia-slideshow-slide av-28bj20-0588524de4fb6ea73680c031af5c8c62__5  slide-6 slide-even'><div data-rel='slideshow-1' class='avia-slide-wrap '   ><img decoding=\"async\" fetchpriority=\"high\" class=\"wp-image-303 avia-img-lazy-loading-not-303\"  src=\"https:\/\/jugendschutz-zentral.ch\/zug\/wp-content\/uploads\/sites\/6\/2023\/10\/banner_03-1500x430.jpg\" width=\"1500\" height=\"430\" title='Whiskey eingiessen' alt=''  itemprop=\"thumbnailUrl\"  style='min-height:150px; min-width:524px; ' \/><\/div><\/li><li  class='avia-slideshow-slide av-28bj20-0588524de4fb6ea73680c031af5c8c62__6  slide-7 slide-odd'><div data-rel='slideshow-1' class='avia-slide-wrap '   ><img decoding=\"async\" fetchpriority=\"high\" class=\"wp-image-301 avia-img-lazy-loading-not-301\"  src=\"https:\/\/jugendschutz-zentral.ch\/zug\/wp-content\/uploads\/sites\/6\/2023\/10\/banner_01-1500x430.jpg\" width=\"1500\" height=\"430\" title='Alkohol an Party' alt=''  itemprop=\"thumbnailUrl\"  style='min-height:150px; min-width:524px; ' \/><\/div><\/li><li  class='avia-slideshow-slide av-28bj20-0588524de4fb6ea73680c031af5c8c62__7  slide-8 slide-even'><div data-rel='slideshow-1' class='avia-slide-wrap '   ><img decoding=\"async\" fetchpriority=\"high\" class=\"wp-image-377 avia-img-lazy-loading-not-377\"  src=\"https:\/\/jugendschutz-zentral.ch\/zug\/wp-content\/uploads\/sites\/6\/2023\/10\/banner_28-1500x430.jpg\" width=\"1500\" height=\"430\" title='Frau mit Snus' alt=''  itemprop=\"thumbnailUrl\"  style='min-height:150px; min-width:524px; ' \/><\/div><\/li><li  class='avia-slideshow-slide av-28bj20-0588524de4fb6ea73680c031af5c8c62__8  slide-9 slide-odd'><div data-rel='slideshow-1' class='avia-slide-wrap '   ><img decoding=\"async\" fetchpriority=\"high\" class=\"wp-image-311 avia-img-lazy-loading-not-311\"  src=\"https:\/\/jugendschutz-zentral.ch\/zug\/wp-content\/uploads\/sites\/6\/2023\/10\/banner_24-1500x430.jpg\" width=\"1500\" height=\"430\" title='Bezahlen im Shop' alt=''  itemprop=\"thumbnailUrl\"  style='min-height:150px; min-width:524px; ' \/><\/div><\/li><li  class='avia-slideshow-slide av-28bj20-0588524de4fb6ea73680c031af5c8c62__9  slide-10 slide-even'><div data-rel='slideshow-1' class='avia-slide-wrap '   ><img decoding=\"async\" fetchpriority=\"high\" class=\"wp-image-305 avia-img-lazy-loading-not-305\"  src=\"https:\/\/jugendschutz-zentral.ch\/zug\/wp-content\/uploads\/sites\/6\/2023\/10\/banner_21-1500x430.jpg\" width=\"1500\" height=\"430\" title='Vapes rauchen' alt=''  itemprop=\"thumbnailUrl\"  style='min-height:150px; min-width:524px; ' \/><\/div><\/li><li  class='avia-slideshow-slide av-28bj20-0588524de4fb6ea73680c031af5c8c62__10  slide-11 slide-odd'><div data-rel='slideshow-1' class='avia-slide-wrap '   ><img decoding=\"async\" fetchpriority=\"high\" class=\"wp-image-304 avia-img-lazy-loading-not-304\"  src=\"https:\/\/jugendschutz-zentral.ch\/zug\/wp-content\/uploads\/sites\/6\/2023\/10\/banner_04-1500x430.jpg\" width=\"1500\" height=\"430\" title='Hands up am Konzert' alt=''  itemprop=\"thumbnailUrl\"  style='min-height:150px; min-width:524px; ' \/><\/div><\/li><li  class='avia-slideshow-slide av-28bj20-0588524de4fb6ea73680c031af5c8c62__11  slide-12 slide-even'><div data-rel='slideshow-1' class='avia-slide-wrap '   ><img decoding=\"async\" fetchpriority=\"high\" class=\"wp-image-376 avia-img-lazy-loading-not-376\"  src=\"https:\/\/jugendschutz-zentral.ch\/zug\/wp-content\/uploads\/sites\/6\/2023\/10\/banner_27-1500x430.jpg\" width=\"1500\" height=\"430\" title='Auswahl an Vapes' alt=''  itemprop=\"thumbnailUrl\"  style='min-height:150px; min-width:524px; ' \/><\/div><\/li><\/ul><div class='avia-slideshow-arrows avia-slideshow-controls' ><a href='#prev' class='prev-slide  avia-svg-icon avia-font-svg_entypo-fontello' data-av_svg_icon='left-open-big' data-av_iconset='svg_entypo-fontello' tabindex='-1' title=\"Zur\u00fcck\"><svg version=\"1.1\" xmlns=\"http:\/\/www.w3.org\/2000\/svg\" width=\"15\" height=\"32\" viewBox=\"0 0 15 32\" preserveAspectRatio=\"xMidYMid meet\" aria-labelledby='av-svg-title-1' aria-describedby='av-svg-desc-1' role=\"graphics-symbol\" aria-hidden=\"true\">\n<title id='av-svg-title-1'>Zur\u00fcck<\/title>\n<desc id='av-svg-desc-1'>Zur\u00fcck<\/desc>\n<path d=\"M14.464 27.84q0.832 0.832 0 1.536-0.832 0.832-1.536 0l-12.544-12.608q-0.768-0.768 0-1.6l12.544-12.608q0.704-0.832 1.536 0 0.832 0.704 0 1.536l-11.456 11.904z\"><\/path>\n<\/svg><span class='avia_hidden_link_text'>Zur\u00fcck<\/span><\/a><a href='#next' class='next-slide  avia-svg-icon avia-font-svg_entypo-fontello' data-av_svg_icon='right-open-big' data-av_iconset='svg_entypo-fontello' tabindex='-1' title=\"Weiter\"><svg version=\"1.1\" xmlns=\"http:\/\/www.w3.org\/2000\/svg\" width=\"15\" height=\"32\" viewBox=\"0 0 15 32\" preserveAspectRatio=\"xMidYMid meet\" aria-labelledby='av-svg-title-2' aria-describedby='av-svg-desc-2' role=\"graphics-symbol\" aria-hidden=\"true\">\n<title id='av-svg-title-2'>Weiter<\/title>\n<desc id='av-svg-desc-2'>Weiter<\/desc>\n<path d=\"M0.416 27.84l11.456-11.84-11.456-11.904q-0.832-0.832 0-1.536 0.832-0.832 1.536 0l12.544 12.608q0.768 0.832 0 1.6l-12.544 12.608q-0.704 0.832-1.536 0-0.832-0.704 0-1.536z\"><\/path>\n<\/svg><span class='avia_hidden_link_text'>Weiter<\/span><\/a><\/div><\/div><\/div>\n<div id='av_section_1'  class='avia-section av-cpz14-f59d8bc5046cc80d96790ba7ecfb47d2 main_color avia-section-huge avia-no-border-styling  avia-builder-el-1  el_after_av_slideshow_full  avia-builder-el-last  avia-bg-style-scroll container_wrap sidebar_right'  ><div class='container av-section-cont-open' ><div class='template-page content  av-content-small alpha units'><div class='post-entry post-entry-type-page post-entry-192'><div class='entry-content-wrapper clearfix'>\n\n<style type=\"text\/css\" data-created_by=\"avia_inline_auto\" id=\"style-css-av-8xoe8-c6d30d828e27f3aa55065521457f98fd\">\n#top .flex_column.av-8xoe8-c6d30d828e27f3aa55065521457f98fd{\nmargin-top:-200px;\nmargin-bottom:0px;\n}\n.flex_column.av-8xoe8-c6d30d828e27f3aa55065521457f98fd{\npadding:30px 30px 30px 30px;\nbackground-color:#ffffff;\n}\n.responsive #top #wrap_all .flex_column.av-8xoe8-c6d30d828e27f3aa55065521457f98fd{\nmargin-top:-200px;\nmargin-bottom:0px;\n}\n<\/style>\n<div  class='flex_column av-8xoe8-c6d30d828e27f3aa55065521457f98fd av_one_full  avia-builder-el-2  avia-builder-el-no-sibling  first flex_column_div  '     ><p>\n<style type=\"text\/css\" data-created_by=\"avia_inline_auto\" id=\"style-css-av-licy7rd3-2ba05ed38331a2588635c5998bb28372\">\n#top .av-special-heading.av-licy7rd3-2ba05ed38331a2588635c5998bb28372{\npadding-bottom:10px;\n}\nbody .av-special-heading.av-licy7rd3-2ba05ed38331a2588635c5998bb28372 .av-special-heading-tag .heading-char{\nfont-size:25px;\n}\n.av-special-heading.av-licy7rd3-2ba05ed38331a2588635c5998bb28372 .av-subheading{\nfont-size:15px;\n}\n<\/style>\n<div  class='av-special-heading av-licy7rd3-2ba05ed38331a2588635c5998bb28372 av-special-heading-h2  avia-builder-el-3  el_before_av_textblock  avia-builder-el-first '><h2 class='av-special-heading-tag '  itemprop=\"headline\"  >Kantonale Gesetze<\/h2><div class=\"special-heading-border\"><div class=\"special-heading-inner-border\"><\/div><\/div><\/div><br \/>\n<section  class='av_textblock_section av-licy837w-3d9970aedd3525edf71e7731b77bbb4d '   itemscope=\"itemscope\" itemtype=\"https:\/\/schema.org\/CreativeWork\" ><div class='avia_textblock'  itemprop=\"text\" ><p><strong>KANTONALE JUGENDSCHUTZBESTIMMUNGEN ZU ALKOHOL<\/strong><\/p>\n<table style=\"border-collapse: collapse;\" border=\"1\" cellspacing=\"0\" cellpadding=\"0\">\n<tbody>\n<tr>\n<td style=\"border-width: 1pt medium; border-style: solid none; padding: 0cm 5.4pt; width: 203px;\" valign=\"top\">Auflage<\/td>\n<td style=\"border-width: 1pt medium; border-style: solid none; padding: 0cm 5.4pt; width: 203px;\" valign=\"top\">Regelung<\/td>\n<td style=\"border-width: 1pt medium; border-style: solid none; padding: 0cm 5.4pt; width: 203px;\" valign=\"top\">Bemerkung<\/td>\n<\/tr>\n<tr>\n<td style=\"padding: 0cm 5.4pt; width: 203px;\" valign=\"top\">Abgabeverbot Bier, Wein<\/td>\n<td style=\"padding: 0cm 5.4pt; width: 203px;\" valign=\"top\" bgcolor=\"#cccccc\">ja<\/td>\n<td style=\"padding: 0cm 5.4pt; width: 203px;\" valign=\"top\" bgcolor=\"#cccccc\">bis 16<\/td>\n<\/tr>\n<tr>\n<td style=\"padding: 0cm 5.4pt; width: 203px;\" valign=\"top\">Abgabeverbot Spirituosen<\/td>\n<td style=\"padding: 0cm 5.4pt; width: 203px;\" valign=\"top\" bgcolor=\"#cccccc\">ja<\/td>\n<td style=\"padding: 0cm 5.4pt; width: 203px;\" valign=\"top\" bgcolor=\"#cccccc\">bis 18<\/td>\n<\/tr>\n<tr>\n<td style=\"padding: 0cm 5.4pt; width: 203px;\" valign=\"top\">Sirupartikel<\/td>\n<td style=\"padding: 0cm 5.4pt; width: 203px;\" valign=\"top\" bgcolor=\"#cccccc\">nein<\/td>\n<td style=\"padding: 0cm 5.4pt; width: 203px;\" valign=\"top\" bgcolor=\"#cccccc\"><\/td>\n<\/tr>\n<tr>\n<td style=\"padding: 0cm 5.4pt; width: 203px;\" valign=\"top\">Zeitliche Einschr\u00e4nkungen<\/td>\n<td style=\"padding: 0cm 5.4pt; width: 203px;\" valign=\"top\" bgcolor=\"#cccccc\">nein<\/td>\n<td style=\"padding: 0cm 5.4pt; width: 203px;\" valign=\"top\" bgcolor=\"#cccccc\"><\/td>\n<\/tr>\n<tr>\n<td style=\"padding: 0cm 5.4pt; width: 203px;\" valign=\"top\">\u00d6rtliche Einschr\u00e4nkungen<\/td>\n<td style=\"padding: 0cm 5.4pt; width: 203px;\" valign=\"top\" bgcolor=\"#cccccc\">nein<\/td>\n<td style=\"padding: 0cm 5.4pt; width: 203px;\" valign=\"top\" bgcolor=\"#cccccc\">Regelung nur bei Automaten<\/td>\n<\/tr>\n<tr>\n<td style=\"padding: 0cm 5.4pt; width: 203px;\" valign=\"top\">Sondergewerbesteuer<\/td>\n<td style=\"padding: 0cm 5.4pt; width: 203px;\" valign=\"top\" bgcolor=\"#cccccc\">nein<\/td>\n<td style=\"padding: 0cm 5.4pt; width: 203px;\" valign=\"top\" bgcolor=\"#cccccc\"><\/td>\n<\/tr>\n<tr>\n<td style=\"padding: 0cm 5.4pt; width: 203px;\" valign=\"top\">Werbeeinschr\u00e4nkung<\/td>\n<td style=\"padding: 0cm 5.4pt; width: 203px;\" valign=\"top\" bgcolor=\"#cccccc\">teilweise<\/td>\n<td style=\"padding: 0cm 5.4pt; width: 203px;\" valign=\"top\" bgcolor=\"#cccccc\">nur Verbot bei Plakaten, welche vom \u00f6ffentlichen Raum aus einsehbar sind<\/td>\n<\/tr>\n<tr>\n<td style=\"padding: 0cm 5.4pt; width: 203px;\" valign=\"top\">Besondere Jugendschutzbestimmungen<\/td>\n<td style=\"padding: 0cm 5.4pt; width: 203px;\" valign=\"top\" bgcolor=\"#cccccc\">keine<\/td>\n<td style=\"padding: 0cm 5.4pt; width: 203px;\" valign=\"top\" bgcolor=\"#cccccc\"><\/td>\n<\/tr>\n<tr>\n<td style=\"padding: 0cm 5.4pt; width: 203px;\" valign=\"top\">Unangek\u00fcndigte Testk\u00e4ufe<\/td>\n<td style=\"padding: 0cm 5.4pt; width: 203px;\" valign=\"top\" bgcolor=\"#cccccc\">teilweise<\/td>\n<td style=\"padding: 0cm 5.4pt; width: 203px;\" valign=\"top\" bgcolor=\"#cccccc\">werden durchgef\u00fchrt<\/td>\n<\/tr>\n<tr>\n<td style=\"padding: 0cm 5.4pt; width: 203px;\" valign=\"top\">Weitergabeverbot<\/td>\n<td style=\"padding: 0cm 5.4pt; width: 203px;\" valign=\"top\" bgcolor=\"#cccccc\">keine Regelung<\/td>\n<td style=\"padding: 0cm 5.4pt; width: 203px;\" valign=\"top\" bgcolor=\"#cccccc\">auch nicht durch Eltern<\/td>\n<\/tr>\n<\/tbody>\n<\/table>\n<p style=\"margin-top: 0cm; margin-right: 0cm; margin-bottom: 0.0001pt; background: #fcfcfc none repeat scroll 0% 0%;\">\n<p>Ein nationaler \u00dcberblick \u00fcber die kantonalen Gesetzgebungen finden Sie <a href=\"https:\/\/www.bag.admin.ch\/bag\/de\/home\/strategie-und-politik\/politische-auftraege-und-aktionsplaene\/politische-auftraege-zur-alkoholpraevention\/alkoholpraevention-kantone.html\" target=\"_blank\" rel=\"noopener\">hier.<\/a><\/p>\n<p><strong>TABAK- UND NIKOTINGESETZGEBUNG<\/strong><\/p>\n<p>Das Tabakproduktegesetz und die Tabakprodukteverordnung gelten seit dem 1. Oktober 2024 auf nationaler Ebene. Im Tabakproduktegesetz und der Tabakprodukteverordnung werden Verkaufs- und Werbevorschriften wie auch Meldepflichte f\u00fcr Tabakprodukte und elektronische Zigaretten festgehalten. Die Kantone k\u00f6nnen im Bereich Werbung, Verkaufsf\u00f6rderung und Sponsoring strengere Regeln erlassen als sie das Bundesgesetz vorsieht. F\u00fcr Informationen \u00fcber die neuen gesetzlichen Bestimmungen Verweisen wir aktuell auf das Bundesgesetz.<\/p>\n<\/div><\/section><\/p><\/div><\/div><\/div><\/div><!-- close content main div --><\/div><\/div><div id='after_section_1'  class='main_color av_default_container_wrap container_wrap sidebar_right'  ><div class='container av-section-cont-open' ><div class='template-page content  av-content-small alpha units'><div class='post-entry post-entry-type-page post-entry-192'><div class='entry-content-wrapper clearfix'>\n","protected":false},"excerpt":{"rendered":"","protected":false},"author":1,"featured_media":0,"parent":188,"menu_order":32,"comment_status":"closed","ping_status":"closed","template":"","meta":{"inline_featured_image":false,"footnotes":""},"class_list":["post-192","page","type-page","status-publish","hentry"],"_links":{"self":[{"href":"https:\/\/jugendschutz-zentral.ch\/zug\/wp-json\/wp\/v2\/pages\/192","targetHints":{"allow":["GET"]}}],"collection":[{"href":"https:\/\/jugendschutz-zentral.ch\/zug\/wp-json\/wp\/v2\/pages"}],"about":[{"href":"https:\/\/jugendschutz-zentral.ch\/zug\/wp-json\/wp\/v2\/types\/page"}],"author":[{"embeddable":true,"href":"https:\/\/jugendschutz-zentral.ch\/zug\/wp-json\/wp\/v2\/users\/1"}],"replies":[{"embeddable":true,"href":"https:\/\/jugendschutz-zentral.ch\/zug\/wp-json\/wp\/v2\/comments?post=192"}],"version-history":[{"count":2,"href":"https:\/\/jugendschutz-zentral.ch\/zug\/wp-json\/wp\/v2\/pages\/192\/revisions"}],"predecessor-version":[{"id":504,"href":"https:\/\/jugendschutz-zentral.ch\/zug\/wp-json\/wp\/v2\/pages\/192\/revisions\/504"}],"up":[{"embeddable":true,"href":"https:\/\/jugendschutz-zentral.ch\/zug\/wp-json\/wp\/v2\/pages\/188"}],"wp:attachment":[{"href":"https:\/\/jugendschutz-zentral.ch\/zug\/wp-json\/wp\/v2\/media?parent=192"}],"curies":[{"name":"wp","href":"https:\/\/api.w.org\/{rel}","templated":true}]}}