{"id":190,"date":"2023-06-01T11:42:07","date_gmt":"2023-06-01T09:42:07","guid":{"rendered":"http:\/\/wordpress.jugendschutz-zentral.ch\/zug\/?page_id=190"},"modified":"2025-04-08T11:10:35","modified_gmt":"2025-04-08T09:10:35","slug":"bundesgesetze","status":"publish","type":"page","link":"https:\/\/jugendschutz-zentral.ch\/zug\/gesetze\/bundesgesetze\/","title":{"rendered":"Bundesgesetze"},"content":{"rendered":"<div id='full_slider_1'  class='avia-fullwidth-slider main_color avia-shadow   avia-builder-el-0  el_before_av_section  avia-builder-el-first   container_wrap sidebar_right'  ><div  class='avia-slideshow av-1lil1i-0b23ca74f4c95da167e47fb2dc179034 avia-slideshow-featured av_slideshow_full avia-fade-slider av-slideshow-ui av-control-hidden av-no-slider-navigation av-hide-nav-arrows av-slideshow-autoplay av-loop-endless av-loop-manual-endless av-default-height-applied   avia-slideshow-1' data-slideshow-options=\"{&quot;animation&quot;:&quot;fade&quot;,&quot;autoplay&quot;:true,&quot;loop_autoplay&quot;:&quot;endless&quot;,&quot;interval&quot;:10,&quot;loop_manual&quot;:&quot;manual-endless&quot;,&quot;autoplay_stopper&quot;:false,&quot;noNavigation&quot;:true,&quot;bg_slider&quot;:false,&quot;keep_padding&quot;:false,&quot;hoverpause&quot;:false,&quot;show_slide_delay&quot;:0}\"  itemprop=\"image\" itemscope=\"itemscope\" itemtype=\"https:\/\/schema.org\/ImageObject\" ><ul class='avia-slideshow-inner ' style='padding-bottom: 28.666666666667%;'><li  class='avia-slideshow-slide av-1lil1i-0b23ca74f4c95da167e47fb2dc179034__0  slide-1 slide-odd'><div data-rel='slideshow-1' class='avia-slide-wrap '   ><img decoding=\"async\" fetchpriority=\"high\" class=\"wp-image-302 avia-img-lazy-loading-not-302\"  src=\"https:\/\/jugendschutz-zentral.ch\/zug\/wp-content\/uploads\/sites\/6\/2023\/10\/banner_02-1500x430.jpg\" width=\"1500\" height=\"430\" title='Prost' alt=''  itemprop=\"thumbnailUrl\"  style='min-height:150px; min-width:524px; ' \/><\/div><\/li><li  class='avia-slideshow-slide av-1lil1i-0b23ca74f4c95da167e47fb2dc179034__1  slide-2 slide-even'><div data-rel='slideshow-1' class='avia-slide-wrap '   ><img decoding=\"async\" fetchpriority=\"high\" class=\"wp-image-307 avia-img-lazy-loading-not-307\"  src=\"https:\/\/jugendschutz-zentral.ch\/zug\/wp-content\/uploads\/sites\/6\/2023\/10\/banner_22-1500x430.jpg\" width=\"1500\" height=\"430\" title='Bier kaufen' alt=''  itemprop=\"thumbnailUrl\"  style='min-height:150px; min-width:524px; ' \/><\/div><\/li><li  class='avia-slideshow-slide av-1lil1i-0b23ca74f4c95da167e47fb2dc179034__2  slide-3 slide-odd'><div data-rel='slideshow-1' class='avia-slide-wrap '   ><img decoding=\"async\" fetchpriority=\"high\" class=\"wp-image-309 avia-img-lazy-loading-not-309\"  src=\"https:\/\/jugendschutz-zentral.ch\/zug\/wp-content\/uploads\/sites\/6\/2023\/10\/banner_23-1500x430.jpg\" width=\"1500\" height=\"430\" title='Rauchen am Open Air' alt=''  itemprop=\"thumbnailUrl\"  style='min-height:150px; min-width:524px; ' \/><\/div><\/li><li  class='avia-slideshow-slide av-1lil1i-0b23ca74f4c95da167e47fb2dc179034__3  slide-4 slide-even'><div data-rel='slideshow-1' class='avia-slide-wrap '   ><img decoding=\"async\" fetchpriority=\"high\" class=\"wp-image-303 avia-img-lazy-loading-not-303\"  src=\"https:\/\/jugendschutz-zentral.ch\/zug\/wp-content\/uploads\/sites\/6\/2023\/10\/banner_03-1500x430.jpg\" width=\"1500\" height=\"430\" title='Whiskey eingiessen' alt=''  itemprop=\"thumbnailUrl\"  style='min-height:150px; min-width:524px; ' \/><\/div><\/li><li  class='avia-slideshow-slide av-1lil1i-0b23ca74f4c95da167e47fb2dc179034__4  slide-5 slide-odd'><div data-rel='slideshow-1' class='avia-slide-wrap '   ><img decoding=\"async\" fetchpriority=\"high\" class=\"wp-image-376 avia-img-lazy-loading-not-376\"  src=\"https:\/\/jugendschutz-zentral.ch\/zug\/wp-content\/uploads\/sites\/6\/2023\/10\/banner_27-1500x430.jpg\" width=\"1500\" height=\"430\" title='Auswahl an Vapes' alt=''  itemprop=\"thumbnailUrl\"  style='min-height:150px; min-width:524px; ' \/><\/div><\/li><li  class='avia-slideshow-slide av-1lil1i-0b23ca74f4c95da167e47fb2dc179034__5  slide-6 slide-even'><div data-rel='slideshow-1' class='avia-slide-wrap '   ><img decoding=\"async\" fetchpriority=\"high\" class=\"wp-image-374 avia-img-lazy-loading-not-374\"  src=\"https:\/\/jugendschutz-zentral.ch\/zug\/wp-content\/uploads\/sites\/6\/2023\/10\/banner_25-1500x430.jpg\" width=\"1500\" height=\"430\" title='Wein servieren' alt=''  itemprop=\"thumbnailUrl\"  style='min-height:150px; min-width:524px; ' \/><\/div><\/li><li  class='avia-slideshow-slide av-1lil1i-0b23ca74f4c95da167e47fb2dc179034__6  slide-7 slide-odd'><div data-rel='slideshow-1' class='avia-slide-wrap '   ><img decoding=\"async\" fetchpriority=\"high\" class=\"wp-image-301 avia-img-lazy-loading-not-301\"  src=\"https:\/\/jugendschutz-zentral.ch\/zug\/wp-content\/uploads\/sites\/6\/2023\/10\/banner_01-1500x430.jpg\" width=\"1500\" height=\"430\" title='Alkohol an Party' alt=''  itemprop=\"thumbnailUrl\"  style='min-height:150px; min-width:524px; ' \/><\/div><\/li><li  class='avia-slideshow-slide av-1lil1i-0b23ca74f4c95da167e47fb2dc179034__7  slide-8 slide-even'><div data-rel='slideshow-1' class='avia-slide-wrap '   ><img decoding=\"async\" fetchpriority=\"high\" class=\"wp-image-375 avia-img-lazy-loading-not-375\"  src=\"https:\/\/jugendschutz-zentral.ch\/zug\/wp-content\/uploads\/sites\/6\/2023\/10\/banner_26-1500x430.jpg\" width=\"1500\" height=\"430\" title='Barbetrieb' alt=''  itemprop=\"thumbnailUrl\"  style='min-height:150px; min-width:524px; ' \/><\/div><\/li><li  class='avia-slideshow-slide av-1lil1i-0b23ca74f4c95da167e47fb2dc179034__8  slide-9 slide-odd'><div data-rel='slideshow-1' class='avia-slide-wrap '   ><img decoding=\"async\" fetchpriority=\"high\" class=\"wp-image-311 avia-img-lazy-loading-not-311\"  src=\"https:\/\/jugendschutz-zentral.ch\/zug\/wp-content\/uploads\/sites\/6\/2023\/10\/banner_24-1500x430.jpg\" width=\"1500\" height=\"430\" title='Bezahlen im Shop' alt=''  itemprop=\"thumbnailUrl\"  style='min-height:150px; min-width:524px; ' \/><\/div><\/li><li  class='avia-slideshow-slide av-1lil1i-0b23ca74f4c95da167e47fb2dc179034__9  slide-10 slide-even'><div data-rel='slideshow-1' class='avia-slide-wrap '   ><img decoding=\"async\" fetchpriority=\"high\" class=\"wp-image-305 avia-img-lazy-loading-not-305\"  src=\"https:\/\/jugendschutz-zentral.ch\/zug\/wp-content\/uploads\/sites\/6\/2023\/10\/banner_21-1500x430.jpg\" width=\"1500\" height=\"430\" title='Vapes rauchen' alt=''  itemprop=\"thumbnailUrl\"  style='min-height:150px; min-width:524px; ' \/><\/div><\/li><li  class='avia-slideshow-slide av-1lil1i-0b23ca74f4c95da167e47fb2dc179034__10  slide-11 slide-odd'><div data-rel='slideshow-1' class='avia-slide-wrap '   ><img decoding=\"async\" fetchpriority=\"high\" class=\"wp-image-304 avia-img-lazy-loading-not-304\"  src=\"https:\/\/jugendschutz-zentral.ch\/zug\/wp-content\/uploads\/sites\/6\/2023\/10\/banner_04-1500x430.jpg\" width=\"1500\" height=\"430\" title='Hands up am Konzert' alt=''  itemprop=\"thumbnailUrl\"  style='min-height:150px; min-width:524px; ' \/><\/div><\/li><li  class='avia-slideshow-slide av-1lil1i-0b23ca74f4c95da167e47fb2dc179034__11  slide-12 slide-even'><div data-rel='slideshow-1' class='avia-slide-wrap '   ><img decoding=\"async\" fetchpriority=\"high\" class=\"wp-image-377 avia-img-lazy-loading-not-377\"  src=\"https:\/\/jugendschutz-zentral.ch\/zug\/wp-content\/uploads\/sites\/6\/2023\/10\/banner_28-1500x430.jpg\" width=\"1500\" height=\"430\" title='Frau mit Snus' alt=''  itemprop=\"thumbnailUrl\"  style='min-height:150px; min-width:524px; ' \/><\/div><\/li><\/ul><div class='avia-slideshow-arrows avia-slideshow-controls' ><a href='#prev' class='prev-slide  avia-svg-icon avia-font-svg_entypo-fontello' data-av_svg_icon='left-open-big' data-av_iconset='svg_entypo-fontello' tabindex='-1' title=\"Zur\u00fcck\"><svg version=\"1.1\" xmlns=\"http:\/\/www.w3.org\/2000\/svg\" width=\"15\" height=\"32\" viewBox=\"0 0 15 32\" preserveAspectRatio=\"xMidYMid meet\" aria-labelledby='av-svg-title-1' aria-describedby='av-svg-desc-1' role=\"graphics-symbol\" aria-hidden=\"true\">\n<title id='av-svg-title-1'>Zur\u00fcck<\/title>\n<desc id='av-svg-desc-1'>Zur\u00fcck<\/desc>\n<path d=\"M14.464 27.84q0.832 0.832 0 1.536-0.832 0.832-1.536 0l-12.544-12.608q-0.768-0.768 0-1.6l12.544-12.608q0.704-0.832 1.536 0 0.832 0.704 0 1.536l-11.456 11.904z\"><\/path>\n<\/svg><span class='avia_hidden_link_text'>Zur\u00fcck<\/span><\/a><a href='#next' class='next-slide  avia-svg-icon avia-font-svg_entypo-fontello' data-av_svg_icon='right-open-big' data-av_iconset='svg_entypo-fontello' tabindex='-1' title=\"Weiter\"><svg version=\"1.1\" xmlns=\"http:\/\/www.w3.org\/2000\/svg\" width=\"15\" height=\"32\" viewBox=\"0 0 15 32\" preserveAspectRatio=\"xMidYMid meet\" aria-labelledby='av-svg-title-2' aria-describedby='av-svg-desc-2' role=\"graphics-symbol\" aria-hidden=\"true\">\n<title id='av-svg-title-2'>Weiter<\/title>\n<desc id='av-svg-desc-2'>Weiter<\/desc>\n<path d=\"M0.416 27.84l11.456-11.84-11.456-11.904q-0.832-0.832 0-1.536 0.832-0.832 1.536 0l12.544 12.608q0.768 0.832 0 1.6l-12.544 12.608q-0.704 0.832-1.536 0-0.832-0.704 0-1.536z\"><\/path>\n<\/svg><span class='avia_hidden_link_text'>Weiter<\/span><\/a><\/div><\/div><\/div>\n<div id='av_section_1'  class='avia-section av-dgld2-7aefb2117f41f5a2e093582efe1d2226 main_color avia-section-huge avia-no-border-styling  avia-builder-el-1  el_after_av_slideshow_full  avia-builder-el-last  avia-bg-style-scroll container_wrap sidebar_right'  ><div class='container av-section-cont-open' ><div class='template-page content  av-content-small alpha units'><div class='post-entry post-entry-type-page post-entry-190'><div class='entry-content-wrapper clearfix'>\n\n<style type=\"text\/css\" data-created_by=\"avia_inline_auto\" id=\"style-css-av-9322e-c9d2655c85c0854123b984753b1dbfbd\">\n#top .flex_column.av-9322e-c9d2655c85c0854123b984753b1dbfbd{\nmargin-top:-200px;\nmargin-bottom:0px;\n}\n.flex_column.av-9322e-c9d2655c85c0854123b984753b1dbfbd{\npadding:30px 30px 30px 30px;\nbackground-color:#ffffff;\n}\n.responsive #top #wrap_all .flex_column.av-9322e-c9d2655c85c0854123b984753b1dbfbd{\nmargin-top:-200px;\nmargin-bottom:0px;\n}\n<\/style>\n<div  class='flex_column av-9322e-c9d2655c85c0854123b984753b1dbfbd av_one_full  avia-builder-el-2  avia-builder-el-no-sibling  first flex_column_div  '     ><p>\n<style type=\"text\/css\" data-created_by=\"avia_inline_auto\" id=\"style-css-av-licy5bz0-e53c00d0b95c9da470261ddff4313447\">\n#top .av-special-heading.av-licy5bz0-e53c00d0b95c9da470261ddff4313447{\npadding-bottom:10px;\n}\nbody .av-special-heading.av-licy5bz0-e53c00d0b95c9da470261ddff4313447 .av-special-heading-tag .heading-char{\nfont-size:25px;\n}\n.av-special-heading.av-licy5bz0-e53c00d0b95c9da470261ddff4313447 .av-subheading{\nfont-size:15px;\n}\n<\/style>\n<div  class='av-special-heading av-licy5bz0-e53c00d0b95c9da470261ddff4313447 av-special-heading-h2  avia-builder-el-3  el_before_av_textblock  avia-builder-el-first '><h2 class='av-special-heading-tag '  itemprop=\"headline\"  >Bundesgesetze<\/h2><div class=\"special-heading-border\"><div class=\"special-heading-inner-border\"><\/div><\/div><\/div><br \/>\n<section  class='av_textblock_section av-licy68vy-c0689ed06fcbbfefc8a0f6f19d5a3333 '   itemscope=\"itemscope\" itemtype=\"https:\/\/schema.org\/CreativeWork\" ><div class='avia_textblock'  itemprop=\"text\" ><p>Auf nationaler Ebene existieren verschiedene gesetzliche Bestimmungen, die auf den Schutz jugendlicher Konsumentinnen und Konsumenten abzielen. Zentrale Punkte sind das Abgabe- beziehungsweise Verkaufsverbot alkoholischer Getr\u00e4nke sowie von Tabakprodukten, elektronischen Zigaretten und gleichwertigen Produkten an Kinder und Jugendliche, die Einschr\u00e4nkungen der Werbung sowie der Passivrauchschutz. Die nachfolgende Auflistung ist nicht abschliessend und bildet lediglich die wichtigsten Punkte ab. Im Zweifelsfall ist immer das Gesetz zu konsultieren \u2013 es wird keine Haftung f\u00fcr die hier aufgelisteten Punkte \u00fcbernommen.<\/p>\n<p><strong>1. Abgabe und Verkauf von alkoholischen Getr\u00e4nken sowie Tabakprodukten &#8211; und elektronischen Zigaretten<\/strong><\/p>\n<div class=\"wptm_table tablesorter-bootstrap \" data-id=\"2\" data-hightlight=\"0\">\n<div class=\"wptm_buttons buttons_wptmTbl2\"><\/div>\n<div class=\"wptmresponsive dataTables-wptmtable wptmtable \" id=\"wptmtable2\" data-tableid=\"wptmTbl2\">\n<table data-count-header=\"1\"  data-format-decimal_count=\"0\" data-format-decimal_symbol=\".\" data-format-symbol_position=\"0\" data-format-thousand_symbol=\",\"  data-format-currency_symbol=\"$\"  data-name-style=\"2_1737318094.css\" data-format=\"YYYY-MM-DD\" id=\"wptmTbl2\" data-id=\"2\" data-responsive=\"false\" data-hideCols=\"false\"  data-type=\"html\" data-paging=\"false\" data-searching=\"true\"  data-ordering=\"false\" data-table-breakpoint=\"980\" data-scroll-x=\"true\" data-scroll-collapse=\"true\" data-align=\"left\" data-range=\"&#091;&#093;\" data-hideColumn=\"&#091;0,0,0,0&#093;\" data-colwidths=\"&#091;170,170,170,170&#093;\" class=\"wptm_main_table  repeatedHeader disablePager\">\n<colgroup>\n<col data-dtr=\"0\" data-dtc=\"0\" class=\"dtc0\">\n<col data-dtr=\"0\" data-dtc=\"1\" class=\"dtc1\">\n<col data-dtr=\"0\" data-dtc=\"2\" class=\"dtc2\">\n<col data-dtr=\"0\" data-dtc=\"3\" class=\"dtc3\"><\/colgroup>\n<thead>\n<tr class=\"wptm-header-cells-index dnone\">\n<th rowspan=\"1\" colspan=\"1\" data-dtr=\"0\" data-dtc=\"0\" class=\"dtr0 dtc0\"><\/th>\n<th rowspan=\"1\" colspan=\"1\" data-dtr=\"0\" data-dtc=\"1\" class=\"dtr0 dtc1\"><\/th>\n<th rowspan=\"1\" colspan=\"1\" data-dtr=\"0\" data-dtc=\"2\" class=\"dtr0 dtc2\"><\/th>\n<th rowspan=\"1\" colspan=\"1\" data-dtr=\"0\" data-dtc=\"3\" class=\"dtr0 dtc3\"><\/th>\n<\/tr>\n<tr class=\" row0\">\n<th   data-priority=\"0\" class=\"dtr0 dtc0\"><\/th>\n<th   data-priority=\"0\" class=\"dtr0 dtc1\">Abgabe unter 16 Jahren<\/th>\n<th   data-priority=\"0\" class=\"dtr0 dtc2\">Abgabe ab 16 Jahren<\/th>\n<th   data-priority=\"0\" class=\"dtr0 dtc3\">Abgabe ab 18 Jahren<\/th>\n<\/thead>\n<tbody>\n<tr class=\" row1\">\n<td    class=\"dtr1 dtc0\">Bier, Most<\/td>\n<td    class=\"dtr1 dtc1\">Verboten<\/td>\n<td    class=\"dtr1 dtc2\">Elaubt<\/td>\n<td    class=\"dtr1 dtc3\">Erlaubt<\/td>\n<\/tr>\n<tr class=\" row2\">\n<td    class=\"dtr2 dtc0\">Wein<\/td>\n<td    class=\"dtr2 dtc1\">Verboten<\/td>\n<td    class=\"dtr2 dtc2\">Erlaubt<\/td>\n<td    class=\"dtr2 dtc3\">Erlaubt<\/td>\n<\/tr>\n<tr class=\" row3\">\n<td    class=\"dtr3 dtc0\">Spirituosen<\/td>\n<td    class=\"dtr3 dtc1\">Verboten<\/td>\n<td    class=\"dtr3 dtc2\">Verboten<\/td>\n<td    class=\"dtr3 dtc3\">Erlaubt<\/td>\n<\/tr>\n<tr class=\" row4\">\n<td    class=\"dtr4 dtc0\">Alle Tabak und Nikotinprodukte<\/td>\n<td    class=\"dtr4 dtc1\">Verboten<\/td>\n<td    class=\"dtr4 dtc2\">Verboten<\/td>\n<td    class=\"dtr4 dtc3\">Erlaubt<\/td>\n<\/tr>\n<\/tbody>\n<tfoot>\n<tr>\n<td class=\"dtr4 dtc0\" style=\"height: 0;\"><\/td>\n<td class=\"dtr4 dtc1\" style=\"height: 0;\"><\/td>\n<td class=\"dtr4 dtc2\" style=\"height: 0;\"><\/td>\n<td class=\"dtr4 dtc3\" style=\"height: 0;\"><\/td>\n<\/tr>\n<\/tfoot>\n<\/table>\n<\/div>\n<style>#wptmtable2 table.repeatedHeaderTrue colgroup col[data-dtr=\"0\"] {width: 0 !important;min-width: unset;}#wptmtable2 .dataTables_wrapper > .dataTables_scroll {max-height:900px;overflow: auto;}<\/style>\n<p><script>window.wptm_ajaxurl = 'https:\/\/jugendschutz-zentral.ch\/zug\/wp-admin\/admin-ajax.php?juwpfisadmin=false&action=Wptm&'; window.wptm_front = 'https:\/\/jugendschutz-zentral.ch\/zug\/wp-content\/plugins\/wp-table-manager\/app\/site\/assets\/'; window.wptm_style = 'https:\/\/jugendschutz-zentral.ch\/zug\/wp-content\/uploads\/sites\/6\/wptm\/';<\/script><\/div>\n<style><\/style>\n<\/p>\n<p>In der Verkaufsstelle muss mit einem gut sichtbaren und leserlichen Hinweisschild auf die jeweiligen Verkaufs- und Abgabeverbote hingewiesen werden. Bei Unsicherheiten bzgl. des Alters der Kundschaft ist ein amtlicher Ausweis (Pass, ID, Ausl\u00e4nderausweis, F\u00fchrerschein) zur Alterskontrolle zu verlangen.<\/p>\n<p>Tabakprodukte und elektronische Zigaretten d\u00fcrfen nur dann in Automaten verkauft werden, wenn diese Produkte f\u00fcr Minderj\u00e4hrige nicht zug\u00e4nglich sind.<\/p>\n<p><a href=\"https:\/\/www.admin.ch\/opc\/de\/classified-compilation\/19320035\/index.html#a41\">Alkoholgesetz, AlkG, Art. 41<\/a><br \/>\n<a href=\"https:\/\/www.fedlex.admin.ch\/eli\/oc\/2017\/62\/de\">Lebensmittelgesetz, LMG, Art. 14 Abs. 1<\/a><br \/>\n<a href=\"https:\/\/www.admin.ch\/opc\/de\/classified-compilation\/20143388\/index.html#a42\">Lebensmittel- und Gebrauchsgegenst\u00e4ndeverordnung, LGV, Art. 42 Abs. 2<\/a><br \/>\n<a href=\"https:\/\/www.fedlex.admin.ch\/eli\/cc\/2024\/457\/de#art_23\">Tabakproduktegesetz, TabPG, Art. 23 Abs. 1,2 und 3<\/a><br \/>\n<a href=\"https:\/\/www.bag.admin.ch\/bag\/de\/home\/strategie-und-politik\/politische-auftraege-und-aktionsplaene\/politische-auftraege-zur-tabakpraevention\/tabakpolitik-schweiz\/tabpg\/faq-tabakvollzug.html\">FAQ zur Umsetzung des Tabakproduktegesetz (BAG)<\/a><\/p>\n<p><br class=\"avia-permanent-lb\" \/><strong>2. Werbeeinschr\u00e4nkungen f\u00fcr alkoholische Getr\u00e4nke sowie f\u00fcr Tabakprodukte und elektronische Zigaretten<\/strong><\/p>\n<p>Das Alkoholgesetz schr\u00e4nkt die Werbung ein und verbietet insbesondere jede Werbung f\u00fcr gebrannte Wasser (Spirituosen, Aperitifs, Alcopops etc.) in Radio und Fernsehen, in und an \u00f6ffentlichen Verkehrsmitteln, auf Sportpl\u00e4tzen sowie an Sportveranstaltungen und an Veranstaltungen, an denen vor allem Kinder und Jugendliche teilnehmen oder die vorwiegend f\u00fcr diese bestimmt sind.<\/p>\n<p>Die Lebensmittel- und Gebrauchsgegenst\u00e4ndeverordnung verbietet jede Werbung f\u00fcr alkoholische Getr\u00e4nke, die sich speziell an Jugendliche unter 18 Jahren richtet, insbesondere an Orten und Veranstaltungen, die haupts\u00e4chlich von Jugendlichen besucht werden; in Publikationen, die sich haupts\u00e4chlich an Jugendliche wenden; auf Gegenst\u00e4nden, die haupts\u00e4chlich von Jugendlichen benutzt oder unentgeltlich an diese abgegeben werden. Zudem d\u00fcrfen alkoholische Getr\u00e4nke nicht Angaben bzw. Abbildungen zeigen, die sich speziell an Jugendliche unter 18 Jahren richten oder entsprechend aufgemacht sind.<\/p>\n<p>Werbung f\u00fcr Tabakprodukte und f\u00fcr elektronische Zigaretten sowie f\u00fcr Gegenst\u00e4nde, die eine funktionale Einheit mit einem Tabakprodukt bilden, die sich an Minderj\u00e4hrige richtet, ist untersagt. Dieses Werbeverbot gilt insbesondere auf Schulmaterial, Spielzeug, Werbegegenst\u00e4nden, die an Minderj\u00e4hrige abgegeben werden, in Medien, die f\u00fcr Minderj\u00e4hrige bestimmt sind, sowie an Orten und Veranstaltungen, die haupts\u00e4chlich von Minderj\u00e4hrigen besucht werden.<\/p>\n<p>Zudem ist die Werbung f\u00fcr die erw\u00e4hnten Produkte auf Plakaten auf \u00f6ffentlichem oder privatem Grund, wenn diese von \u00f6ffentlichem Grund einsehbar ist, sowie in Kinos, in und an \u00f6ffentlichen Verkehrsmitteln, in und an Geb\u00e4uden, die \u00f6ffentlichen Zwecken dienen, sowie auf Sportpl\u00e4tzen sowie an Sportveranstaltungen verboten.<\/p>\n<p>Aufgrund der Annahme der Volksinitiative \u00abJa zum Schutz der Kinder und Jugendlichen vor Tabakwerbung\u00bb (Kinder und Jugendliche ohne Tabakwerbung), werden die aktuellen Bestimmungen derzeit \u00fcberarbeitet, damit Tabak- und Nikotinwerbung Kinder und Jugendliche nicht mehr erreichen kann.<\/p>\n<p><a href=\"https:\/\/www.fedlex.admin.ch\/eli\/oc\/2007\/150\/de\">Bundesgesetz \u00fcber Radio und Fernsehen, RTVG, Art. 10 Abs. 1a, b und c<\/a><br \/>\n<a href=\"https:\/\/www.fedlex.admin.ch\/eli\/cc\/2007\/151\/de#art_16\">Radio- und Fernsehverordnung, RTVV, Art. 16<\/a><br \/>\n<a href=\"https:\/\/www.admin.ch\/opc\/de\/classified-compilation\/19320035\/index.html#a42b\">Alkoholgesetz, AlkG, Art. 42b<\/a><br \/>\n<a href=\"https:\/\/www.admin.ch\/opc\/de\/classified-compilation\/20143388\/index.html#a43\">Lebensmittel- und Gebrauchsgegenst\u00e4ndeverordnung, LGV, Art. 43 Abs. 1 und 2<\/a><br \/>\n<a href=\"https:\/\/www.fedlex.admin.ch\/eli\/cc\/2024\/457\/de#art_18\">Tabakproduktegesetz, TabPG, Art. 18 Abs. 1 und 2<\/a><br \/>\n<a href=\"http:\/\/www.newsd.admin.ch\/newsd\/message\/attachments\/89263.pdf\">Faktenblatt Tabakwerbung (BAG)<\/a><\/p>\n<p><br class=\"avia-permanent-lb\" \/><strong>3. Strafrechtliche Massnahmen<\/strong><\/p>\n<p>Wer einem Kind unter 16Jahren alkoholische Getr\u00e4nke oder andere Stoffe in einer Menge, welche die Gesundheit gef\u00e4hrden kann, verabreicht oder zum Konsum zur Verf\u00fcgung stellt, wird mit Freiheitsstrafe bis zu drei Jahren oder Geldstrafe bestraft.<\/p>\n<p>Mit Busse bis zu 40&#8217;000 Franken wird bestraft, wer vors\u00e4tzlich u. a. den Vorschriften \u00fcber die Abgabe alkoholischer Getr\u00e4nke zuwiderhandelt. Wer fahrl\u00e4ssig handelt, wird mit Busse bis zu 20&#8217;000 Franken bestraft. Handelt die T\u00e4terin oder der T\u00e4ter gewerbsm\u00e4ssig oder mit Bereicherungsabsicht, so betr\u00e4gt die Busse bis zu 80&#8217;000 Franken.<\/p>\n<p>Mit Busse bis zu 40&#8217;000 Franken wird bestraft, wer vors\u00e4tzlich den Vorschriften \u00fcber die Beschr\u00e4nkung der Werbung f\u00fcr alkoholische Getr\u00e4nke zuwiderhandelt oder im Kleinhandel die Handelsverbote des Artikels 41 missachtet. Wer fahrl\u00e4ssig handelt, wird mit Busse bis zu 20&#8217;000 Franken bestraft.<\/p>\n<p>Mit Busse bis zu 40&#8217;000 Franken wird bestraft, wer vors\u00e4tzlich den Vorschriften betreffend Werbung, Verkaufsf\u00f6rderung und Sponsoring und betreffend Abgabe an Minderj\u00e4hrige von Tabakprodukten und elektronischen Zigaretten zuwiderhandelt. Wer fahrl\u00e4ssig handelt, wird mit Busse bis zu 20&#8217;000 Franken bestraft.<\/p>\n<p>Mit Busse bis zu 1&#8217;000 Franken wird bestraft, wer vors\u00e4tzlich oder fahrl\u00e4ssig u. a. gegen das Rauchverbot nach Artikel 2 Absatz 1 verst\u00f6sst und R\u00e4ume, die den Voraussetzungen nach Artikel 2 Absatz 2 nicht entsprechen, als Raucherr\u00e4ume ausgibt.<\/p>\n<p><a href=\"https:\/\/www.fedlex.admin.ch\/eli\/cc\/54\/757_781_799\/de#a136\">Schweizerisches Strafgesetzbuch Art. 136<\/a><br \/>\n<a href=\"https:\/\/www.fedlex.admin.ch\/eli\/oc\/2017\/62\/de\">Lebensmittelgesetz, LMG, Art. 64 Abs. 1h, 2 und 4<\/a><br \/>\n<a href=\"https:\/\/www.fedlex.admin.ch\/eli\/cc\/48\/425_437_457\/de#art_57\">Alkoholgesetz, AlkG, Art. 57 Abs. 3 und 4<\/a><br \/>\n<a href=\"https:\/\/www.fedlex.admin.ch\/eli\/cc\/2024\/457\/de#art_45\">Tabakproduktegesetz, TabPG, Art. 45 Abs. 1c und 1d, Abs. 2<\/a><br \/>\n<a href=\"https:\/\/lex.weblaw.ch\/lex.php?norm_id=818.31&amp;source=SR&amp;lex_id=10217&amp;file=de-pdf_file_a.pdf\">Bundesgesetz zum Schutz vor Passivrauchen Art. 5 Abs. 1a und 1b<\/a><\/p>\n<p><br class=\"avia-permanent-lb\" \/><strong>4. Verwaltungsrechtliche Massnahmen<\/strong><\/p>\n<p>Werden Testk\u00e4ufe durchgef\u00fchrt, sind bei Verst\u00f6ssen gegen die Jugendschutzbestimmungen die kantonalen Beh\u00f6rden zust\u00e4ndig (siehe allf\u00e4llige kantonale Gesetze).<\/p>\n<\/div><\/section><\/p><\/div><\/div><\/div><\/div><!-- close content main div --><\/div><\/div><div id='after_section_1'  class='main_color av_default_container_wrap container_wrap sidebar_right'  ><div class='container av-section-cont-open' ><div class='template-page content  av-content-small alpha units'><div class='post-entry post-entry-type-page post-entry-190'><div class='entry-content-wrapper clearfix'>\n","protected":false},"excerpt":{"rendered":"","protected":false},"author":1,"featured_media":0,"parent":188,"menu_order":31,"comment_status":"closed","ping_status":"closed","template":"","meta":{"inline_featured_image":false,"footnotes":""},"class_list":["post-190","page","type-page","status-publish","hentry"],"_links":{"self":[{"href":"https:\/\/jugendschutz-zentral.ch\/zug\/wp-json\/wp\/v2\/pages\/190","targetHints":{"allow":["GET"]}}],"collection":[{"href":"https:\/\/jugendschutz-zentral.ch\/zug\/wp-json\/wp\/v2\/pages"}],"about":[{"href":"https:\/\/jugendschutz-zentral.ch\/zug\/wp-json\/wp\/v2\/types\/page"}],"author":[{"embeddable":true,"href":"https:\/\/jugendschutz-zentral.ch\/zug\/wp-json\/wp\/v2\/users\/1"}],"replies":[{"embeddable":true,"href":"https:\/\/jugendschutz-zentral.ch\/zug\/wp-json\/wp\/v2\/comments?post=190"}],"version-history":[{"count":3,"href":"https:\/\/jugendschutz-zentral.ch\/zug\/wp-json\/wp\/v2\/pages\/190\/revisions"}],"predecessor-version":[{"id":500,"href":"https:\/\/jugendschutz-zentral.ch\/zug\/wp-json\/wp\/v2\/pages\/190\/revisions\/500"}],"up":[{"embeddable":true,"href":"https:\/\/jugendschutz-zentral.ch\/zug\/wp-json\/wp\/v2\/pages\/188"}],"wp:attachment":[{"href":"https:\/\/jugendschutz-zentral.ch\/zug\/wp-json\/wp\/v2\/media?parent=190"}],"curies":[{"name":"wp","href":"https:\/\/api.w.org\/{rel}","templated":true}]}}