{"id":167,"date":"2023-06-01T11:32:11","date_gmt":"2023-06-01T09:32:11","guid":{"rendered":"http:\/\/wordpress.jugendschutz-zentral.ch\/zug\/?page_id=167"},"modified":"2024-09-24T16:31:13","modified_gmt":"2024-09-24T14:31:13","slug":"onlineschulung","status":"publish","type":"page","link":"https:\/\/jugendschutz-zentral.ch\/zug\/veranstaltende\/onlineschulung\/","title":{"rendered":"Onlineschulung"},"content":{"rendered":"<div id='full_slider_1'  class='avia-fullwidth-slider main_color avia-shadow   avia-builder-el-0  el_before_av_section  avia-builder-el-first   container_wrap sidebar_right'  ><div  class='avia-slideshow av-lneuxarm-af83a7d2f5fb49f6e90196d65b6c1af6 avia-slideshow-featured av_slideshow_full avia-fade-slider av-slideshow-ui av-control-hidden av-no-slider-navigation av-hide-nav-arrows av-slideshow-autoplay av-loop-endless av-loop-manual-endless av-default-height-applied   avia-slideshow-1' data-slideshow-options=\"{&quot;animation&quot;:&quot;fade&quot;,&quot;autoplay&quot;:true,&quot;loop_autoplay&quot;:&quot;endless&quot;,&quot;interval&quot;:10,&quot;loop_manual&quot;:&quot;manual-endless&quot;,&quot;autoplay_stopper&quot;:false,&quot;noNavigation&quot;:true,&quot;bg_slider&quot;:false,&quot;keep_padding&quot;:false,&quot;hoverpause&quot;:false,&quot;show_slide_delay&quot;:0}\"  itemprop=\"image\" itemscope=\"itemscope\" itemtype=\"https:\/\/schema.org\/ImageObject\" ><ul class='avia-slideshow-inner ' style='padding-bottom: 28.666666666667%;'><li  class='avia-slideshow-slide av-lneuxarm-af83a7d2f5fb49f6e90196d65b6c1af6__0  slide-1 slide-odd'><div data-rel='slideshow-1' class='avia-slide-wrap '   ><img decoding=\"async\" fetchpriority=\"high\" class=\"wp-image-305 avia-img-lazy-loading-not-305\"  src=\"https:\/\/jugendschutz-zentral.ch\/zug\/wp-content\/uploads\/sites\/6\/2023\/10\/banner_21-1500x430.jpg\" width=\"1500\" height=\"430\" title='Vapes rauchen' alt=''  itemprop=\"thumbnailUrl\"  style='min-height:150px; min-width:524px; ' \/><\/div><\/li><li  class='avia-slideshow-slide av-lneuxarm-af83a7d2f5fb49f6e90196d65b6c1af6__1  slide-2 slide-even'><div data-rel='slideshow-1' class='avia-slide-wrap '   ><img decoding=\"async\" fetchpriority=\"high\" class=\"wp-image-377 avia-img-lazy-loading-not-377\"  src=\"https:\/\/jugendschutz-zentral.ch\/zug\/wp-content\/uploads\/sites\/6\/2023\/10\/banner_28-1500x430.jpg\" width=\"1500\" height=\"430\" title='Frau mit Snus' alt=''  itemprop=\"thumbnailUrl\"  style='min-height:150px; min-width:524px; ' \/><\/div><\/li><li  class='avia-slideshow-slide av-lneuxarm-af83a7d2f5fb49f6e90196d65b6c1af6__2  slide-3 slide-odd'><div data-rel='slideshow-1' class='avia-slide-wrap '   ><img decoding=\"async\" fetchpriority=\"high\" class=\"wp-image-302 avia-img-lazy-loading-not-302\"  src=\"https:\/\/jugendschutz-zentral.ch\/zug\/wp-content\/uploads\/sites\/6\/2023\/10\/banner_02-1500x430.jpg\" width=\"1500\" height=\"430\" title='Prost' alt=''  itemprop=\"thumbnailUrl\"  style='min-height:150px; min-width:524px; ' \/><\/div><\/li><li  class='avia-slideshow-slide av-lneuxarm-af83a7d2f5fb49f6e90196d65b6c1af6__3  slide-4 slide-even'><div data-rel='slideshow-1' class='avia-slide-wrap '   ><img decoding=\"async\" fetchpriority=\"high\" class=\"wp-image-375 avia-img-lazy-loading-not-375\"  src=\"https:\/\/jugendschutz-zentral.ch\/zug\/wp-content\/uploads\/sites\/6\/2023\/10\/banner_26-1500x430.jpg\" width=\"1500\" height=\"430\" title='Barbetrieb' alt=''  itemprop=\"thumbnailUrl\"  style='min-height:150px; min-width:524px; ' \/><\/div><\/li><li  class='avia-slideshow-slide av-lneuxarm-af83a7d2f5fb49f6e90196d65b6c1af6__4  slide-5 slide-odd'><div data-rel='slideshow-1' class='avia-slide-wrap '   ><img decoding=\"async\" fetchpriority=\"high\" class=\"wp-image-307 avia-img-lazy-loading-not-307\"  src=\"https:\/\/jugendschutz-zentral.ch\/zug\/wp-content\/uploads\/sites\/6\/2023\/10\/banner_22-1500x430.jpg\" width=\"1500\" height=\"430\" title='Bier kaufen' alt=''  itemprop=\"thumbnailUrl\"  style='min-height:150px; min-width:524px; ' \/><\/div><\/li><li  class='avia-slideshow-slide av-lneuxarm-af83a7d2f5fb49f6e90196d65b6c1af6__5  slide-6 slide-even'><div data-rel='slideshow-1' class='avia-slide-wrap '   ><img decoding=\"async\" fetchpriority=\"high\" class=\"wp-image-376 avia-img-lazy-loading-not-376\"  src=\"https:\/\/jugendschutz-zentral.ch\/zug\/wp-content\/uploads\/sites\/6\/2023\/10\/banner_27-1500x430.jpg\" width=\"1500\" height=\"430\" title='Auswahl an Vapes' alt=''  itemprop=\"thumbnailUrl\"  style='min-height:150px; min-width:524px; ' \/><\/div><\/li><li  class='avia-slideshow-slide av-lneuxarm-af83a7d2f5fb49f6e90196d65b6c1af6__6  slide-7 slide-odd'><div data-rel='slideshow-1' class='avia-slide-wrap '   ><img decoding=\"async\" fetchpriority=\"high\" class=\"wp-image-309 avia-img-lazy-loading-not-309\"  src=\"https:\/\/jugendschutz-zentral.ch\/zug\/wp-content\/uploads\/sites\/6\/2023\/10\/banner_23-1500x430.jpg\" width=\"1500\" height=\"430\" title='Rauchen am Open Air' alt=''  itemprop=\"thumbnailUrl\"  style='min-height:150px; min-width:524px; ' \/><\/div><\/li><li  class='avia-slideshow-slide av-lneuxarm-af83a7d2f5fb49f6e90196d65b6c1af6__7  slide-8 slide-even'><div data-rel='slideshow-1' class='avia-slide-wrap '   ><img decoding=\"async\" fetchpriority=\"high\" class=\"wp-image-303 avia-img-lazy-loading-not-303\"  src=\"https:\/\/jugendschutz-zentral.ch\/zug\/wp-content\/uploads\/sites\/6\/2023\/10\/banner_03-1500x430.jpg\" width=\"1500\" height=\"430\" title='Whiskey eingiessen' alt=''  itemprop=\"thumbnailUrl\"  style='min-height:150px; min-width:524px; ' \/><\/div><\/li><li  class='avia-slideshow-slide av-lneuxarm-af83a7d2f5fb49f6e90196d65b6c1af6__8  slide-9 slide-odd'><div data-rel='slideshow-1' class='avia-slide-wrap '   ><img decoding=\"async\" fetchpriority=\"high\" class=\"wp-image-301 avia-img-lazy-loading-not-301\"  src=\"https:\/\/jugendschutz-zentral.ch\/zug\/wp-content\/uploads\/sites\/6\/2023\/10\/banner_01-1500x430.jpg\" width=\"1500\" height=\"430\" title='Alkohol an Party' alt=''  itemprop=\"thumbnailUrl\"  style='min-height:150px; min-width:524px; ' \/><\/div><\/li><li  class='avia-slideshow-slide av-lneuxarm-af83a7d2f5fb49f6e90196d65b6c1af6__9  slide-10 slide-even'><div data-rel='slideshow-1' class='avia-slide-wrap '   ><img decoding=\"async\" fetchpriority=\"high\" class=\"wp-image-374 avia-img-lazy-loading-not-374\"  src=\"https:\/\/jugendschutz-zentral.ch\/zug\/wp-content\/uploads\/sites\/6\/2023\/10\/banner_25-1500x430.jpg\" width=\"1500\" height=\"430\" title='Wein servieren' alt=''  itemprop=\"thumbnailUrl\"  style='min-height:150px; min-width:524px; ' \/><\/div><\/li><li  class='avia-slideshow-slide av-lneuxarm-af83a7d2f5fb49f6e90196d65b6c1af6__10  slide-11 slide-odd'><div data-rel='slideshow-1' class='avia-slide-wrap '   ><img decoding=\"async\" fetchpriority=\"high\" class=\"wp-image-311 avia-img-lazy-loading-not-311\"  src=\"https:\/\/jugendschutz-zentral.ch\/zug\/wp-content\/uploads\/sites\/6\/2023\/10\/banner_24-1500x430.jpg\" width=\"1500\" height=\"430\" title='Bezahlen im Shop' alt=''  itemprop=\"thumbnailUrl\"  style='min-height:150px; min-width:524px; ' \/><\/div><\/li><li  class='avia-slideshow-slide av-lneuxarm-af83a7d2f5fb49f6e90196d65b6c1af6__11  slide-12 slide-even'><div data-rel='slideshow-1' class='avia-slide-wrap '   ><img decoding=\"async\" fetchpriority=\"high\" class=\"wp-image-304 avia-img-lazy-loading-not-304\"  src=\"https:\/\/jugendschutz-zentral.ch\/zug\/wp-content\/uploads\/sites\/6\/2023\/10\/banner_04-1500x430.jpg\" width=\"1500\" height=\"430\" title='Hands up am Konzert' alt=''  itemprop=\"thumbnailUrl\"  style='min-height:150px; min-width:524px; ' \/><\/div><\/li><\/ul><div class='avia-slideshow-arrows avia-slideshow-controls' ><a href='#prev' class='prev-slide  avia-svg-icon avia-font-svg_entypo-fontello' data-av_svg_icon='left-open-big' data-av_iconset='svg_entypo-fontello' tabindex='-1' title=\"Zur\u00fcck\"><svg version=\"1.1\" xmlns=\"http:\/\/www.w3.org\/2000\/svg\" width=\"15\" height=\"32\" viewBox=\"0 0 15 32\" preserveAspectRatio=\"xMidYMid meet\" aria-labelledby='av-svg-title-1' aria-describedby='av-svg-desc-1' role=\"graphics-symbol\" aria-hidden=\"true\">\n<title id='av-svg-title-1'>Zur\u00fcck<\/title>\n<desc id='av-svg-desc-1'>Zur\u00fcck<\/desc>\n<path d=\"M14.464 27.84q0.832 0.832 0 1.536-0.832 0.832-1.536 0l-12.544-12.608q-0.768-0.768 0-1.6l12.544-12.608q0.704-0.832 1.536 0 0.832 0.704 0 1.536l-11.456 11.904z\"><\/path>\n<\/svg><span class='avia_hidden_link_text'>Zur\u00fcck<\/span><\/a><a href='#next' class='next-slide  avia-svg-icon avia-font-svg_entypo-fontello' data-av_svg_icon='right-open-big' data-av_iconset='svg_entypo-fontello' tabindex='-1' title=\"Weiter\"><svg version=\"1.1\" xmlns=\"http:\/\/www.w3.org\/2000\/svg\" width=\"15\" height=\"32\" viewBox=\"0 0 15 32\" preserveAspectRatio=\"xMidYMid meet\" aria-labelledby='av-svg-title-2' aria-describedby='av-svg-desc-2' role=\"graphics-symbol\" aria-hidden=\"true\">\n<title id='av-svg-title-2'>Weiter<\/title>\n<desc id='av-svg-desc-2'>Weiter<\/desc>\n<path d=\"M0.416 27.84l11.456-11.84-11.456-11.904q-0.832-0.832 0-1.536 0.832-0.832 1.536 0l12.544 12.608q0.768 0.832 0 1.6l-12.544 12.608q-0.704 0.832-1.536 0-0.832-0.704 0-1.536z\"><\/path>\n<\/svg><span class='avia_hidden_link_text'>Weiter<\/span><\/a><\/div><\/div><\/div>\n<div id='av_section_1'  class='avia-section av-g5atr-bfc4e4d716b2c1e570716892f5ea2fd3 main_color avia-section-huge avia-no-border-styling  avia-builder-el-1  el_after_av_slideshow_full  avia-builder-el-last  avia-bg-style-scroll container_wrap sidebar_right'  ><div class='container av-section-cont-open' ><div class='template-page content  av-content-small alpha units'><div class='post-entry post-entry-type-page post-entry-167'><div class='entry-content-wrapper clearfix'>\n\n<style type=\"text\/css\" data-created_by=\"avia_inline_auto\" id=\"style-css-av-b13nj-281b4f42db9e0338166336b8a480549e\">\n#top .flex_column.av-b13nj-281b4f42db9e0338166336b8a480549e{\nmargin-top:-200px;\nmargin-bottom:0px;\n}\n.flex_column.av-b13nj-281b4f42db9e0338166336b8a480549e{\npadding:30px 30px 30px 30px;\nbackground-color:#ffffff;\n}\n.responsive #top #wrap_all .flex_column.av-b13nj-281b4f42db9e0338166336b8a480549e{\nmargin-top:-200px;\nmargin-bottom:0px;\n}\n<\/style>\n<div  class='flex_column av-b13nj-281b4f42db9e0338166336b8a480549e av_one_full  avia-builder-el-2  avia-builder-el-no-sibling  first flex_column_div  '     ><p>\n<style type=\"text\/css\" data-created_by=\"avia_inline_auto\" id=\"style-css-av-licxtb06-ff0bd7dd25ed739ac8f1fcb478138b35\">\n#top .av-special-heading.av-licxtb06-ff0bd7dd25ed739ac8f1fcb478138b35{\npadding-bottom:10px;\n}\nbody .av-special-heading.av-licxtb06-ff0bd7dd25ed739ac8f1fcb478138b35 .av-special-heading-tag .heading-char{\nfont-size:25px;\n}\n.av-special-heading.av-licxtb06-ff0bd7dd25ed739ac8f1fcb478138b35 .av-subheading{\nfont-size:15px;\n}\n<\/style>\n<div  class='av-special-heading av-licxtb06-ff0bd7dd25ed739ac8f1fcb478138b35 av-special-heading-h2  avia-builder-el-3  el_before_av_textblock  avia-builder-el-first '><h2 class='av-special-heading-tag '  itemprop=\"headline\"  >Onlineschulung<\/h2><div class=\"special-heading-border\"><div class=\"special-heading-inner-border\"><\/div><\/div><\/div><br \/>\n<section  class='av_textblock_section av-licxtitb-344d9c1d3e007181fd5ce586fe1ba33c '   itemscope=\"itemscope\" itemtype=\"https:\/\/schema.org\/CreativeWork\" ><div class='avia_textblock'  itemprop=\"text\" ><p>F\u00fcr Personen, die an Festveranstaltungen arbeiten und Alkohol ausschenken und Tabak verkaufen, gibt es eine kostenlose Online-Schulung auf <a href=\"http:\/\/www.age-check.ch\/\" target=\"_blank\" rel=\"noopener noreferrer\">www.age-check.ch<\/a>. Neben einer \u00dcbersicht \u00fcber die aktuellen gesetzlichen Bestimmungen setzen sich die Teilnehmenden mit m\u00f6glichen Situationen in der Praxis auseinander und sind sensibilisiert f\u00fcr Fragen im Zusammenhang mit dem Alkoholkonsum von Jugendlichen und dem neuen Tabakproduktegesetz.<\/p>\n<\/div><\/section><\/p><\/div><\/div><\/div><\/div><!-- close content main div --><\/div><\/div><div id='after_section_1'  class='main_color av_default_container_wrap container_wrap sidebar_right'  ><div class='container av-section-cont-open' ><div class='template-page content  av-content-small alpha units'><div class='post-entry post-entry-type-page post-entry-167'><div class='entry-content-wrapper clearfix'>\n","protected":false},"excerpt":{"rendered":"","protected":false},"author":1,"featured_media":0,"parent":161,"menu_order":13,"comment_status":"closed","ping_status":"closed","template":"","meta":{"inline_featured_image":false,"footnotes":""},"class_list":["post-167","page","type-page","status-publish","hentry"],"_links":{"self":[{"href":"https:\/\/jugendschutz-zentral.ch\/zug\/wp-json\/wp\/v2\/pages\/167","targetHints":{"allow":["GET"]}}],"collection":[{"href":"https:\/\/jugendschutz-zentral.ch\/zug\/wp-json\/wp\/v2\/pages"}],"about":[{"href":"https:\/\/jugendschutz-zentral.ch\/zug\/wp-json\/wp\/v2\/types\/page"}],"author":[{"embeddable":true,"href":"https:\/\/jugendschutz-zentral.ch\/zug\/wp-json\/wp\/v2\/users\/1"}],"replies":[{"embeddable":true,"href":"https:\/\/jugendschutz-zentral.ch\/zug\/wp-json\/wp\/v2\/comments?post=167"}],"version-history":[{"count":0,"href":"https:\/\/jugendschutz-zentral.ch\/zug\/wp-json\/wp\/v2\/pages\/167\/revisions"}],"up":[{"embeddable":true,"href":"https:\/\/jugendschutz-zentral.ch\/zug\/wp-json\/wp\/v2\/pages\/161"}],"wp:attachment":[{"href":"https:\/\/jugendschutz-zentral.ch\/zug\/wp-json\/wp\/v2\/media?parent=167"}],"curies":[{"name":"wp","href":"https:\/\/api.w.org\/{rel}","templated":true}]}}