{"id":163,"date":"2023-06-01T11:29:59","date_gmt":"2023-06-01T09:29:59","guid":{"rendered":"http:\/\/wordpress.jugendschutz-zentral.ch\/zug\/?page_id=163"},"modified":"2024-09-07T13:58:28","modified_gmt":"2024-09-07T11:58:28","slug":"veranstaltungen-planen","status":"publish","type":"page","link":"https:\/\/jugendschutz-zentral.ch\/zug\/veranstaltende\/veranstaltungen-planen\/","title":{"rendered":"Veranstaltungen planen"},"content":{"rendered":"<div id='full_slider_1'  class='avia-fullwidth-slider main_color avia-shadow   avia-builder-el-0  el_before_av_section  avia-builder-el-first   container_wrap sidebar_right'  ><div  class='avia-slideshow av-lo94rby6-19542a1d4d598ae7e26bf6ed929d6bb9 avia-slideshow-featured av_slideshow_full avia-fade-slider av-slideshow-ui av-control-hidden av-no-slider-navigation av-hide-nav-arrows av-slideshow-autoplay av-loop-endless av-loop-manual-endless av-default-height-applied   avia-slideshow-1' data-slideshow-options=\"{&quot;animation&quot;:&quot;fade&quot;,&quot;autoplay&quot;:true,&quot;loop_autoplay&quot;:&quot;endless&quot;,&quot;interval&quot;:10,&quot;loop_manual&quot;:&quot;manual-endless&quot;,&quot;autoplay_stopper&quot;:false,&quot;noNavigation&quot;:true,&quot;bg_slider&quot;:false,&quot;keep_padding&quot;:false,&quot;hoverpause&quot;:false,&quot;show_slide_delay&quot;:0}\"  itemprop=\"image\" itemscope=\"itemscope\" itemtype=\"https:\/\/schema.org\/ImageObject\" ><ul class='avia-slideshow-inner ' style='padding-bottom: 28.666666666667%;'><li  class='avia-slideshow-slide av-lo94rby6-19542a1d4d598ae7e26bf6ed929d6bb9__0  slide-1 slide-odd'><div data-rel='slideshow-1' class='avia-slide-wrap '   ><img decoding=\"async\" fetchpriority=\"high\" class=\"wp-image-375 avia-img-lazy-loading-not-375\"  src=\"https:\/\/jugendschutz-zentral.ch\/zug\/wp-content\/uploads\/sites\/6\/2023\/10\/banner_26-1500x430.jpg\" width=\"1500\" height=\"430\" title='Barbetrieb' alt=''  itemprop=\"thumbnailUrl\"  style='min-height:150px; min-width:524px; ' \/><\/div><\/li><li  class='avia-slideshow-slide av-lo94rby6-19542a1d4d598ae7e26bf6ed929d6bb9__1  slide-2 slide-even'><div data-rel='slideshow-1' class='avia-slide-wrap '   ><img decoding=\"async\" fetchpriority=\"high\" class=\"wp-image-374 avia-img-lazy-loading-not-374\"  src=\"https:\/\/jugendschutz-zentral.ch\/zug\/wp-content\/uploads\/sites\/6\/2023\/10\/banner_25-1500x430.jpg\" width=\"1500\" height=\"430\" title='Wein servieren' alt=''  itemprop=\"thumbnailUrl\"  style='min-height:150px; min-width:524px; ' \/><\/div><\/li><li  class='avia-slideshow-slide av-lo94rby6-19542a1d4d598ae7e26bf6ed929d6bb9__2  slide-3 slide-odd'><div data-rel='slideshow-1' class='avia-slide-wrap '   ><img decoding=\"async\" fetchpriority=\"high\" class=\"wp-image-307 avia-img-lazy-loading-not-307\"  src=\"https:\/\/jugendschutz-zentral.ch\/zug\/wp-content\/uploads\/sites\/6\/2023\/10\/banner_22-1500x430.jpg\" width=\"1500\" height=\"430\" title='Bier kaufen' alt=''  itemprop=\"thumbnailUrl\"  style='min-height:150px; min-width:524px; ' \/><\/div><\/li><li  class='avia-slideshow-slide av-lo94rby6-19542a1d4d598ae7e26bf6ed929d6bb9__3  slide-4 slide-even'><div data-rel='slideshow-1' class='avia-slide-wrap '   ><img decoding=\"async\" fetchpriority=\"high\" class=\"wp-image-309 avia-img-lazy-loading-not-309\"  src=\"https:\/\/jugendschutz-zentral.ch\/zug\/wp-content\/uploads\/sites\/6\/2023\/10\/banner_23-1500x430.jpg\" width=\"1500\" height=\"430\" title='Rauchen am Open Air' alt=''  itemprop=\"thumbnailUrl\"  style='min-height:150px; min-width:524px; ' \/><\/div><\/li><li  class='avia-slideshow-slide av-lo94rby6-19542a1d4d598ae7e26bf6ed929d6bb9__4  slide-5 slide-odd'><div data-rel='slideshow-1' class='avia-slide-wrap '   ><img decoding=\"async\" fetchpriority=\"high\" class=\"wp-image-376 avia-img-lazy-loading-not-376\"  src=\"https:\/\/jugendschutz-zentral.ch\/zug\/wp-content\/uploads\/sites\/6\/2023\/10\/banner_27-1500x430.jpg\" width=\"1500\" height=\"430\" title='Auswahl an Vapes' alt=''  itemprop=\"thumbnailUrl\"  style='min-height:150px; min-width:524px; ' \/><\/div><\/li><li  class='avia-slideshow-slide av-lo94rby6-19542a1d4d598ae7e26bf6ed929d6bb9__5  slide-6 slide-even'><div data-rel='slideshow-1' class='avia-slide-wrap '   ><img decoding=\"async\" fetchpriority=\"high\" class=\"wp-image-302 avia-img-lazy-loading-not-302\"  src=\"https:\/\/jugendschutz-zentral.ch\/zug\/wp-content\/uploads\/sites\/6\/2023\/10\/banner_02-1500x430.jpg\" width=\"1500\" height=\"430\" title='Prost' alt=''  itemprop=\"thumbnailUrl\"  style='min-height:150px; min-width:524px; ' \/><\/div><\/li><li  class='avia-slideshow-slide av-lo94rby6-19542a1d4d598ae7e26bf6ed929d6bb9__6  slide-7 slide-odd'><div data-rel='slideshow-1' class='avia-slide-wrap '   ><img decoding=\"async\" fetchpriority=\"high\" class=\"wp-image-377 avia-img-lazy-loading-not-377\"  src=\"https:\/\/jugendschutz-zentral.ch\/zug\/wp-content\/uploads\/sites\/6\/2023\/10\/banner_28-1500x430.jpg\" width=\"1500\" height=\"430\" title='Frau mit Snus' alt=''  itemprop=\"thumbnailUrl\"  style='min-height:150px; min-width:524px; ' \/><\/div><\/li><li  class='avia-slideshow-slide av-lo94rby6-19542a1d4d598ae7e26bf6ed929d6bb9__7  slide-8 slide-even'><div data-rel='slideshow-1' class='avia-slide-wrap '   ><img decoding=\"async\" fetchpriority=\"high\" class=\"wp-image-303 avia-img-lazy-loading-not-303\"  src=\"https:\/\/jugendschutz-zentral.ch\/zug\/wp-content\/uploads\/sites\/6\/2023\/10\/banner_03-1500x430.jpg\" width=\"1500\" height=\"430\" title='Whiskey eingiessen' alt=''  itemprop=\"thumbnailUrl\"  style='min-height:150px; min-width:524px; ' \/><\/div><\/li><li  class='avia-slideshow-slide av-lo94rby6-19542a1d4d598ae7e26bf6ed929d6bb9__8  slide-9 slide-odd'><div data-rel='slideshow-1' class='avia-slide-wrap '   ><img decoding=\"async\" fetchpriority=\"high\" class=\"wp-image-301 avia-img-lazy-loading-not-301\"  src=\"https:\/\/jugendschutz-zentral.ch\/zug\/wp-content\/uploads\/sites\/6\/2023\/10\/banner_01-1500x430.jpg\" width=\"1500\" height=\"430\" title='Alkohol an Party' alt=''  itemprop=\"thumbnailUrl\"  style='min-height:150px; min-width:524px; ' \/><\/div><\/li><li  class='avia-slideshow-slide av-lo94rby6-19542a1d4d598ae7e26bf6ed929d6bb9__9  slide-10 slide-even'><div data-rel='slideshow-1' class='avia-slide-wrap '   ><img decoding=\"async\" fetchpriority=\"high\" class=\"wp-image-304 avia-img-lazy-loading-not-304\"  src=\"https:\/\/jugendschutz-zentral.ch\/zug\/wp-content\/uploads\/sites\/6\/2023\/10\/banner_04-1500x430.jpg\" width=\"1500\" height=\"430\" title='Hands up am Konzert' alt=''  itemprop=\"thumbnailUrl\"  style='min-height:150px; min-width:524px; ' \/><\/div><\/li><li  class='avia-slideshow-slide av-lo94rby6-19542a1d4d598ae7e26bf6ed929d6bb9__10  slide-11 slide-odd'><div data-rel='slideshow-1' class='avia-slide-wrap '   ><img decoding=\"async\" fetchpriority=\"high\" class=\"wp-image-311 avia-img-lazy-loading-not-311\"  src=\"https:\/\/jugendschutz-zentral.ch\/zug\/wp-content\/uploads\/sites\/6\/2023\/10\/banner_24-1500x430.jpg\" width=\"1500\" height=\"430\" title='Bezahlen im Shop' alt=''  itemprop=\"thumbnailUrl\"  style='min-height:150px; min-width:524px; ' \/><\/div><\/li><li  class='avia-slideshow-slide av-lo94rby6-19542a1d4d598ae7e26bf6ed929d6bb9__11  slide-12 slide-even'><div data-rel='slideshow-1' class='avia-slide-wrap '   ><img decoding=\"async\" fetchpriority=\"high\" class=\"wp-image-305 avia-img-lazy-loading-not-305\"  src=\"https:\/\/jugendschutz-zentral.ch\/zug\/wp-content\/uploads\/sites\/6\/2023\/10\/banner_21-1500x430.jpg\" width=\"1500\" height=\"430\" title='Vapes rauchen' alt=''  itemprop=\"thumbnailUrl\"  style='min-height:150px; min-width:524px; ' \/><\/div><\/li><\/ul><div class='avia-slideshow-arrows avia-slideshow-controls' ><a href='#prev' class='prev-slide  avia-svg-icon avia-font-svg_entypo-fontello' data-av_svg_icon='left-open-big' data-av_iconset='svg_entypo-fontello' tabindex='-1' title=\"Zur\u00fcck\"><svg version=\"1.1\" xmlns=\"http:\/\/www.w3.org\/2000\/svg\" width=\"15\" height=\"32\" viewBox=\"0 0 15 32\" preserveAspectRatio=\"xMidYMid meet\" aria-labelledby='av-svg-title-1' aria-describedby='av-svg-desc-1' role=\"graphics-symbol\" aria-hidden=\"true\">\n<title id='av-svg-title-1'>Zur\u00fcck<\/title>\n<desc id='av-svg-desc-1'>Zur\u00fcck<\/desc>\n<path d=\"M14.464 27.84q0.832 0.832 0 1.536-0.832 0.832-1.536 0l-12.544-12.608q-0.768-0.768 0-1.6l12.544-12.608q0.704-0.832 1.536 0 0.832 0.704 0 1.536l-11.456 11.904z\"><\/path>\n<\/svg><span class='avia_hidden_link_text'>Zur\u00fcck<\/span><\/a><a href='#next' class='next-slide  avia-svg-icon avia-font-svg_entypo-fontello' data-av_svg_icon='right-open-big' data-av_iconset='svg_entypo-fontello' tabindex='-1' title=\"Weiter\"><svg version=\"1.1\" xmlns=\"http:\/\/www.w3.org\/2000\/svg\" width=\"15\" height=\"32\" viewBox=\"0 0 15 32\" preserveAspectRatio=\"xMidYMid meet\" aria-labelledby='av-svg-title-2' aria-describedby='av-svg-desc-2' role=\"graphics-symbol\" aria-hidden=\"true\">\n<title id='av-svg-title-2'>Weiter<\/title>\n<desc id='av-svg-desc-2'>Weiter<\/desc>\n<path d=\"M0.416 27.84l11.456-11.84-11.456-11.904q-0.832-0.832 0-1.536 0.832-0.832 1.536 0l12.544 12.608q0.768 0.832 0 1.6l-12.544 12.608q-0.704 0.832-1.536 0-0.832-0.704 0-1.536z\"><\/path>\n<\/svg><span class='avia_hidden_link_text'>Weiter<\/span><\/a><\/div><\/div><\/div>\n<div id='av_section_1'  class='avia-section av-emkwz-d92d78e36cabd19d5111d6e18285ceb9 main_color avia-section-huge avia-no-border-styling  avia-builder-el-1  el_after_av_slideshow_full  avia-builder-el-last  avia-bg-style-scroll container_wrap sidebar_right'  ><div class='container av-section-cont-open' ><div class='template-page content  av-content-small alpha units'><div class='post-entry post-entry-type-page post-entry-163'><div class='entry-content-wrapper clearfix'>\n\n<style type=\"text\/css\" data-created_by=\"avia_inline_auto\" id=\"style-css-av-733rn-6c5b1d5a0904a821de31c0c3aebfaa03\">\n#top .flex_column.av-733rn-6c5b1d5a0904a821de31c0c3aebfaa03{\nmargin-top:-200px;\nmargin-bottom:0px;\n}\n.flex_column.av-733rn-6c5b1d5a0904a821de31c0c3aebfaa03{\npadding:30px 30px 30px 30px;\nbackground-color:#ffffff;\n}\n.responsive #top #wrap_all .flex_column.av-733rn-6c5b1d5a0904a821de31c0c3aebfaa03{\nmargin-top:-200px;\nmargin-bottom:0px;\n}\n<\/style>\n<div  class='flex_column av-733rn-6c5b1d5a0904a821de31c0c3aebfaa03 av_one_full  avia-builder-el-2  avia-builder-el-no-sibling  first flex_column_div  '     ><p>\n<style type=\"text\/css\" data-created_by=\"avia_inline_auto\" id=\"style-css-av-licxoswm-5f93c0b5ae754b7834c7dfdddfed657c\">\n#top .av-special-heading.av-licxoswm-5f93c0b5ae754b7834c7dfdddfed657c{\npadding-bottom:10px;\n}\nbody .av-special-heading.av-licxoswm-5f93c0b5ae754b7834c7dfdddfed657c .av-special-heading-tag .heading-char{\nfont-size:25px;\n}\n.av-special-heading.av-licxoswm-5f93c0b5ae754b7834c7dfdddfed657c .av-subheading{\nfont-size:15px;\n}\n<\/style>\n<div  class='av-special-heading av-licxoswm-5f93c0b5ae754b7834c7dfdddfed657c av-special-heading-h2  avia-builder-el-3  el_before_av_hr  avia-builder-el-first '><h2 class='av-special-heading-tag '  itemprop=\"headline\"  >Veranstaltungen planen<\/h2><div class=\"special-heading-border\"><div class=\"special-heading-inner-border\"><\/div><\/div><\/div><br \/>\n\n<style type=\"text\/css\" data-created_by=\"avia_inline_auto\" id=\"style-css-av-lng9n8sc-5adf06779335e5b8dd5feb031ad62b81\">\n#top .hr.hr-invisible.av-lng9n8sc-5adf06779335e5b8dd5feb031ad62b81{\nheight:13px;\n}\n<\/style>\n<div  class='hr av-lng9n8sc-5adf06779335e5b8dd5feb031ad62b81 hr-invisible  avia-builder-el-4  el_after_av_heading  el_before_av_textblock '><span class='hr-inner '><span class=\"hr-inner-style\"><\/span><\/span><\/div><br \/>\n<section  class='av_textblock_section av-licxqo0d-d210aa49f6b8b94d9d5719db19249306 '   itemscope=\"itemscope\" itemtype=\"https:\/\/schema.org\/CreativeWork\" ><div class='avia_textblock'  itemprop=\"text\" ><p><strong>Bewilligungsverfahren<\/strong><\/p>\n<p>Im Kanton Zug ist die Gemeindeverwaltung am Veranstaltungsort Anlauf- und Auskunftsstelle f\u00fcr Bewilligungen. Sie gibt Auskunft \u00fcber das Vorgehen beim Bewilligungsverfahren und \u00fcber die Bewilligungskriterien. Erfahrungsgem\u00e4ss kann Ihnen die Bewilligungsbeh\u00f6rde auch Ratschl\u00e4ge geben, die einen gewissen Schutz vor Unannehmlichkeiten bieten. Die Gesuche sind immer bei der Standortgemeinde der Veranstaltung einzureichen. Je fr\u00fcher Sie die Standortgemeinde kontaktieren, desto besser. Je nach Art und Gr\u00f6sse der Veranstaltung m\u00fcssen Sie unter Umst\u00e4nden ausf\u00fchrliche Konzepte einreichen sowie verschiedene Bewilligungen einholen.<\/p>\n<p>Sie planen einen Anlass und wissen nicht wie vorgehen? <a href=\"https:\/\/www.zg.ch\/behoerden\/sicherheitsdirektion\/zuger-polizei\/dienstleistungen\/anlass-meldung-und-bewilligung\" target=\"_blank\" rel=\"noopener\">Hier<\/a> finden sie Unterst\u00fctzung.<\/p>\n<p><strong>Kontakt Gemeinden<\/strong><\/p>\n<p><a href=\"http:\/\/www.baar.ch\/de\/politikverwaltung\/dienstleistungen\/welcome.php?dienst_id=25377\" target=\"_blank\" rel=\"noopener\">Baar<\/a><\/p>\n<p><a href=\"http:\/\/www.stadtzug.ch\/de\/verwaltungpolitik\/verwaltung\/dienstleistungen\/welcome.php?dienst_id=3272\" target=\"_blank\" rel=\"noopener\">Zug<\/a><\/p>\n<p><a href=\"http:\/\/www.cham.ch\/de\/wohneninfrastruktur\/infrastruktur\/sicherheit\/?action=showthema&amp;themenbereich_id=1091&amp;thema_id=3230\" target=\"_blank\" rel=\"noopener\">Cham<\/a><\/p>\n<p><a href=\"https:\/\/www.zg.ch\/behoerden\/gemeinden\/hunenberg\/de\/verwaltung\/sicherheit-und-umwelt\/polizeiamt\/bewilligungen-im-sicherheitsbereich\" target=\"_blank\" rel=\"noopener\">H\u00fcnenberg<\/a><\/p>\n<p><a href=\"https:\/\/www.zg.ch\/behoerden\/gemeinden\/menzingen\/de\/verwaltung\/verwaltung\/aemter-und-stellen\/zentrale-dienste-1\" target=\"_blank\" rel=\"noopener\">Menzingen<\/a><\/p>\n<p><a href=\"https:\/\/www.neuheim.ch\/dienstleistungen\/58712\" target=\"_blank\" rel=\"noopener\">Neuheim<\/a><\/p>\n<p><a href=\"https:\/\/www.oberaegeri.ch\/online-schalter\/24733\/detail\" target=\"_blank\" rel=\"noopener\">Ober\u00e4geri<\/a><\/p>\n<p><a href=\"https:\/\/www.zg.ch\/behoerden\/gemeinden\/risch-rotkreuz\/gemeinde\" target=\"_blank\" rel=\"noopener\">Risch<\/a><\/p>\n<p><a href=\"https:\/\/www.zg.ch\/behoerden\/gemeinden\/steinhausen\/verwaltung\/sicherheit-und-bevoelkerungsschutz\/bewilligungen\" target=\"_blank\" rel=\"noopener\">Steinhausen<\/a><\/p>\n<p><a href=\"https:\/\/www.unteraegeri.ch\/bewilligungen\/59894\" target=\"_blank\" rel=\"noopener\">Unter\u00e4geri<\/a><\/p>\n<p><a href=\"https:\/\/www.walchwil.ch\/verwaltung\/abteilungen\/infrastruktur-sicherheit\/polizeiamt.html\/230\" target=\"_blank\" rel=\"noopener\">Walchwil<\/a><\/p>\n<p><strong><br \/>\nHilfreicher <a href=\"https:\/\/zg.ch\/de\/gesundheit\/gesund-bleiben\/informationen-fuer-veranstaltende\/schall-und-laser\" target=\"_blank\" rel=\"noopener\">Link<\/a> bei Musikveranstaltungen<\/strong><\/p>\n<p><strong><br \/>\nJugendschutz planen und veranstalten<\/strong><\/p>\n<p>Machen Sie sich Gedanken, wie Sie die Jugendschutzbestimmungen an Ihrer Veranstaltung umsetzen. Die\u00a0<a class=\"doclink docman_track_download k-ui-namespace\" href=\"http:\/\/jugendschutz-zentral.ch\/zug\/download\/12\/zug\/142\/checkliste-jugendschutz-veranstaltungen-kurz.pdf\" type=\"application\/pdf\" data-title=\"Checkliste Jugendschutz Veranstaltungen (kurz)\" data-id=\"103\" data-processed=\"data-processed\">Checkliste Jugendschutz Veranstaltungen (kurz)\u00a0(154 KB)\u00a0<\/a>hilft Ihnen dabei. Bestellen Sie Jugendschutzmaterialien (Hinweisschilder Alkohol und Tabak, Kleber Alterskontrolle f\u00fcrs Portemonnaie, Kontrollb\u00e4ndel etc.) auf unserer Webseite im Men\u00fcpunkt\u00a0<a href=\"http:\/\/zg.jugendschutz-zentral.ch\/index.php\/bestellen-zg\">Bestellen<\/a>. Drucken Sie den kostenlosen\u00a0<a class=\"doclink\" href=\"http:\/\/jugendschutz-zentral.ch\/zug\/download\/12\/zug\/130\/online-altersrechner-zug.xlsx\" target=\"_blank\" rel=\"noopener noreferrer\">Altersrechner<\/a>\u00a0aus. Schulen Sie Ihre Helferinnen und Helfer und machen Sie z.B. eine\u00a0<a class=\"doclink docman_track_download k-ui-namespace\" href=\"http:\/\/jugendschutz-zentral.ch\/zug\/download\/12\/zug\/131\/vereinbarung-ausschankpersonal.pdf\" type=\"application\/pdf\" data-title=\"Vereinbarung Ausschankpersonal\" data-id=\"61\" data-processed=\"data-processed\">Vereinbarung Ausschankpersonal\u00a0(34 KB)<\/a><\/p>\n<p>Gerne sind wir Ihnen dabei behilflich!\u00a0<a href=\"mailto:gesund@zg.ch\">gesund@zg.ch<\/a>, Tel 041 728 39 39<\/p>\n<p><strong>Hinweis:<\/strong><br \/>\nIm Kanton Zug darf das Personal keinen Alkohol an unter 16-J\u00e4hrige sowie keine Spirituosen und keinen Tabak an unter 18-J\u00e4hrige verkaufen. Bei Nichtbeachtung dieser Vorschriften riskieren Sie ein Strafverfahren sowie eine Busse. Nicht strafbar machen Sie sich, wenn ein gef\u00e4lschter oder falscher Ausweis gezeigt wird, ausser es ist offensichtlich. Das gleiche gilt, wenn eine andere Person Alkohol oder Tabak kauft und diesen an Jugendliche weitergibt. Die Bewilligungsinhaber sind zust\u00e4ndig f\u00fcr die geeignete Jugendschutz-Ausbildung des Verkaufspersonals. Wurde diese durchgef\u00fchrt und das Wissen regelm\u00e4ssig \u00fcberpr\u00fcft, sind die Bewilligungsinhaber bei einem Verkauf von Alkohol und Tabak an Jugendliche entlastet. K\u00f6nnen sie dies nicht nachweisen, machen sie sich ebenfalls strafbar.<\/p>\n<\/div><\/section><\/p><\/div><\/div><\/div><\/div><!-- close content main div --><\/div><\/div><div id='after_section_1'  class='main_color av_default_container_wrap container_wrap sidebar_right'  ><div class='container av-section-cont-open' ><div class='template-page content  av-content-small alpha units'><div class='post-entry post-entry-type-page post-entry-163'><div class='entry-content-wrapper clearfix'>\n","protected":false},"excerpt":{"rendered":"","protected":false},"author":1,"featured_media":0,"parent":161,"menu_order":11,"comment_status":"closed","ping_status":"closed","template":"","meta":{"inline_featured_image":false,"footnotes":""},"class_list":["post-163","page","type-page","status-publish","hentry"],"_links":{"self":[{"href":"https:\/\/jugendschutz-zentral.ch\/zug\/wp-json\/wp\/v2\/pages\/163","targetHints":{"allow":["GET"]}}],"collection":[{"href":"https:\/\/jugendschutz-zentral.ch\/zug\/wp-json\/wp\/v2\/pages"}],"about":[{"href":"https:\/\/jugendschutz-zentral.ch\/zug\/wp-json\/wp\/v2\/types\/page"}],"author":[{"embeddable":true,"href":"https:\/\/jugendschutz-zentral.ch\/zug\/wp-json\/wp\/v2\/users\/1"}],"replies":[{"embeddable":true,"href":"https:\/\/jugendschutz-zentral.ch\/zug\/wp-json\/wp\/v2\/comments?post=163"}],"version-history":[{"count":0,"href":"https:\/\/jugendschutz-zentral.ch\/zug\/wp-json\/wp\/v2\/pages\/163\/revisions"}],"up":[{"embeddable":true,"href":"https:\/\/jugendschutz-zentral.ch\/zug\/wp-json\/wp\/v2\/pages\/161"}],"wp:attachment":[{"href":"https:\/\/jugendschutz-zentral.ch\/zug\/wp-json\/wp\/v2\/media?parent=163"}],"curies":[{"name":"wp","href":"https:\/\/api.w.org\/{rel}","templated":true}]}}