{"id":210,"date":"2023-06-04T13:54:32","date_gmt":"2023-06-04T11:54:32","guid":{"rendered":"http:\/\/wordpress.jugendschutz-zentral.ch\/uri\/?post_type=product&#038;p=210"},"modified":"2025-01-20T16:24:42","modified_gmt":"2025-01-20T15:24:42","slug":"hinweisschild-jugendschutz-alkohol-freiwillig-18j","status":"publish","type":"product","link":"https:\/\/jugendschutz-zentral.ch\/uri\/produkt\/hinweisschild-jugendschutz-alkohol-freiwillig-18j\/","title":{"rendered":"Hinweisschild Jugendschutz Alkohol freiwillig 18J."},"content":{"rendered":"","protected":false},"excerpt":{"rendered":"<p>Hinweisschild f\u00fcr den freiwilligen Jugendschutz Alkohol &#8222;kein Verkauf an unter 18-J\u00e4hrige&#8220; zum Aufh\u00e4ngen. Quelle: &#8222;Sucht Schweiz&#8220;<\/p>\n<p><b>gratis<\/b><\/p>\n<p>(max. Bestellmenge: 5)<\/p>\n","protected":false},"featured_media":417,"template":"","meta":{"inline_featured_image":false},"product_brand":[],"product_cat":[24],"product_tag":[],"class_list":{"0":"post-210","1":"product","2":"type-product","3":"status-publish","4":"has-post-thumbnail","6":"product_cat-uri","8":"first","9":"instock","10":"shipping-taxable","11":"purchasable","12":"product-type-simple"},"_links":{"self":[{"href":"https:\/\/jugendschutz-zentral.ch\/uri\/wp-json\/wp\/v2\/product\/210","targetHints":{"allow":["GET"]}}],"collection":[{"href":"https:\/\/jugendschutz-zentral.ch\/uri\/wp-json\/wp\/v2\/product"}],"about":[{"href":"https:\/\/jugendschutz-zentral.ch\/uri\/wp-json\/wp\/v2\/types\/product"}],"wp:featuredmedia":[{"embeddable":true,"href":"https:\/\/jugendschutz-zentral.ch\/uri\/wp-json\/wp\/v2\/media\/417"}],"wp:attachment":[{"href":"https:\/\/jugendschutz-zentral.ch\/uri\/wp-json\/wp\/v2\/media?parent=210"}],"wp:term":[{"taxonomy":"product_brand","embeddable":true,"href":"https:\/\/jugendschutz-zentral.ch\/uri\/wp-json\/wp\/v2\/product_brand?post=210"},{"taxonomy":"product_cat","embeddable":true,"href":"https:\/\/jugendschutz-zentral.ch\/uri\/wp-json\/wp\/v2\/product_cat?post=210"},{"taxonomy":"product_tag","embeddable":true,"href":"https:\/\/jugendschutz-zentral.ch\/uri\/wp-json\/wp\/v2\/product_tag?post=210"}],"curies":[{"name":"wp","href":"https:\/\/api.w.org\/{rel}","templated":true}]}}