{"id":178,"date":"2023-06-01T10:59:35","date_gmt":"2023-06-01T08:59:35","guid":{"rendered":"http:\/\/wordpress.jugendschutz-zentral.ch\/uri\/?page_id=178"},"modified":"2023-10-27T15:28:12","modified_gmt":"2023-10-27T13:28:12","slug":"kantonale-gesetze","status":"publish","type":"page","link":"https:\/\/jugendschutz-zentral.ch\/uri\/gesetze\/kantonale-gesetze\/","title":{"rendered":"Kantonale Gesetze"},"content":{"rendered":"<div id='full_slider_1'  class='avia-fullwidth-slider main_color avia-shadow   avia-builder-el-0  el_before_av_section  avia-builder-el-first   container_wrap sidebar_right'  ><div  class='avia-slideshow av-lneujnda-6609a445b20282c4d230b069f20422cb avia-slideshow-featured av_slideshow_full avia-fade-slider av-slideshow-ui av-control-hidden av-no-slider-navigation av-hide-nav-arrows av-slideshow-autoplay av-loop-endless av-loop-manual-endless av-default-height-applied   avia-slideshow-1' data-slideshow-options=\"{&quot;animation&quot;:&quot;fade&quot;,&quot;autoplay&quot;:true,&quot;loop_autoplay&quot;:&quot;endless&quot;,&quot;interval&quot;:10,&quot;loop_manual&quot;:&quot;manual-endless&quot;,&quot;autoplay_stopper&quot;:false,&quot;noNavigation&quot;:true,&quot;bg_slider&quot;:false,&quot;keep_padding&quot;:false,&quot;hoverpause&quot;:false,&quot;show_slide_delay&quot;:0}\"  itemprop=\"image\" itemscope=\"itemscope\" itemtype=\"https:\/\/schema.org\/ImageObject\" ><ul class='avia-slideshow-inner ' style='padding-bottom: 28.666666666667%;'><li  class='avia-slideshow-slide av-lneujnda-6609a445b20282c4d230b069f20422cb__0  slide-1 slide-odd'><div data-rel='slideshow-1' class='avia-slide-wrap '   ><img decoding=\"async\" fetchpriority=\"high\" class=\"wp-image-280 avia-img-lazy-loading-not-280\"  src=\"https:\/\/jugendschutz-zentral.ch\/uri\/wp-content\/uploads\/sites\/5\/2023\/10\/banner_21-1500x430.jpg\" width=\"1500\" height=\"430\" title='Vapes rauchen' alt=''  itemprop=\"thumbnailUrl\"  style='min-height:150px; min-width:524px; ' \/><\/div><\/li><li  class='avia-slideshow-slide av-lneujnda-6609a445b20282c4d230b069f20422cb__1  slide-2 slide-even'><div data-rel='slideshow-1' class='avia-slide-wrap '   ><img decoding=\"async\" fetchpriority=\"high\" class=\"wp-image-276 avia-img-lazy-loading-not-276\"  src=\"https:\/\/jugendschutz-zentral.ch\/uri\/wp-content\/uploads\/sites\/5\/2023\/10\/banner_01-1500x430.jpg\" width=\"1500\" height=\"430\" title='Alkohol an Party' alt=''  itemprop=\"thumbnailUrl\"  style='min-height:150px; min-width:524px; ' \/><\/div><\/li><li  class='avia-slideshow-slide av-lneujnda-6609a445b20282c4d230b069f20422cb__2  slide-3 slide-odd'><div data-rel='slideshow-1' class='avia-slide-wrap '   ><img decoding=\"async\" fetchpriority=\"high\" class=\"wp-image-339 avia-img-lazy-loading-not-339\"  src=\"https:\/\/jugendschutz-zentral.ch\/uri\/wp-content\/uploads\/sites\/5\/2023\/10\/banner_28-1500x430.jpg\" width=\"1500\" height=\"430\" title='Frau mit Snus' alt=''  itemprop=\"thumbnailUrl\"  style='min-height:150px; min-width:524px; ' \/><\/div><\/li><li  class='avia-slideshow-slide av-lneujnda-6609a445b20282c4d230b069f20422cb__3  slide-4 slide-even'><div data-rel='slideshow-1' class='avia-slide-wrap '   ><img decoding=\"async\" fetchpriority=\"high\" class=\"wp-image-286 avia-img-lazy-loading-not-286\"  src=\"https:\/\/jugendschutz-zentral.ch\/uri\/wp-content\/uploads\/sites\/5\/2023\/10\/banner_24-1500x430.jpg\" width=\"1500\" height=\"430\" title='Bezahlen im Shop' alt=''  itemprop=\"thumbnailUrl\"  style='min-height:150px; min-width:524px; ' \/><\/div><\/li><li  class='avia-slideshow-slide av-lneujnda-6609a445b20282c4d230b069f20422cb__4  slide-5 slide-odd'><div data-rel='slideshow-1' class='avia-slide-wrap '   ><img decoding=\"async\" fetchpriority=\"high\" class=\"wp-image-338 avia-img-lazy-loading-not-338\"  src=\"https:\/\/jugendschutz-zentral.ch\/uri\/wp-content\/uploads\/sites\/5\/2023\/10\/banner_27-1500x430.jpg\" width=\"1500\" height=\"430\" title='Auswahl an Vapes' alt=''  itemprop=\"thumbnailUrl\"  style='min-height:150px; min-width:524px; ' \/><\/div><\/li><li  class='avia-slideshow-slide av-lneujnda-6609a445b20282c4d230b069f20422cb__5  slide-6 slide-even'><div data-rel='slideshow-1' class='avia-slide-wrap '   ><img decoding=\"async\" fetchpriority=\"high\" class=\"wp-image-278 avia-img-lazy-loading-not-278\"  src=\"https:\/\/jugendschutz-zentral.ch\/uri\/wp-content\/uploads\/sites\/5\/2023\/10\/banner_03-1500x430.jpg\" width=\"1500\" height=\"430\" title='Whiskey eingiessen' alt=''  itemprop=\"thumbnailUrl\"  style='min-height:150px; min-width:524px; ' \/><\/div><\/li><li  class='avia-slideshow-slide av-lneujnda-6609a445b20282c4d230b069f20422cb__6  slide-7 slide-odd'><div data-rel='slideshow-1' class='avia-slide-wrap '   ><img decoding=\"async\" fetchpriority=\"high\" class=\"wp-image-282 avia-img-lazy-loading-not-282\"  src=\"https:\/\/jugendschutz-zentral.ch\/uri\/wp-content\/uploads\/sites\/5\/2023\/10\/banner_22-1500x430.jpg\" width=\"1500\" height=\"430\" title='Bier kaufen' alt=''  itemprop=\"thumbnailUrl\"  style='min-height:150px; min-width:524px; ' \/><\/div><\/li><li  class='avia-slideshow-slide av-lneujnda-6609a445b20282c4d230b069f20422cb__7  slide-8 slide-even'><div data-rel='slideshow-1' class='avia-slide-wrap '   ><img decoding=\"async\" fetchpriority=\"high\" class=\"wp-image-284 avia-img-lazy-loading-not-284\"  src=\"https:\/\/jugendschutz-zentral.ch\/uri\/wp-content\/uploads\/sites\/5\/2023\/10\/banner_23-1500x430.jpg\" width=\"1500\" height=\"430\" title='Rauchen an Open Air' alt=''  itemprop=\"thumbnailUrl\"  style='min-height:150px; min-width:524px; ' \/><\/div><\/li><li  class='avia-slideshow-slide av-lneujnda-6609a445b20282c4d230b069f20422cb__8  slide-9 slide-odd'><div data-rel='slideshow-1' class='avia-slide-wrap '   ><img decoding=\"async\" fetchpriority=\"high\" class=\"wp-image-337 avia-img-lazy-loading-not-337\"  src=\"https:\/\/jugendschutz-zentral.ch\/uri\/wp-content\/uploads\/sites\/5\/2023\/10\/banner_26-1500x430.jpg\" width=\"1500\" height=\"430\" title='Barbetrieb' alt=''  itemprop=\"thumbnailUrl\"  style='min-height:150px; min-width:524px; ' \/><\/div><\/li><li  class='avia-slideshow-slide av-lneujnda-6609a445b20282c4d230b069f20422cb__9  slide-10 slide-even'><div data-rel='slideshow-1' class='avia-slide-wrap '   ><img decoding=\"async\" fetchpriority=\"high\" class=\"wp-image-277 avia-img-lazy-loading-not-277\"  src=\"https:\/\/jugendschutz-zentral.ch\/uri\/wp-content\/uploads\/sites\/5\/2023\/10\/banner_02-1500x430.jpg\" width=\"1500\" height=\"430\" title='Prost' alt=''  itemprop=\"thumbnailUrl\"  style='min-height:150px; min-width:524px; ' \/><\/div><\/li><li  class='avia-slideshow-slide av-lneujnda-6609a445b20282c4d230b069f20422cb__10  slide-11 slide-odd'><div data-rel='slideshow-1' class='avia-slide-wrap '   ><img decoding=\"async\" fetchpriority=\"high\" class=\"wp-image-279 avia-img-lazy-loading-not-279\"  src=\"https:\/\/jugendschutz-zentral.ch\/uri\/wp-content\/uploads\/sites\/5\/2023\/10\/banner_04-1500x430.jpg\" width=\"1500\" height=\"430\" title='Hands up am Konzert' alt=''  itemprop=\"thumbnailUrl\"  style='min-height:150px; min-width:524px; ' \/><\/div><\/li><li  class='avia-slideshow-slide av-lneujnda-6609a445b20282c4d230b069f20422cb__11  slide-12 slide-even'><div data-rel='slideshow-1' class='avia-slide-wrap '   ><img decoding=\"async\" fetchpriority=\"high\" class=\"wp-image-336 avia-img-lazy-loading-not-336\"  src=\"https:\/\/jugendschutz-zentral.ch\/uri\/wp-content\/uploads\/sites\/5\/2023\/10\/banner_25-1500x430.jpg\" width=\"1500\" height=\"430\" title='Wein servieren' alt=''  itemprop=\"thumbnailUrl\"  style='min-height:150px; min-width:524px; ' \/><\/div><\/li><\/ul><div class='avia-slideshow-arrows avia-slideshow-controls' ><a href='#prev' class='prev-slide  avia-svg-icon avia-font-svg_entypo-fontello' data-av_svg_icon='left-open-big' data-av_iconset='svg_entypo-fontello' tabindex='-1' title=\"Zur\u00fcck\"><svg version=\"1.1\" xmlns=\"http:\/\/www.w3.org\/2000\/svg\" width=\"15\" height=\"32\" viewBox=\"0 0 15 32\" preserveAspectRatio=\"xMidYMid meet\" aria-labelledby='av-svg-title-1' aria-describedby='av-svg-desc-1' role=\"graphics-symbol\" aria-hidden=\"true\">\n<title id='av-svg-title-1'>Zur\u00fcck<\/title>\n<desc id='av-svg-desc-1'>Zur\u00fcck<\/desc>\n<path d=\"M14.464 27.84q0.832 0.832 0 1.536-0.832 0.832-1.536 0l-12.544-12.608q-0.768-0.768 0-1.6l12.544-12.608q0.704-0.832 1.536 0 0.832 0.704 0 1.536l-11.456 11.904z\"><\/path>\n<\/svg><span class='avia_hidden_link_text'>Zur\u00fcck<\/span><\/a><a href='#next' class='next-slide  avia-svg-icon avia-font-svg_entypo-fontello' data-av_svg_icon='right-open-big' data-av_iconset='svg_entypo-fontello' tabindex='-1' title=\"Weiter\"><svg version=\"1.1\" xmlns=\"http:\/\/www.w3.org\/2000\/svg\" width=\"15\" height=\"32\" viewBox=\"0 0 15 32\" preserveAspectRatio=\"xMidYMid meet\" aria-labelledby='av-svg-title-2' aria-describedby='av-svg-desc-2' role=\"graphics-symbol\" aria-hidden=\"true\">\n<title id='av-svg-title-2'>Weiter<\/title>\n<desc id='av-svg-desc-2'>Weiter<\/desc>\n<path d=\"M0.416 27.84l11.456-11.84-11.456-11.904q-0.832-0.832 0-1.536 0.832-0.832 1.536 0l12.544 12.608q0.768 0.832 0 1.6l-12.544 12.608q-0.704 0.832-1.536 0-0.832-0.704 0-1.536z\"><\/path>\n<\/svg><span class='avia_hidden_link_text'>Weiter<\/span><\/a><\/div><\/div><\/div>\n<div id='av_section_1'  class='avia-section av-h4bmy-00975e9a78641f27dca5298321c362bf main_color avia-section-huge avia-no-border-styling  avia-builder-el-1  el_after_av_slideshow_full  avia-builder-el-last  avia-bg-style-scroll container_wrap sidebar_right'  ><div class='container av-section-cont-open' ><div class='template-page content  av-content-small alpha units'><div class='post-entry post-entry-type-page post-entry-178'><div class='entry-content-wrapper clearfix'>\n\n<style type=\"text\/css\" data-created_by=\"avia_inline_auto\" id=\"style-css-av-8qvsa-34fda8d7abb44b1bf5084ccd77299bc4\">\n#top .flex_column.av-8qvsa-34fda8d7abb44b1bf5084ccd77299bc4{\nmargin-top:-200px;\nmargin-bottom:0px;\n}\n.flex_column.av-8qvsa-34fda8d7abb44b1bf5084ccd77299bc4{\npadding:30px 30px 30px 30px;\nbackground-color:#ffffff;\n}\n.responsive #top #wrap_all .flex_column.av-8qvsa-34fda8d7abb44b1bf5084ccd77299bc4{\nmargin-top:-200px;\nmargin-bottom:0px;\n}\n<\/style>\n<div  class='flex_column av-8qvsa-34fda8d7abb44b1bf5084ccd77299bc4 av_one_full  avia-builder-el-2  avia-builder-el-no-sibling  first flex_column_div  '     ><p>\n<style type=\"text\/css\" data-created_by=\"avia_inline_auto\" id=\"style-css-av-licwmqsv-2b0b82df0222c2fddb6e42824eb9bfcf\">\n#top .av-special-heading.av-licwmqsv-2b0b82df0222c2fddb6e42824eb9bfcf{\npadding-bottom:10px;\n}\nbody .av-special-heading.av-licwmqsv-2b0b82df0222c2fddb6e42824eb9bfcf .av-special-heading-tag .heading-char{\nfont-size:25px;\n}\n.av-special-heading.av-licwmqsv-2b0b82df0222c2fddb6e42824eb9bfcf .av-subheading{\nfont-size:15px;\n}\n<\/style>\n<div  class='av-special-heading av-licwmqsv-2b0b82df0222c2fddb6e42824eb9bfcf av-special-heading-h2  avia-builder-el-3  el_before_av_textblock  avia-builder-el-first '><h2 class='av-special-heading-tag '  itemprop=\"headline\"  >Kantonale Gesetze<\/h2><div class=\"special-heading-border\"><div class=\"special-heading-inner-border\"><\/div><\/div><\/div><br \/>\n<section  class='av_textblock_section av-licwnm83-7a4dde04d56fd21970abdf0642b69006 '   itemscope=\"itemscope\" itemtype=\"https:\/\/schema.org\/CreativeWork\" ><div class='avia_textblock'  itemprop=\"text\" ><h4>GASTWIRTSCHAFTSGESETZ (INKL. HANDEL MIT ALKOHOLHALTIGEN GETR\u00c4NKEN)<\/h4>\n<p>Gastwirtschaftsgesetz vom 29. November 1998 (GWG)<br \/>\n<span style=\"color: red;\">\u00abAlkoholische Getr\u00e4nke d\u00fcrfen nicht abgegeben werden an:<br \/>\na. offensichtliche Betrunkene;<br \/>\nb. Jugendliche unter 16 Jahren;<br \/>\nc. Jugendliche unter 18 Jahren, wenn es sich um gebrannte Wasser handelt.<br \/>\nBei Mischgetr\u00e4nken richtet sich die Abgabe nach den Bestimmungen der Eidgen\u00f6ssischen Alkoholverwaltung.\u00bb<\/span><br \/>\n(Art.12 GWG)<\/p>\n<p><span style=\"color: red;\">\u00abIn allen Gastgewerbebetrieben und bei allen Veranstaltungen, bei denen alkoholische Getr\u00e4nke ausgeschenkt werden, ist auch eine Auswahl der gebr\u00e4uchlichsten alkoholfreien Getr\u00e4nke anzubieten. Dabei ist eine Auswahl alkoholfreier Getr\u00e4nke preisg\u00fcnstiger anzubieten als das billigste alkoholhaltige Getr\u00e4nk in der gleichen Menge.\u00bb<\/span><br \/>\n(Art.11 GWG)<\/p>\n<p><span style=\"color: red;\">\u00abDie verantwortliche Person hat pers\u00f6nlich daf\u00fcr zu sorgen, dass in Ihrem Betriebsbereich bzw. w\u00e4hrend des Anlasses, den sie veranstaltet, Ruhe, Ordnung, Sicherheit, Anstand und Sitte bewahrt werden.\u00bb<\/span><br \/>\n(Art.9 GWG)<\/p>\n<h4><strong>TABAK<\/strong><\/h4>\n<p><strong>Gesundheitsgesetz Uri<\/strong><\/p>\n<p>Artikel 17 Bek\u00e4mpfung des Suchtmittelmissbrauchs<\/p>\n<p>1 Der Kanton und die Gemeinden bek\u00e4mpfen den Suchtmittelmissbrauch.<br \/>\n2 Es ist verboten:<\/p>\n<ol>\n<li>mit Plakaten und \u00e4hnlichen Werbetr\u00e4gern gewerbsm\u00e4ssig f\u00fcr Tabakwaren und alkoholische Getr\u00e4nke zu werben. Ausgenommen sind Wirtshausschilder.<\/li>\n<li>Tabakwaren an Personen unter 16 Jahren zu verkaufen oder zu Werbezwecken abzugeben.<\/li>\n<li>Tabakwaren \u00fcber Automaten zu verkaufen. Ausgenommen sind Automaten bei denen geeignete Massnahmen den Verkauf an Kinder und Jugendliche unter 16 Jahren ausschliessen.<\/li>\n<\/ol>\n<p>3 Die Beschr\u00e4nkung der Abgabe alkoholischer Getr\u00e4nke richtet sich nach dem Gastwirtschaftsgesetz<\/p>\n<p>Artikel 18 Schutz vor Passivrauchen<\/p>\n<ol>\n<li>Es ist verboten, in allgemein zug\u00e4nglichen R\u00e4umen zu rauchen. Davon ausgenommen sind Raucherzimmer.<\/li>\n<li>R\u00e4ume gelten als allgemein zug\u00e4nglich, wenn sie nicht nur einem bestimmten, eng umgrenzten Personenkreis offen stehen.<\/li>\n<li>Raucherzimmer sind R\u00e4ume, die von anderen R\u00e4umen des Geb\u00e4udes sowie deren Entl\u00fcftung getrennt sind und als solche gekennzeichnet sind.<\/li>\n<\/ol>\n<p><strong>Bundesgesetz \u00fcber Radio und Fernsehen<\/strong><br \/>\nArt. 10 Werbeverbote<br \/>\nUnzul\u00e4ssig ist Werbung f\u00fcr:<\/p>\n<ol>\n<li>Tabakwaren<\/li>\n<li>Alkoholische Getr\u00e4nke, die dem Alkoholgesetz vom 21. Juni 1932 unterstehen; der Bundesrat erl\u00e4sst zum Schutz der Gesundheit und der Jugend weitere Einschr\u00e4nkungen<\/li>\n<\/ol>\n<p>Tabakverordnung<br \/>\nArt. 18 An Jugendliche gerichtete Werbung<br \/>\nWerbung f\u00fcr Tabakerzeugnisse und f\u00fcr Raucherwaren mit Tabakersatzstoffen, die sich speziell an Jugendliche unter 18 Jahren richtet, ist untersagt. Verboten ist insbesondere die Werbung:<\/p>\n<ol>\n<li>an Orten, wo sich haupts\u00e4chlich Jugendliche aufhalten.<\/li>\n<li>in Zeitungen, Zeitschriften oder anderen Publikationen, die haupts\u00e4chlich f\u00fcr Jugendliche bestimmt sind.<\/li>\n<li>auf Sch\u00fclermaterialien (Schulmappen, Etuis, F\u00fcllfederhalter usw.).<\/li>\n<li>mit Werbegegenst\u00e4nden, die unentgeltlich an Jugendliche abgegeben werden, die T-Shirts, M\u00fctzen, F\u00e4hnchen, Badeb\u00e4llen.<\/li>\n<li>auf Spielzeug.<\/li>\n<li>durch unentgeltliche Abgabe von Tabakerzeugnissen und Raucherwaren mit Tabakersatzstoffen an Jugendliche.<\/li>\n<li>an Kultur-, Sport- oder anderen Veranstaltungen, die haupts\u00e4chlich von Jugendlichen besucht werden.<\/li>\n<\/ol>\n<p>Art. 19 Abgabe von Zigaretten<\/p>\n<p>Zigaretten m\u00fcssen vorverpackt sein und d\u00fcrfen nur in Packungen von mindestens 20 St\u00fcck an Konsumentinnen und Konsumenten abgegeben werden.<\/p>\n<\/div><\/section><\/p><\/div>\n<\/div><\/div><\/div><!-- close content main div --><\/div><\/div><div id='after_section_1'  class='main_color av_default_container_wrap container_wrap sidebar_right'  ><div class='container av-section-cont-open' ><div class='template-page content  av-content-small alpha units'><div class='post-entry post-entry-type-page post-entry-178'><div class='entry-content-wrapper clearfix'>\n","protected":false},"excerpt":{"rendered":"","protected":false},"author":1,"featured_media":0,"parent":174,"menu_order":32,"comment_status":"closed","ping_status":"closed","template":"","meta":{"inline_featured_image":false,"footnotes":""},"class_list":["post-178","page","type-page","status-publish","hentry"],"_links":{"self":[{"href":"https:\/\/jugendschutz-zentral.ch\/uri\/wp-json\/wp\/v2\/pages\/178","targetHints":{"allow":["GET"]}}],"collection":[{"href":"https:\/\/jugendschutz-zentral.ch\/uri\/wp-json\/wp\/v2\/pages"}],"about":[{"href":"https:\/\/jugendschutz-zentral.ch\/uri\/wp-json\/wp\/v2\/types\/page"}],"author":[{"embeddable":true,"href":"https:\/\/jugendschutz-zentral.ch\/uri\/wp-json\/wp\/v2\/users\/1"}],"replies":[{"embeddable":true,"href":"https:\/\/jugendschutz-zentral.ch\/uri\/wp-json\/wp\/v2\/comments?post=178"}],"version-history":[{"count":0,"href":"https:\/\/jugendschutz-zentral.ch\/uri\/wp-json\/wp\/v2\/pages\/178\/revisions"}],"up":[{"embeddable":true,"href":"https:\/\/jugendschutz-zentral.ch\/uri\/wp-json\/wp\/v2\/pages\/174"}],"wp:attachment":[{"href":"https:\/\/jugendschutz-zentral.ch\/uri\/wp-json\/wp\/v2\/media?parent=178"}],"curies":[{"name":"wp","href":"https:\/\/api.w.org\/{rel}","templated":true}]}}