{"id":176,"date":"2023-06-01T10:57:13","date_gmt":"2023-06-01T08:57:13","guid":{"rendered":"http:\/\/wordpress.jugendschutz-zentral.ch\/uri\/?page_id=176"},"modified":"2025-01-19T20:38:37","modified_gmt":"2025-01-19T19:38:37","slug":"bundesgesetze","status":"publish","type":"page","link":"https:\/\/jugendschutz-zentral.ch\/uri\/gesetze\/bundesgesetze\/","title":{"rendered":"Bundesgesetze"},"content":{"rendered":"<div id='full_slider_1'  class='avia-fullwidth-slider main_color avia-shadow   avia-builder-el-0  el_before_av_section  avia-builder-el-first   container_wrap sidebar_right'  ><div  class='avia-slideshow av-28rsow-6708cce91a8831ee7292106bd01e01a3 avia-slideshow-featured av_slideshow_full avia-fade-slider av-slideshow-ui av-control-hidden av-no-slider-navigation av-hide-nav-arrows av-slideshow-autoplay av-loop-endless av-loop-manual-endless av-default-height-applied   avia-slideshow-1' data-slideshow-options=\"{&quot;animation&quot;:&quot;fade&quot;,&quot;autoplay&quot;:true,&quot;loop_autoplay&quot;:&quot;endless&quot;,&quot;interval&quot;:10,&quot;loop_manual&quot;:&quot;manual-endless&quot;,&quot;autoplay_stopper&quot;:false,&quot;noNavigation&quot;:true,&quot;bg_slider&quot;:false,&quot;keep_padding&quot;:false,&quot;hoverpause&quot;:false,&quot;show_slide_delay&quot;:0}\"  itemprop=\"image\" itemscope=\"itemscope\" itemtype=\"https:\/\/schema.org\/ImageObject\" ><ul class='avia-slideshow-inner ' style='padding-bottom: 28.666666666667%;'><li  class='avia-slideshow-slide av-28rsow-6708cce91a8831ee7292106bd01e01a3__0  slide-1 slide-odd'><div data-rel='slideshow-1' class='avia-slide-wrap '   ><img decoding=\"async\" fetchpriority=\"high\" class=\"wp-image-276 avia-img-lazy-loading-not-276\"  src=\"https:\/\/jugendschutz-zentral.ch\/uri\/wp-content\/uploads\/sites\/5\/2023\/10\/banner_01-1500x430.jpg\" width=\"1500\" height=\"430\" title='Alkohol an Party' alt=''  itemprop=\"thumbnailUrl\"  style='min-height:150px; min-width:524px; ' \/><\/div><\/li><li  class='avia-slideshow-slide av-28rsow-6708cce91a8831ee7292106bd01e01a3__1  slide-2 slide-even'><div data-rel='slideshow-1' class='avia-slide-wrap '   ><img decoding=\"async\" fetchpriority=\"high\" class=\"wp-image-337 avia-img-lazy-loading-not-337\"  src=\"https:\/\/jugendschutz-zentral.ch\/uri\/wp-content\/uploads\/sites\/5\/2023\/10\/banner_26-1500x430.jpg\" width=\"1500\" height=\"430\" title='Barbetrieb' alt=''  itemprop=\"thumbnailUrl\"  style='min-height:150px; min-width:524px; ' \/><\/div><\/li><li  class='avia-slideshow-slide av-28rsow-6708cce91a8831ee7292106bd01e01a3__2  slide-3 slide-odd'><div data-rel='slideshow-1' class='avia-slide-wrap '   ><img decoding=\"async\" fetchpriority=\"high\" class=\"wp-image-286 avia-img-lazy-loading-not-286\"  src=\"https:\/\/jugendschutz-zentral.ch\/uri\/wp-content\/uploads\/sites\/5\/2023\/10\/banner_24-1500x430.jpg\" width=\"1500\" height=\"430\" title='Bezahlen im Shop' alt=''  itemprop=\"thumbnailUrl\"  style='min-height:150px; min-width:524px; ' \/><\/div><\/li><li  class='avia-slideshow-slide av-28rsow-6708cce91a8831ee7292106bd01e01a3__3  slide-4 slide-even'><div data-rel='slideshow-1' class='avia-slide-wrap '   ><img decoding=\"async\" fetchpriority=\"high\" class=\"wp-image-278 avia-img-lazy-loading-not-278\"  src=\"https:\/\/jugendschutz-zentral.ch\/uri\/wp-content\/uploads\/sites\/5\/2023\/10\/banner_03-1500x430.jpg\" width=\"1500\" height=\"430\" title='Whiskey eingiessen' alt=''  itemprop=\"thumbnailUrl\"  style='min-height:150px; min-width:524px; ' \/><\/div><\/li><li  class='avia-slideshow-slide av-28rsow-6708cce91a8831ee7292106bd01e01a3__4  slide-5 slide-odd'><div data-rel='slideshow-1' class='avia-slide-wrap '   ><img decoding=\"async\" fetchpriority=\"high\" class=\"wp-image-282 avia-img-lazy-loading-not-282\"  src=\"https:\/\/jugendschutz-zentral.ch\/uri\/wp-content\/uploads\/sites\/5\/2023\/10\/banner_22-1500x430.jpg\" width=\"1500\" height=\"430\" title='Bier kaufen' alt=''  itemprop=\"thumbnailUrl\"  style='min-height:150px; min-width:524px; ' \/><\/div><\/li><li  class='avia-slideshow-slide av-28rsow-6708cce91a8831ee7292106bd01e01a3__5  slide-6 slide-even'><div data-rel='slideshow-1' class='avia-slide-wrap '   ><img decoding=\"async\" fetchpriority=\"high\" class=\"wp-image-284 avia-img-lazy-loading-not-284\"  src=\"https:\/\/jugendschutz-zentral.ch\/uri\/wp-content\/uploads\/sites\/5\/2023\/10\/banner_23-1500x430.jpg\" width=\"1500\" height=\"430\" title='Rauchen an Open Air' alt=''  itemprop=\"thumbnailUrl\"  style='min-height:150px; min-width:524px; ' \/><\/div><\/li><li  class='avia-slideshow-slide av-28rsow-6708cce91a8831ee7292106bd01e01a3__6  slide-7 slide-odd'><div data-rel='slideshow-1' class='avia-slide-wrap '   ><img decoding=\"async\" fetchpriority=\"high\" class=\"wp-image-336 avia-img-lazy-loading-not-336\"  src=\"https:\/\/jugendschutz-zentral.ch\/uri\/wp-content\/uploads\/sites\/5\/2023\/10\/banner_25-1500x430.jpg\" width=\"1500\" height=\"430\" title='Wein servieren' alt=''  itemprop=\"thumbnailUrl\"  style='min-height:150px; min-width:524px; ' \/><\/div><\/li><li  class='avia-slideshow-slide av-28rsow-6708cce91a8831ee7292106bd01e01a3__7  slide-8 slide-even'><div data-rel='slideshow-1' class='avia-slide-wrap '   ><img decoding=\"async\" fetchpriority=\"high\" class=\"wp-image-277 avia-img-lazy-loading-not-277\"  src=\"https:\/\/jugendschutz-zentral.ch\/uri\/wp-content\/uploads\/sites\/5\/2023\/10\/banner_02-1500x430.jpg\" width=\"1500\" height=\"430\" title='Prost' alt=''  itemprop=\"thumbnailUrl\"  style='min-height:150px; min-width:524px; ' \/><\/div><\/li><li  class='avia-slideshow-slide av-28rsow-6708cce91a8831ee7292106bd01e01a3__8  slide-9 slide-odd'><div data-rel='slideshow-1' class='avia-slide-wrap '   ><img decoding=\"async\" fetchpriority=\"high\" class=\"wp-image-339 avia-img-lazy-loading-not-339\"  src=\"https:\/\/jugendschutz-zentral.ch\/uri\/wp-content\/uploads\/sites\/5\/2023\/10\/banner_28-1500x430.jpg\" width=\"1500\" height=\"430\" title='Frau mit Snus' alt=''  itemprop=\"thumbnailUrl\"  style='min-height:150px; min-width:524px; ' \/><\/div><\/li><li  class='avia-slideshow-slide av-28rsow-6708cce91a8831ee7292106bd01e01a3__9  slide-10 slide-even'><div data-rel='slideshow-1' class='avia-slide-wrap '   ><img decoding=\"async\" fetchpriority=\"high\" class=\"wp-image-280 avia-img-lazy-loading-not-280\"  src=\"https:\/\/jugendschutz-zentral.ch\/uri\/wp-content\/uploads\/sites\/5\/2023\/10\/banner_21-1500x430.jpg\" width=\"1500\" height=\"430\" title='Vapes rauchen' alt=''  itemprop=\"thumbnailUrl\"  style='min-height:150px; min-width:524px; ' \/><\/div><\/li><li  class='avia-slideshow-slide av-28rsow-6708cce91a8831ee7292106bd01e01a3__10  slide-11 slide-odd'><div data-rel='slideshow-1' class='avia-slide-wrap '   ><img decoding=\"async\" fetchpriority=\"high\" class=\"wp-image-338 avia-img-lazy-loading-not-338\"  src=\"https:\/\/jugendschutz-zentral.ch\/uri\/wp-content\/uploads\/sites\/5\/2023\/10\/banner_27-1500x430.jpg\" width=\"1500\" height=\"430\" title='Auswahl an Vapes' alt=''  itemprop=\"thumbnailUrl\"  style='min-height:150px; min-width:524px; ' \/><\/div><\/li><li  class='avia-slideshow-slide av-28rsow-6708cce91a8831ee7292106bd01e01a3__11  slide-12 slide-even'><div data-rel='slideshow-1' class='avia-slide-wrap '   ><img decoding=\"async\" fetchpriority=\"high\" class=\"wp-image-279 avia-img-lazy-loading-not-279\"  src=\"https:\/\/jugendschutz-zentral.ch\/uri\/wp-content\/uploads\/sites\/5\/2023\/10\/banner_04-1500x430.jpg\" width=\"1500\" height=\"430\" title='Hands up am Konzert' alt=''  itemprop=\"thumbnailUrl\"  style='min-height:150px; min-width:524px; ' \/><\/div><\/li><\/ul><div class='avia-slideshow-arrows avia-slideshow-controls' ><a href='#prev' class='prev-slide  avia-svg-icon avia-font-svg_entypo-fontello' data-av_svg_icon='left-open-big' data-av_iconset='svg_entypo-fontello' tabindex='-1' title=\"Zur\u00fcck\"><svg version=\"1.1\" xmlns=\"http:\/\/www.w3.org\/2000\/svg\" width=\"15\" height=\"32\" viewBox=\"0 0 15 32\" preserveAspectRatio=\"xMidYMid meet\" aria-labelledby='av-svg-title-1' aria-describedby='av-svg-desc-1' role=\"graphics-symbol\" aria-hidden=\"true\">\n<title id='av-svg-title-1'>Zur\u00fcck<\/title>\n<desc id='av-svg-desc-1'>Zur\u00fcck<\/desc>\n<path d=\"M14.464 27.84q0.832 0.832 0 1.536-0.832 0.832-1.536 0l-12.544-12.608q-0.768-0.768 0-1.6l12.544-12.608q0.704-0.832 1.536 0 0.832 0.704 0 1.536l-11.456 11.904z\"><\/path>\n<\/svg><span class='avia_hidden_link_text'>Zur\u00fcck<\/span><\/a><a href='#next' class='next-slide  avia-svg-icon avia-font-svg_entypo-fontello' data-av_svg_icon='right-open-big' data-av_iconset='svg_entypo-fontello' tabindex='-1' title=\"Weiter\"><svg version=\"1.1\" xmlns=\"http:\/\/www.w3.org\/2000\/svg\" width=\"15\" height=\"32\" viewBox=\"0 0 15 32\" preserveAspectRatio=\"xMidYMid meet\" aria-labelledby='av-svg-title-2' aria-describedby='av-svg-desc-2' role=\"graphics-symbol\" aria-hidden=\"true\">\n<title id='av-svg-title-2'>Weiter<\/title>\n<desc id='av-svg-desc-2'>Weiter<\/desc>\n<path d=\"M0.416 27.84l11.456-11.84-11.456-11.904q-0.832-0.832 0-1.536 0.832-0.832 1.536 0l12.544 12.608q0.768 0.832 0 1.6l-12.544 12.608q-0.704 0.832-1.536 0-0.832-0.704 0-1.536z\"><\/path>\n<\/svg><span class='avia_hidden_link_text'>Weiter<\/span><\/a><\/div><\/div><\/div>\n<div id='av_section_1'  class='avia-section av-gmn28-f95886acf640f9b1c063f63836e3699c main_color avia-section-huge avia-no-border-styling  avia-builder-el-1  el_after_av_slideshow_full  avia-builder-el-last  avia-bg-style-scroll container_wrap sidebar_right'  ><div class='container av-section-cont-open' ><div class='template-page content  av-content-small alpha units'><div class='post-entry post-entry-type-page post-entry-176'><div class='entry-content-wrapper clearfix'>\n\n<style type=\"text\/css\" data-created_by=\"avia_inline_auto\" id=\"style-css-av-8k9cw-fe107dc11a3ddc5825a464dbbea5911e\">\n#top .flex_column.av-8k9cw-fe107dc11a3ddc5825a464dbbea5911e{\nmargin-top:-200px;\nmargin-bottom:0px;\n}\n.flex_column.av-8k9cw-fe107dc11a3ddc5825a464dbbea5911e{\npadding:30px 30px 30px 30px;\nbackground-color:#ffffff;\n}\n.responsive #top #wrap_all .flex_column.av-8k9cw-fe107dc11a3ddc5825a464dbbea5911e{\nmargin-top:-200px;\nmargin-bottom:0px;\n}\n<\/style>\n<div  class='flex_column av-8k9cw-fe107dc11a3ddc5825a464dbbea5911e av_one_full  avia-builder-el-2  avia-builder-el-no-sibling  first flex_column_div  '     ><p>\n<style type=\"text\/css\" data-created_by=\"avia_inline_auto\" id=\"style-css-av-licwiv1m-6445e841acc1163df84251278c96043d\">\n#top .av-special-heading.av-licwiv1m-6445e841acc1163df84251278c96043d{\npadding-bottom:10px;\n}\nbody .av-special-heading.av-licwiv1m-6445e841acc1163df84251278c96043d .av-special-heading-tag .heading-char{\nfont-size:25px;\n}\n.av-special-heading.av-licwiv1m-6445e841acc1163df84251278c96043d .av-subheading{\nfont-size:15px;\n}\n<\/style>\n<div  class='av-special-heading av-licwiv1m-6445e841acc1163df84251278c96043d av-special-heading-h2  avia-builder-el-3  el_before_av_textblock  avia-builder-el-first '><h2 class='av-special-heading-tag '  itemprop=\"headline\"  >Bundesgesetze<\/h2><div class=\"special-heading-border\"><div class=\"special-heading-inner-border\"><\/div><\/div><\/div><br \/>\n<section  class='av_textblock_section av-licwj67j-f4583cd9d7d22610dfec67cc8e2f2428 '   itemscope=\"itemscope\" itemtype=\"https:\/\/schema.org\/CreativeWork\" ><div class='avia_textblock'  itemprop=\"text\" ><p>Auf nationaler Ebene existieren verschiedene gesetzliche Bestimmungen, die auf den Schutz jugendlicher Konsumentinnen und Konsumenten abzielen. Sie sind im Alkoholgesetz, in der Lebensmittelverordnung sowie Strafgesetzbuch aufgef\u00fchrt. Zentrale Punkte sind das Abgabeverbot an Kinder und Jugendliche sowie die Einschr\u00e4nkungen der Werbung f\u00fcr alkoholische Getr\u00e4nke.<br \/>\n<a class=\"doclink docman_track_download k-ui-namespace\" href=\"http:\/\/jugendschutz-zentral.ch\/nidwalden\/download\/10\/nidwalden\/273\/factsheet-jugendschutz-und-alkohol-national.pdf\" target=\"_blank\" rel=\"noopener noreferrer\" type=\"application\/pdf\" data-title=\"Factsheet Jugendschutz und Alkohol national\" data-id=\"15\" data-processed=\"data-processed\">Factsheet Jugendschutz und Alkohol\u00a0(225 KB)<\/a><\/p>\n<p><strong>Abgabe und Verkauf alkoholischer Getr\u00e4nke<\/strong><br \/>\n<div class=\"wptm_table tablesorter-bootstrap \" data-id=\"1\" data-hightlight=\"0\"><div class=\"wptm_buttons buttons_wptmTbl1\"><\/div><div class=\"wptmresponsive dataTables-wptmtable wptmtable default_theme theme1\" id=\"wptmtable1\" data-tableid=\"wptmTbl1\"><table data-count-header=\"1\"  data-format-decimal_count=\"0\" data-format-decimal_symbol=\".\" data-format-symbol_position=\"0\" data-format-thousand_symbol=\",\"  data-format-currency_symbol=\"$\"  data-name-style=\"1_1737318158.css\" data-format=\"YYYY-MM-DD\" id=\"wptmTbl1\" data-id=\"1\" data-responsive=\"false\" data-hideCols=\"false\"  data-type=\"html\" data-paging=\"false\" data-searching=\"true\"  data-ordering=\"false\" data-table-breakpoint=\"980\" data-scroll-x=\"true\" data-scroll-collapse=\"true\" data-align=\"left\" data-range=\"[]\" data-hideColumn=\"[0,0,0,0]\" data-colwidths=\"[170,170,170,170]\" class=\"wptm_main_table  repeatedHeader disablePager\"><colgroup><col data-dtr=\"0\" data-dtc=\"0\" class=\"dtc0\"><col data-dtr=\"0\" data-dtc=\"1\" class=\"dtc1\"><col data-dtr=\"0\" data-dtc=\"2\" class=\"dtc2\"><col data-dtr=\"0\" data-dtc=\"3\" class=\"dtc3\"><\/colgroup><thead><tr class=\"wptm-header-cells-index dnone\"><th rowspan=\"1\" colspan=\"1\" data-dtr=\"0\" data-dtc=\"0\" class=\"dtr0 dtc0\"><\/th><th rowspan=\"1\" colspan=\"1\" data-dtr=\"0\" data-dtc=\"1\" class=\"dtr0 dtc1\"><\/th><th rowspan=\"1\" colspan=\"1\" data-dtr=\"0\" data-dtc=\"2\" class=\"dtr0 dtc2\"><\/th><th rowspan=\"1\" colspan=\"1\" data-dtr=\"0\" data-dtc=\"3\" class=\"dtr0 dtc3\"><\/th><\/tr><tr class=\" row0\"><th   data-priority=\"0\" class=\"dtr0 dtc0\"><\/th><th   data-priority=\"0\" class=\"dtr0 dtc1\">Abgabe unter 16 Jahren<\/th><th   data-priority=\"0\" class=\"dtr0 dtc2\">Abgabe ab 16 Jahren<\/th><th   data-priority=\"0\" class=\"dtr0 dtc3\">Abgabe ab 18 Jahren<\/th><\/thead><tbody><tr class=\" row1\"><td    class=\"dtr1 dtc0\">Bier, Most<\/td><td    class=\"dtr1 dtc1\">Verboten<\/td><td    class=\"dtr1 dtc2\">Elaubt<\/td><td    class=\"dtr1 dtc3\">Erlaubt<\/td><\/tr><tr class=\" row2\"><td    class=\"dtr2 dtc0\">Wein<\/td><td    class=\"dtr2 dtc1\">Verboten<\/td><td    class=\"dtr2 dtc2\">Erlaubt<\/td><td    class=\"dtr2 dtc3\">Erlaubt<\/td><\/tr><tr class=\" row3\"><td    class=\"dtr3 dtc0\">Spirituosen<\/td><td    class=\"dtr3 dtc1\">Verboten<\/td><td    class=\"dtr3 dtc2\">Verboten<\/td><td    class=\"dtr3 dtc3\">Erlaubt<\/td><\/tr><tr class=\" row4\"><td    class=\"dtr4 dtc0\">Alle Tabak und Nikotinprodukte<\/td><td    class=\"dtr4 dtc1\">Verboten<\/td><td    class=\"dtr4 dtc2\">Verboten<\/td><td    class=\"dtr4 dtc3\">Erlaubt<\/td><\/tr><\/tbody><tfoot><tr><td class=\"dtr4 dtc0\" style=\"height: 0;\"><\/td><td class=\"dtr4 dtc1\" style=\"height: 0;\"><\/td><td class=\"dtr4 dtc2\" style=\"height: 0;\"><\/td><td class=\"dtr4 dtc3\" style=\"height: 0;\"><\/td><\/tr><\/tfoot><\/table><\/div><style>#wptmtable1 table.repeatedHeaderTrue colgroup col[data-dtr=\"0\"] {width: 0 !important;min-width: unset;}#wptmtable1 .dataTables_wrapper > .dataTables_scroll {max-height:900px;overflow: auto;}<\/style><script>window.wptm_ajaxurl = 'https:\/\/jugendschutz-zentral.ch\/uri\/wp-admin\/admin-ajax.php?juwpfisadmin=false&action=Wptm&'; window.wptm_front = 'https:\/\/jugendschutz-zentral.ch\/uri\/wp-content\/plugins\/wp-table-manager\/app\/site\/assets\/'; window.wptm_style = 'https:\/\/jugendschutz-zentral.ch\/uri\/wp-content\/uploads\/sites\/5\/wptm\/';<\/script><\/div><style><\/style><\/p>\n<p>Mit einem gut sichtbaren Hinweisschild muss auf die Verkaufs- und Abgabeverbote hingewiesen werden. Bei Unsicherheiten bzgl. des Alters des Gastes soll ein amtlicher Ausweis (Pass, ID, Ausl\u00e4nderausweis, F\u00fchrerschein) zur Alterskontrolle verlangt werden.<br \/>\n<a href=\"https:\/\/www.admin.ch\/opc\/de\/classified-compilation\/19320035\/index.html#a41\" target=\"_blank\" rel=\"noopener noreferrer\">Alkoholgesetz Art. 41<\/a><br \/>\n<a href=\"https:\/\/www.admin.ch\/opc\/de\/classified-compilation\/20143388\/index.html#a42\">Lebensmittel- und Gebrauchsgegenst\u00e4ndeverordnung Art. 42 Abs. 2<\/a><\/p>\n<p><strong>Werbeeinschr\u00e4nkung<\/strong><br \/>\nDie Werbung f\u00fcr alkoholische Getr\u00e4nke, die sich an Jugendliche unter 18 Jahren richtet, ist verboten. Ebenfalls gilt ein Werbeverbot f\u00fcr gebrannte Wasser an Veranstaltungen, an denen vor allem Kinder und Jugendliche teilnehmen.<br \/>\n<a href=\"https:\/\/www.admin.ch\/opc\/de\/classified-compilation\/20143388\/index.html#a43\">Lebensmittel- und Gebrauchsgegenst\u00e4ndeverordnung Art. 43<\/a><br \/>\n<a href=\"https:\/\/www.admin.ch\/opc\/de\/classified-compilation\/19320035\/index.html#a42b\" target=\"_blank\" rel=\"noopener noreferrer\">Alkoholgesetz Art. 42b<\/a><\/p>\n<p><strong>Strafrechtliche Massnahmen<\/strong><br \/>\nWer die rechtlichen Bestimmungen zur Abgabe und Verkauf nicht einh\u00e4lt, kann mit Busse oder Haft bestraft werden. Neben dem fehlbaren Verkaufspersonal betrifft dies auch Privatpersonen, die Alkohol oder Tabak einkaufen und an Kinder und Jugendliche weitergeben.<br \/>\n<a href=\"https:\/\/www.admin.ch\/opc\/de\/classified-compilation\/19370083\/index.html#a136\" target=\"_blank\" rel=\"noopener noreferrer\">Strafgesetzbuch Art. 136<\/a><\/p>\n<p><strong>Verwaltungsrechtliche Massnahmen<\/strong><br \/>\nBei Verst\u00f6ssen gegen die Jugendschutzbestimmungen kann die Bewilligungsbeh\u00f6rde Auflagen machen wie z.B. Einreichen eines Jugendschutzkonzeptes, Schulung des Personals, tempor\u00e4res oder definitives Verkaufsverbot von Alkohol sowie eine vor\u00fcbergehende Schliessung des Betriebes.<\/p>\n<p><strong>Bewilligung, \u00dcberwachung und Aufsicht<\/strong><br \/>\nF\u00fcr den Verkauf von Alkohol braucht es eine Bewilligung. Gesuche m\u00fcssen bei der Bewilligungsbeh\u00f6rde eingereicht werden. \u00dcber die Bewilligungskriterien und -auflagen entscheidet die Beh\u00f6rde.<\/p>\n<p><strong>Kantonale Bestimmungen<\/strong><br \/>\nDie Kantone m\u00fcssen die nationalen Bestimmungen einhalten, k\u00f6nnen aber auch weitergehende Regelungen einf\u00fchren. Auf kantonaler Ebene wird die Abgabe alkoholischer Getr\u00e4nke in den Gastgewerbegesetzen geregelt. Die Werbebestimmungen f\u00fcr Alkohol und Tabak k\u00f6nnen in separaten Gesetzen festgeschrieben werden. Die meisten kantonalen Bestimmungen betreffen Gesetze zum Mindestabgabealter, Sirupartikel, Bewirtung von Jugendlichen, die zeitliche Einschr\u00e4nkungen in der Nacht und das Werbeverbot im \u00f6ffentlichen Raum. Ein nationaler \u00dcberblick \u00fcber die kantonalen Gesetzgebungen finden Sie\u00a0<a href=\"https:\/\/www.bag.admin.ch\/bag\/de\/home\/strategie-und-politik\/politische-auftraege-und-aktionsplaene\/politische-auftraege-zur-alkoholpraevention\/alkoholpraevention-kantone.html\">hier<\/a>.<\/p>\n<p class=\"v1MsoNormal\"><b>Bestimmungen des neuen Tabakproduktegesetzes (voraussichtlich ab Herbst 2024)<\/b><\/p>\n<p class=\"v1MsoNormal\">Das neue Bundesgesetz regelt neben Tabakerzeugnissen auch elektronische Zigaretten, erhitzte Tabakprodukte, pflanzliche Raucherwaren, insbesondere THC-arme Hanfrauchwaren mit CBD sowie sogenannte \u00abgleichartige Produkte\u00bb (z.B. neue nikotinhaltige Produkte ohne Tabak).<\/p>\n<ul>\n<li class=\"v1MsoNormal\">Im Bereich des Jugendschutzes sind folgende Massnahmen festgelegt worden:<\/li>\n<li class=\"v1MsoNormal\">Tabakprodukte und elektronische Zigaretten d\u00fcrfen nicht an unter 18-J\u00e4hrige verkauft werden. Wer das Verbot missachtet, kann mit einer Busse bestraft werden.<\/li>\n<li class=\"v1MsoNormal\">Werbung f\u00fcr Tabakprodukte und elektronische Zigaretten auf Plakaten, in Kinos, auf Sportpl\u00e4tzen, in und an \u00f6ffentlichen Geb\u00e4uden sowie in und an \u00f6ffentlichen Verkehrsmitteln ist verboten.<\/li>\n<li class=\"v1MsoNormal\">Werbung f\u00fcr Tabakprodukte und elektronische Zigaretten, die sich an Minderj\u00e4hrige richtet, ist verboten.<\/li>\n<li class=\"v1MsoNormal\">Das Sponsoring von Veranstaltungen f\u00fcr Jugendliche oder von Veranstaltungen mit internationalem Charakter ist verboten.<\/li>\n<\/ul>\n<\/div><\/section><\/p><\/div><\/div><\/div><\/div><!-- close content main div --><\/div><\/div><div id='after_section_1'  class='main_color av_default_container_wrap container_wrap sidebar_right'  ><div class='container av-section-cont-open' ><div class='template-page content  av-content-small alpha units'><div class='post-entry post-entry-type-page post-entry-176'><div class='entry-content-wrapper clearfix'>\n","protected":false},"excerpt":{"rendered":"","protected":false},"author":1,"featured_media":0,"parent":174,"menu_order":31,"comment_status":"closed","ping_status":"closed","template":"","meta":{"inline_featured_image":false,"footnotes":""},"class_list":["post-176","page","type-page","status-publish","hentry"],"_links":{"self":[{"href":"https:\/\/jugendschutz-zentral.ch\/uri\/wp-json\/wp\/v2\/pages\/176","targetHints":{"allow":["GET"]}}],"collection":[{"href":"https:\/\/jugendschutz-zentral.ch\/uri\/wp-json\/wp\/v2\/pages"}],"about":[{"href":"https:\/\/jugendschutz-zentral.ch\/uri\/wp-json\/wp\/v2\/types\/page"}],"author":[{"embeddable":true,"href":"https:\/\/jugendschutz-zentral.ch\/uri\/wp-json\/wp\/v2\/users\/1"}],"replies":[{"embeddable":true,"href":"https:\/\/jugendschutz-zentral.ch\/uri\/wp-json\/wp\/v2\/comments?post=176"}],"version-history":[{"count":0,"href":"https:\/\/jugendschutz-zentral.ch\/uri\/wp-json\/wp\/v2\/pages\/176\/revisions"}],"up":[{"embeddable":true,"href":"https:\/\/jugendschutz-zentral.ch\/uri\/wp-json\/wp\/v2\/pages\/174"}],"wp:attachment":[{"href":"https:\/\/jugendschutz-zentral.ch\/uri\/wp-json\/wp\/v2\/media?parent=176"}],"curies":[{"name":"wp","href":"https:\/\/api.w.org\/{rel}","templated":true}]}}