{"id":161,"date":"2023-06-01T10:50:15","date_gmt":"2023-06-01T08:50:15","guid":{"rendered":"http:\/\/wordpress.jugendschutz-zentral.ch\/uri\/?page_id=161"},"modified":"2023-10-27T15:25:55","modified_gmt":"2023-10-27T13:25:55","slug":"information","status":"publish","type":"page","link":"https:\/\/jugendschutz-zentral.ch\/uri\/gastronomie\/information\/","title":{"rendered":"Information"},"content":{"rendered":"<div id='full_slider_1'  class='avia-fullwidth-slider main_color avia-shadow   avia-builder-el-0  el_before_av_section  avia-builder-el-first   container_wrap sidebar_right'  ><div  class='avia-slideshow av-lneuhahk-170c2231c85552f0380227404d7ce89b avia-slideshow-featured av_slideshow_full avia-fade-slider av-slideshow-ui av-control-hidden av-no-slider-navigation av-hide-nav-arrows av-slideshow-autoplay av-loop-endless av-loop-manual-endless av-default-height-applied   avia-slideshow-1' data-slideshow-options=\"{&quot;animation&quot;:&quot;fade&quot;,&quot;autoplay&quot;:true,&quot;loop_autoplay&quot;:&quot;endless&quot;,&quot;interval&quot;:10,&quot;loop_manual&quot;:&quot;manual-endless&quot;,&quot;autoplay_stopper&quot;:false,&quot;noNavigation&quot;:true,&quot;bg_slider&quot;:false,&quot;keep_padding&quot;:false,&quot;hoverpause&quot;:false,&quot;show_slide_delay&quot;:0}\"  itemprop=\"image\" itemscope=\"itemscope\" itemtype=\"https:\/\/schema.org\/ImageObject\" ><ul class='avia-slideshow-inner ' style='padding-bottom: 28.666666666667%;'><li  class='avia-slideshow-slide av-lneuhahk-170c2231c85552f0380227404d7ce89b__0  slide-1 slide-odd'><div data-rel='slideshow-1' class='avia-slide-wrap '   ><img decoding=\"async\" fetchpriority=\"high\" class=\"wp-image-278 avia-img-lazy-loading-not-278\"  src=\"https:\/\/jugendschutz-zentral.ch\/uri\/wp-content\/uploads\/sites\/5\/2023\/10\/banner_03-1500x430.jpg\" width=\"1500\" height=\"430\" title='Whiskey eingiessen' alt=''  itemprop=\"thumbnailUrl\"  style='min-height:150px; min-width:524px; ' \/><\/div><\/li><li  class='avia-slideshow-slide av-lneuhahk-170c2231c85552f0380227404d7ce89b__1  slide-2 slide-even'><div data-rel='slideshow-1' class='avia-slide-wrap '   ><img decoding=\"async\" fetchpriority=\"high\" class=\"wp-image-276 avia-img-lazy-loading-not-276\"  src=\"https:\/\/jugendschutz-zentral.ch\/uri\/wp-content\/uploads\/sites\/5\/2023\/10\/banner_01-1500x430.jpg\" width=\"1500\" height=\"430\" title='Alkohol an Party' alt=''  itemprop=\"thumbnailUrl\"  style='min-height:150px; min-width:524px; ' \/><\/div><\/li><li  class='avia-slideshow-slide av-lneuhahk-170c2231c85552f0380227404d7ce89b__2  slide-3 slide-odd'><div data-rel='slideshow-1' class='avia-slide-wrap '   ><img decoding=\"async\" fetchpriority=\"high\" class=\"wp-image-339 avia-img-lazy-loading-not-339\"  src=\"https:\/\/jugendschutz-zentral.ch\/uri\/wp-content\/uploads\/sites\/5\/2023\/10\/banner_28-1500x430.jpg\" width=\"1500\" height=\"430\" title='Frau mit Snus' alt=''  itemprop=\"thumbnailUrl\"  style='min-height:150px; min-width:524px; ' \/><\/div><\/li><li  class='avia-slideshow-slide av-lneuhahk-170c2231c85552f0380227404d7ce89b__3  slide-4 slide-even'><div data-rel='slideshow-1' class='avia-slide-wrap '   ><img decoding=\"async\" fetchpriority=\"high\" class=\"wp-image-286 avia-img-lazy-loading-not-286\"  src=\"https:\/\/jugendschutz-zentral.ch\/uri\/wp-content\/uploads\/sites\/5\/2023\/10\/banner_24-1500x430.jpg\" width=\"1500\" height=\"430\" title='Bezahlen im Shop' alt=''  itemprop=\"thumbnailUrl\"  style='min-height:150px; min-width:524px; ' \/><\/div><\/li><li  class='avia-slideshow-slide av-lneuhahk-170c2231c85552f0380227404d7ce89b__4  slide-5 slide-odd'><div data-rel='slideshow-1' class='avia-slide-wrap '   ><img decoding=\"async\" fetchpriority=\"high\" class=\"wp-image-282 avia-img-lazy-loading-not-282\"  src=\"https:\/\/jugendschutz-zentral.ch\/uri\/wp-content\/uploads\/sites\/5\/2023\/10\/banner_22-1500x430.jpg\" width=\"1500\" height=\"430\" title='Bier kaufen' alt=''  itemprop=\"thumbnailUrl\"  style='min-height:150px; min-width:524px; ' \/><\/div><\/li><li  class='avia-slideshow-slide av-lneuhahk-170c2231c85552f0380227404d7ce89b__5  slide-6 slide-even'><div data-rel='slideshow-1' class='avia-slide-wrap '   ><img decoding=\"async\" fetchpriority=\"high\" class=\"wp-image-338 avia-img-lazy-loading-not-338\"  src=\"https:\/\/jugendschutz-zentral.ch\/uri\/wp-content\/uploads\/sites\/5\/2023\/10\/banner_27-1500x430.jpg\" width=\"1500\" height=\"430\" title='Auswahl an Vapes' alt=''  itemprop=\"thumbnailUrl\"  style='min-height:150px; min-width:524px; ' \/><\/div><\/li><li  class='avia-slideshow-slide av-lneuhahk-170c2231c85552f0380227404d7ce89b__6  slide-7 slide-odd'><div data-rel='slideshow-1' class='avia-slide-wrap '   ><img decoding=\"async\" fetchpriority=\"high\" class=\"wp-image-284 avia-img-lazy-loading-not-284\"  src=\"https:\/\/jugendschutz-zentral.ch\/uri\/wp-content\/uploads\/sites\/5\/2023\/10\/banner_23-1500x430.jpg\" width=\"1500\" height=\"430\" title='Rauchen an Open Air' alt=''  itemprop=\"thumbnailUrl\"  style='min-height:150px; min-width:524px; ' \/><\/div><\/li><li  class='avia-slideshow-slide av-lneuhahk-170c2231c85552f0380227404d7ce89b__7  slide-8 slide-even'><div data-rel='slideshow-1' class='avia-slide-wrap '   ><img decoding=\"async\" fetchpriority=\"high\" class=\"wp-image-277 avia-img-lazy-loading-not-277\"  src=\"https:\/\/jugendschutz-zentral.ch\/uri\/wp-content\/uploads\/sites\/5\/2023\/10\/banner_02-1500x430.jpg\" width=\"1500\" height=\"430\" title='Prost' alt=''  itemprop=\"thumbnailUrl\"  style='min-height:150px; min-width:524px; ' \/><\/div><\/li><li  class='avia-slideshow-slide av-lneuhahk-170c2231c85552f0380227404d7ce89b__8  slide-9 slide-odd'><div data-rel='slideshow-1' class='avia-slide-wrap '   ><img decoding=\"async\" fetchpriority=\"high\" class=\"wp-image-280 avia-img-lazy-loading-not-280\"  src=\"https:\/\/jugendschutz-zentral.ch\/uri\/wp-content\/uploads\/sites\/5\/2023\/10\/banner_21-1500x430.jpg\" width=\"1500\" height=\"430\" title='Vapes rauchen' alt=''  itemprop=\"thumbnailUrl\"  style='min-height:150px; min-width:524px; ' \/><\/div><\/li><li  class='avia-slideshow-slide av-lneuhahk-170c2231c85552f0380227404d7ce89b__9  slide-10 slide-even'><div data-rel='slideshow-1' class='avia-slide-wrap '   ><img decoding=\"async\" fetchpriority=\"high\" class=\"wp-image-336 avia-img-lazy-loading-not-336\"  src=\"https:\/\/jugendschutz-zentral.ch\/uri\/wp-content\/uploads\/sites\/5\/2023\/10\/banner_25-1500x430.jpg\" width=\"1500\" height=\"430\" title='Wein servieren' alt=''  itemprop=\"thumbnailUrl\"  style='min-height:150px; min-width:524px; ' \/><\/div><\/li><li  class='avia-slideshow-slide av-lneuhahk-170c2231c85552f0380227404d7ce89b__10  slide-11 slide-odd'><div data-rel='slideshow-1' class='avia-slide-wrap '   ><img decoding=\"async\" fetchpriority=\"high\" class=\"wp-image-279 avia-img-lazy-loading-not-279\"  src=\"https:\/\/jugendschutz-zentral.ch\/uri\/wp-content\/uploads\/sites\/5\/2023\/10\/banner_04-1500x430.jpg\" width=\"1500\" height=\"430\" title='Hands up am Konzert' alt=''  itemprop=\"thumbnailUrl\"  style='min-height:150px; min-width:524px; ' \/><\/div><\/li><li  class='avia-slideshow-slide av-lneuhahk-170c2231c85552f0380227404d7ce89b__11  slide-12 slide-even'><div data-rel='slideshow-1' class='avia-slide-wrap '   ><img decoding=\"async\" fetchpriority=\"high\" class=\"wp-image-337 avia-img-lazy-loading-not-337\"  src=\"https:\/\/jugendschutz-zentral.ch\/uri\/wp-content\/uploads\/sites\/5\/2023\/10\/banner_26-1500x430.jpg\" width=\"1500\" height=\"430\" title='Barbetrieb' alt=''  itemprop=\"thumbnailUrl\"  style='min-height:150px; min-width:524px; ' \/><\/div><\/li><\/ul><div class='avia-slideshow-arrows avia-slideshow-controls' ><a href='#prev' class='prev-slide  avia-svg-icon avia-font-svg_entypo-fontello' data-av_svg_icon='left-open-big' data-av_iconset='svg_entypo-fontello' tabindex='-1' title=\"Zur\u00fcck\"><svg version=\"1.1\" xmlns=\"http:\/\/www.w3.org\/2000\/svg\" width=\"15\" height=\"32\" viewBox=\"0 0 15 32\" preserveAspectRatio=\"xMidYMid meet\" aria-labelledby='av-svg-title-1' aria-describedby='av-svg-desc-1' role=\"graphics-symbol\" aria-hidden=\"true\">\n<title id='av-svg-title-1'>Zur\u00fcck<\/title>\n<desc id='av-svg-desc-1'>Zur\u00fcck<\/desc>\n<path d=\"M14.464 27.84q0.832 0.832 0 1.536-0.832 0.832-1.536 0l-12.544-12.608q-0.768-0.768 0-1.6l12.544-12.608q0.704-0.832 1.536 0 0.832 0.704 0 1.536l-11.456 11.904z\"><\/path>\n<\/svg><span class='avia_hidden_link_text'>Zur\u00fcck<\/span><\/a><a href='#next' class='next-slide  avia-svg-icon avia-font-svg_entypo-fontello' data-av_svg_icon='right-open-big' data-av_iconset='svg_entypo-fontello' tabindex='-1' title=\"Weiter\"><svg version=\"1.1\" xmlns=\"http:\/\/www.w3.org\/2000\/svg\" width=\"15\" height=\"32\" viewBox=\"0 0 15 32\" preserveAspectRatio=\"xMidYMid meet\" aria-labelledby='av-svg-title-2' aria-describedby='av-svg-desc-2' role=\"graphics-symbol\" aria-hidden=\"true\">\n<title id='av-svg-title-2'>Weiter<\/title>\n<desc id='av-svg-desc-2'>Weiter<\/desc>\n<path d=\"M0.416 27.84l11.456-11.84-11.456-11.904q-0.832-0.832 0-1.536 0.832-0.832 1.536 0l12.544 12.608q0.768 0.832 0 1.6l-12.544 12.608q-0.704 0.832-1.536 0-0.832-0.704 0-1.536z\"><\/path>\n<\/svg><span class='avia_hidden_link_text'>Weiter<\/span><\/a><\/div><\/div><\/div>\n<div id='av_section_1'  class='avia-section av-cw0ll-2a53457c74e8dfecae60c3d0b70021f8 main_color avia-section-huge avia-no-border-styling  avia-builder-el-1  el_after_av_slideshow_full  avia-builder-el-last  avia-bg-style-scroll container_wrap sidebar_right'  ><div class='container av-section-cont-open' ><div class='template-page content  av-content-small alpha units'><div class='post-entry post-entry-type-page post-entry-161'><div class='entry-content-wrapper clearfix'>\n\n<style type=\"text\/css\" data-created_by=\"avia_inline_auto\" id=\"style-css-av-aesep-9e7482c557fe0a4d82ea2b4504ab0694\">\n#top .flex_column.av-aesep-9e7482c557fe0a4d82ea2b4504ab0694{\nmargin-top:-200px;\nmargin-bottom:0px;\n}\n.flex_column.av-aesep-9e7482c557fe0a4d82ea2b4504ab0694{\npadding:30px 30px 30px 30px;\nbackground-color:#ffffff;\n}\n.responsive #top #wrap_all .flex_column.av-aesep-9e7482c557fe0a4d82ea2b4504ab0694{\nmargin-top:-200px;\nmargin-bottom:0px;\n}\n<\/style>\n<div  class='flex_column av-aesep-9e7482c557fe0a4d82ea2b4504ab0694 av_one_full  avia-builder-el-2  avia-builder-el-no-sibling  first flex_column_div  '     ><p>\n<style type=\"text\/css\" data-created_by=\"avia_inline_auto\" id=\"style-css-av-licwah7m-1be7ab87206992d498945e069723958b\">\n#top .av-special-heading.av-licwah7m-1be7ab87206992d498945e069723958b{\npadding-bottom:10px;\n}\nbody .av-special-heading.av-licwah7m-1be7ab87206992d498945e069723958b .av-special-heading-tag .heading-char{\nfont-size:25px;\n}\n.av-special-heading.av-licwah7m-1be7ab87206992d498945e069723958b .av-subheading{\nfont-size:15px;\n}\n<\/style>\n<div  class='av-special-heading av-licwah7m-1be7ab87206992d498945e069723958b av-special-heading-h2  avia-builder-el-3  el_before_av_textblock  avia-builder-el-first '><h2 class='av-special-heading-tag '  itemprop=\"headline\"  >Information<\/h2><div class=\"special-heading-border\"><div class=\"special-heading-inner-border\"><\/div><\/div><\/div><br \/>\n<section  class='av_textblock_section av-licwbjki-ab37c7a81b18a44dc499b876c7b9721f '   itemscope=\"itemscope\" itemtype=\"https:\/\/schema.org\/CreativeWork\" ><div class='avia_textblock'  itemprop=\"text\" ><p>Sie nehmen den Jugendschutz ernst und wollen Ihr Personal daf\u00fcr sensibilisieren? Sie trauen sich nicht immer, einen Ausweis zu verlangen? Wir bieten Ihnen dazu Informationsmaterial und kostenlose Beratungen (inkl. Vermittlung von Schulungen) und ein<strong>\u00a0<a class=\"doclink docman_track_download k-ui-namespace\" href=\"http:\/\/jugendschutz-zentral.ch\/uri\/download\/8\/uri\/122\/sorry-tabak.pdf\" type=\"application\/pdf\" data-title=\"Sorry Tabak\" data-id=\"13\" data-processed=\"data-processed\">Faltblatt mit Tipps zum Verkauf von Tabak\u00a0(187 KB)\u00a0<\/a><\/strong>an.<\/p>\n<p>In unserem\u00a0<a href=\"https:\/\/uri.jugendschutz-zentral.ch\/index.php\/bestellen-uri\">Shop<\/a>\u00a0k\u00f6nnen Sie kostenlos Produkte zum Jugendschutz bestellen. Wie z.B. Plakate, welche auf das gesetzliche Mindestalter beim Verkauf von Alkohol oder Tabak hinweisen oder auch Betriebe unterst\u00fctzen, welche freiwillig keinen Alkohol oder Tabak an unter 18-J\u00e4hrige verkaufen m\u00f6chten\u2026<\/p>\n<\/div><\/section><\/p><\/div>\n<\/div><\/div><\/div><!-- close content main div --><\/div><\/div><div id='after_section_1'  class='main_color av_default_container_wrap container_wrap sidebar_right'  ><div class='container av-section-cont-open' ><div class='template-page content  av-content-small alpha units'><div class='post-entry post-entry-type-page post-entry-161'><div class='entry-content-wrapper clearfix'>\n","protected":false},"excerpt":{"rendered":"","protected":false},"author":1,"featured_media":0,"parent":159,"menu_order":21,"comment_status":"closed","ping_status":"closed","template":"","meta":{"inline_featured_image":false,"footnotes":""},"class_list":["post-161","page","type-page","status-publish","hentry"],"_links":{"self":[{"href":"https:\/\/jugendschutz-zentral.ch\/uri\/wp-json\/wp\/v2\/pages\/161","targetHints":{"allow":["GET"]}}],"collection":[{"href":"https:\/\/jugendschutz-zentral.ch\/uri\/wp-json\/wp\/v2\/pages"}],"about":[{"href":"https:\/\/jugendschutz-zentral.ch\/uri\/wp-json\/wp\/v2\/types\/page"}],"author":[{"embeddable":true,"href":"https:\/\/jugendschutz-zentral.ch\/uri\/wp-json\/wp\/v2\/users\/1"}],"replies":[{"embeddable":true,"href":"https:\/\/jugendschutz-zentral.ch\/uri\/wp-json\/wp\/v2\/comments?post=161"}],"version-history":[{"count":0,"href":"https:\/\/jugendschutz-zentral.ch\/uri\/wp-json\/wp\/v2\/pages\/161\/revisions"}],"up":[{"embeddable":true,"href":"https:\/\/jugendschutz-zentral.ch\/uri\/wp-json\/wp\/v2\/pages\/159"}],"wp:attachment":[{"href":"https:\/\/jugendschutz-zentral.ch\/uri\/wp-json\/wp\/v2\/media?parent=161"}],"curies":[{"name":"wp","href":"https:\/\/api.w.org\/{rel}","templated":true}]}}