{"id":143,"date":"2023-06-01T10:41:45","date_gmt":"2023-06-01T08:41:45","guid":{"rendered":"http:\/\/wordpress.jugendschutz-zentral.ch\/uri\/?page_id=143"},"modified":"2025-01-27T15:10:49","modified_gmt":"2025-01-27T14:10:49","slug":"home","status":"publish","type":"page","link":"https:\/\/jugendschutz-zentral.ch\/uri\/","title":{"rendered":"Home"},"content":{"rendered":"<div id='full_slider_1'  class='avia-fullwidth-slider main_color avia-shadow   avia-builder-el-0  el_before_av_section  avia-builder-el-first   container_wrap sidebar_right'  ><div  class='avia-slideshow av-lmkipust-826cb09139aa329c061215c8d4f0042f avia-slideshow-featured av_slideshow_full avia-fade-slider av-slideshow-ui av-control-hidden av-no-slider-navigation av-hide-nav-arrows av-slideshow-autoplay av-loop-endless av-loop-manual-endless av-default-height-applied   avia-slideshow-1' data-slideshow-options=\"{&quot;animation&quot;:&quot;fade&quot;,&quot;autoplay&quot;:true,&quot;loop_autoplay&quot;:&quot;endless&quot;,&quot;interval&quot;:10,&quot;loop_manual&quot;:&quot;manual-endless&quot;,&quot;autoplay_stopper&quot;:false,&quot;noNavigation&quot;:true,&quot;bg_slider&quot;:false,&quot;keep_padding&quot;:false,&quot;hoverpause&quot;:false,&quot;show_slide_delay&quot;:0}\"  itemprop=\"image\" itemscope=\"itemscope\" itemtype=\"https:\/\/schema.org\/ImageObject\" ><ul class='avia-slideshow-inner ' style='padding-bottom: 28.666666666667%;'><li  class='avia-slideshow-slide av-lmkipust-826cb09139aa329c061215c8d4f0042f__0  slide-1 slide-odd'><div data-rel='slideshow-1' class='avia-slide-wrap '   ><img decoding=\"async\" fetchpriority=\"high\" class=\"wp-image-276 avia-img-lazy-loading-not-276\"  src=\"https:\/\/jugendschutz-zentral.ch\/uri\/wp-content\/uploads\/sites\/5\/2023\/10\/banner_01-1500x430.jpg\" width=\"1500\" height=\"430\" title='Alkohol an Party' alt=''  itemprop=\"thumbnailUrl\"  style='min-height:150px; min-width:524px; ' \/><\/div><\/li><li  class='avia-slideshow-slide av-lmkipust-826cb09139aa329c061215c8d4f0042f__1  slide-2 slide-even'><div data-rel='slideshow-1' class='avia-slide-wrap '   ><img decoding=\"async\" fetchpriority=\"high\" class=\"wp-image-337 avia-img-lazy-loading-not-337\"  src=\"https:\/\/jugendschutz-zentral.ch\/uri\/wp-content\/uploads\/sites\/5\/2023\/10\/banner_26-1500x430.jpg\" width=\"1500\" height=\"430\" title='Barbetrieb' alt=''  itemprop=\"thumbnailUrl\"  style='min-height:150px; min-width:524px; ' \/><\/div><\/li><li  class='avia-slideshow-slide av-lmkipust-826cb09139aa329c061215c8d4f0042f__2  slide-3 slide-odd'><div data-rel='slideshow-1' class='avia-slide-wrap '   ><img decoding=\"async\" fetchpriority=\"high\" class=\"wp-image-286 avia-img-lazy-loading-not-286\"  src=\"https:\/\/jugendschutz-zentral.ch\/uri\/wp-content\/uploads\/sites\/5\/2023\/10\/banner_24-1500x430.jpg\" width=\"1500\" height=\"430\" title='Bezahlen im Shop' alt=''  itemprop=\"thumbnailUrl\"  style='min-height:150px; min-width:524px; ' \/><\/div><\/li><li  class='avia-slideshow-slide av-lmkipust-826cb09139aa329c061215c8d4f0042f__3  slide-4 slide-even'><div data-rel='slideshow-1' class='avia-slide-wrap '   ><img decoding=\"async\" fetchpriority=\"high\" class=\"wp-image-278 avia-img-lazy-loading-not-278\"  src=\"https:\/\/jugendschutz-zentral.ch\/uri\/wp-content\/uploads\/sites\/5\/2023\/10\/banner_03-1500x430.jpg\" width=\"1500\" height=\"430\" title='Whiskey eingiessen' alt=''  itemprop=\"thumbnailUrl\"  style='min-height:150px; min-width:524px; ' \/><\/div><\/li><li  class='avia-slideshow-slide av-lmkipust-826cb09139aa329c061215c8d4f0042f__4  slide-5 slide-odd'><div data-rel='slideshow-1' class='avia-slide-wrap '   ><img decoding=\"async\" fetchpriority=\"high\" class=\"wp-image-282 avia-img-lazy-loading-not-282\"  src=\"https:\/\/jugendschutz-zentral.ch\/uri\/wp-content\/uploads\/sites\/5\/2023\/10\/banner_22-1500x430.jpg\" width=\"1500\" height=\"430\" title='Bier kaufen' alt=''  itemprop=\"thumbnailUrl\"  style='min-height:150px; min-width:524px; ' \/><\/div><\/li><li  class='avia-slideshow-slide av-lmkipust-826cb09139aa329c061215c8d4f0042f__5  slide-6 slide-even'><div data-rel='slideshow-1' class='avia-slide-wrap '   ><img decoding=\"async\" fetchpriority=\"high\" class=\"wp-image-284 avia-img-lazy-loading-not-284\"  src=\"https:\/\/jugendschutz-zentral.ch\/uri\/wp-content\/uploads\/sites\/5\/2023\/10\/banner_23-1500x430.jpg\" width=\"1500\" height=\"430\" title='Rauchen an Open Air' alt=''  itemprop=\"thumbnailUrl\"  style='min-height:150px; min-width:524px; ' \/><\/div><\/li><li  class='avia-slideshow-slide av-lmkipust-826cb09139aa329c061215c8d4f0042f__6  slide-7 slide-odd'><div data-rel='slideshow-1' class='avia-slide-wrap '   ><img decoding=\"async\" fetchpriority=\"high\" class=\"wp-image-336 avia-img-lazy-loading-not-336\"  src=\"https:\/\/jugendschutz-zentral.ch\/uri\/wp-content\/uploads\/sites\/5\/2023\/10\/banner_25-1500x430.jpg\" width=\"1500\" height=\"430\" title='Wein servieren' alt=''  itemprop=\"thumbnailUrl\"  style='min-height:150px; min-width:524px; ' \/><\/div><\/li><li  class='avia-slideshow-slide av-lmkipust-826cb09139aa329c061215c8d4f0042f__7  slide-8 slide-even'><div data-rel='slideshow-1' class='avia-slide-wrap '   ><img decoding=\"async\" fetchpriority=\"high\" class=\"wp-image-277 avia-img-lazy-loading-not-277\"  src=\"https:\/\/jugendschutz-zentral.ch\/uri\/wp-content\/uploads\/sites\/5\/2023\/10\/banner_02-1500x430.jpg\" width=\"1500\" height=\"430\" title='Prost' alt=''  itemprop=\"thumbnailUrl\"  style='min-height:150px; min-width:524px; ' \/><\/div><\/li><li  class='avia-slideshow-slide av-lmkipust-826cb09139aa329c061215c8d4f0042f__8  slide-9 slide-odd'><div data-rel='slideshow-1' class='avia-slide-wrap '   ><img decoding=\"async\" fetchpriority=\"high\" class=\"wp-image-339 avia-img-lazy-loading-not-339\"  src=\"https:\/\/jugendschutz-zentral.ch\/uri\/wp-content\/uploads\/sites\/5\/2023\/10\/banner_28-1500x430.jpg\" width=\"1500\" height=\"430\" title='Frau mit Snus' alt=''  itemprop=\"thumbnailUrl\"  style='min-height:150px; min-width:524px; ' \/><\/div><\/li><li  class='avia-slideshow-slide av-lmkipust-826cb09139aa329c061215c8d4f0042f__9  slide-10 slide-even'><div data-rel='slideshow-1' class='avia-slide-wrap '   ><img decoding=\"async\" fetchpriority=\"high\" class=\"wp-image-280 avia-img-lazy-loading-not-280\"  src=\"https:\/\/jugendschutz-zentral.ch\/uri\/wp-content\/uploads\/sites\/5\/2023\/10\/banner_21-1500x430.jpg\" width=\"1500\" height=\"430\" title='Vapes rauchen' alt=''  itemprop=\"thumbnailUrl\"  style='min-height:150px; min-width:524px; ' \/><\/div><\/li><li  class='avia-slideshow-slide av-lmkipust-826cb09139aa329c061215c8d4f0042f__10  slide-11 slide-odd'><div data-rel='slideshow-1' class='avia-slide-wrap '   ><img decoding=\"async\" fetchpriority=\"high\" class=\"wp-image-338 avia-img-lazy-loading-not-338\"  src=\"https:\/\/jugendschutz-zentral.ch\/uri\/wp-content\/uploads\/sites\/5\/2023\/10\/banner_27-1500x430.jpg\" width=\"1500\" height=\"430\" title='Auswahl an Vapes' alt=''  itemprop=\"thumbnailUrl\"  style='min-height:150px; min-width:524px; ' \/><\/div><\/li><li  class='avia-slideshow-slide av-lmkipust-826cb09139aa329c061215c8d4f0042f__11  slide-12 slide-even'><div data-rel='slideshow-1' class='avia-slide-wrap '   ><img decoding=\"async\" fetchpriority=\"high\" class=\"wp-image-279 avia-img-lazy-loading-not-279\"  src=\"https:\/\/jugendschutz-zentral.ch\/uri\/wp-content\/uploads\/sites\/5\/2023\/10\/banner_04-1500x430.jpg\" width=\"1500\" height=\"430\" title='Hands up am Konzert' alt=''  itemprop=\"thumbnailUrl\"  style='min-height:150px; min-width:524px; ' \/><\/div><\/li><\/ul><div class='avia-slideshow-arrows avia-slideshow-controls' ><a href='#prev' class='prev-slide  avia-svg-icon avia-font-svg_entypo-fontello' data-av_svg_icon='left-open-big' data-av_iconset='svg_entypo-fontello' tabindex='-1' title=\"Zur\u00fcck\"><svg version=\"1.1\" xmlns=\"http:\/\/www.w3.org\/2000\/svg\" width=\"15\" height=\"32\" viewBox=\"0 0 15 32\" preserveAspectRatio=\"xMidYMid meet\" aria-labelledby='av-svg-title-1' aria-describedby='av-svg-desc-1' role=\"graphics-symbol\" aria-hidden=\"true\">\n<title id='av-svg-title-1'>Zur\u00fcck<\/title>\n<desc id='av-svg-desc-1'>Zur\u00fcck<\/desc>\n<path d=\"M14.464 27.84q0.832 0.832 0 1.536-0.832 0.832-1.536 0l-12.544-12.608q-0.768-0.768 0-1.6l12.544-12.608q0.704-0.832 1.536 0 0.832 0.704 0 1.536l-11.456 11.904z\"><\/path>\n<\/svg><span class='avia_hidden_link_text'>Zur\u00fcck<\/span><\/a><a href='#next' class='next-slide  avia-svg-icon avia-font-svg_entypo-fontello' data-av_svg_icon='right-open-big' data-av_iconset='svg_entypo-fontello' tabindex='-1' title=\"Weiter\"><svg version=\"1.1\" xmlns=\"http:\/\/www.w3.org\/2000\/svg\" width=\"15\" height=\"32\" viewBox=\"0 0 15 32\" preserveAspectRatio=\"xMidYMid meet\" aria-labelledby='av-svg-title-2' aria-describedby='av-svg-desc-2' role=\"graphics-symbol\" aria-hidden=\"true\">\n<title id='av-svg-title-2'>Weiter<\/title>\n<desc id='av-svg-desc-2'>Weiter<\/desc>\n<path d=\"M0.416 27.84l11.456-11.84-11.456-11.904q-0.832-0.832 0-1.536 0.832-0.832 1.536 0l12.544 12.608q0.768 0.832 0 1.6l-12.544 12.608q-0.704 0.832-1.536 0-0.832-0.704 0-1.536z\"><\/path>\n<\/svg><span class='avia_hidden_link_text'>Weiter<\/span><\/a><\/div><\/div><\/div>\n<div id='av_section_1'  class='avia-section av-kalt3-86b4ffd687a77669e4fb01787c58994a main_color avia-section-huge avia-no-border-styling  avia-builder-el-1  el_after_av_slideshow_full  avia-builder-el-last  avia-bg-style-scroll container_wrap sidebar_right'  ><div class='container av-section-cont-open' ><div class='template-page content  av-content-small alpha units'><div class='post-entry post-entry-type-page post-entry-143'><div class='entry-content-wrapper clearfix'>\n\n<style type=\"text\/css\" data-created_by=\"avia_inline_auto\" id=\"style-css-av-fp50n-9c31e861de0ff891e70a922ae0a604ef\">\n#top .flex_column.av-fp50n-9c31e861de0ff891e70a922ae0a604ef{\nmargin-top:-200px;\nmargin-bottom:0px;\n}\n.flex_column.av-fp50n-9c31e861de0ff891e70a922ae0a604ef{\npadding:30px 30px 30px 30px;\nbackground-color:#ffffff;\n}\n.responsive #top #wrap_all .flex_column.av-fp50n-9c31e861de0ff891e70a922ae0a604ef{\nmargin-top:-200px;\nmargin-bottom:0px;\n}\n<\/style>\n<div  class='flex_column av-fp50n-9c31e861de0ff891e70a922ae0a604ef av_one_full  avia-builder-el-2  avia-builder-el-no-sibling  first flex_column_div  '     ><p>\n<style type=\"text\/css\" data-created_by=\"avia_inline_auto\" id=\"style-css-av-x83j-86b01c28ed66ac43af1f68753f1052b9\">\n#top .av-special-heading.av-x83j-86b01c28ed66ac43af1f68753f1052b9{\npadding-bottom:10px;\n}\nbody .av-special-heading.av-x83j-86b01c28ed66ac43af1f68753f1052b9 .av-special-heading-tag .heading-char{\nfont-size:25px;\n}\n.av-special-heading.av-x83j-86b01c28ed66ac43af1f68753f1052b9 .av-subheading{\nfont-size:15px;\n}\n<\/style>\n<div  class='av-special-heading av-x83j-86b01c28ed66ac43af1f68753f1052b9 av-special-heading-h2  avia-builder-el-3  el_before_av_hr  avia-builder-el-first '><h2 class='av-special-heading-tag '  itemprop=\"headline\"  >KANTON URI<\/h2><div class=\"special-heading-border\"><div class=\"special-heading-inner-border\"><\/div><\/div><\/div><br \/>\n\n<style type=\"text\/css\" data-created_by=\"avia_inline_auto\" id=\"style-css-av-lnf7s8gs-3ab7d639855189558bf778f6c0e73f6e\">\n#top .hr.hr-invisible.av-lnf7s8gs-3ab7d639855189558bf778f6c0e73f6e{\nheight:13px;\n}\n<\/style>\n<div  class='hr av-lnf7s8gs-3ab7d639855189558bf778f6c0e73f6e hr-invisible  avia-builder-el-4  el_after_av_heading  el_before_av_textblock '><span class='hr-inner '><span class=\"hr-inner-style\"><\/span><\/span><\/div><br \/>\n<section  class='av_textblock_section av-licw0m6a-b9d30f7fc188adf1a408870fe4422499 '   itemscope=\"itemscope\" itemtype=\"https:\/\/schema.org\/CreativeWork\" ><div class='avia_textblock'  itemprop=\"text\" ><p>Sie organisieren demn\u00e4chst ein Fest, eine Party oder einen Event?<\/p>\n<p>Jugendschutz ist f\u00fcr Sie als Veranstalter neben der Programmgestaltung, der Personalplanung, der Technik, der Verpflegung etc. ein wichtiges Thema. Denn der Verkauf von Alkohol an unter 16-J\u00e4hrige bzw. an unter 18-J\u00e4hrige ist verboten und kann bestraft werden. Weitere wichtige Informationen finden Sie in der Brosch\u00fcre <a href=\"https:\/\/jugendschutz-zentral.ch\/uri\/wpfd_file\/broschuere_alkoholabgabe_an_jugendliche\/\" target=\"_blank\" rel=\"noopener\">Alkoholabgabe an Jugendliche (2.00 MB)<\/a> .<br \/>\nHier finden Sie Unterst\u00fctzung zur Umsetzung des Jugendschutzes an Ihrer Veranstaltung!<\/p>\n<p>Im <a href=\"https:\/\/jugendschutz-zentral.ch\/uri\/shop\/\">Shop<\/a> k\u00f6nnen Sie Jugendschutzmaterial bestellen.<\/p>\n<p><strong>Jugendschutz ist ein ernst zu nehmendes Thema. Je fr\u00fcher sich junge Menschen den Konsum von Suchtmitteln zur Gewohnheit machen, desto gr\u00f6sser ist das Risiko einer sp\u00e4teren Abh\u00e4ngigkeit.<\/strong><\/p>\n<\/div><\/section><\/p><\/div><\/div><\/div><\/div><!-- close content main div --><\/div><\/div><div id='after_section_1'  class='main_color av_default_container_wrap container_wrap sidebar_right'  ><div class='container av-section-cont-open' ><div class='template-page content  av-content-small alpha units'><div class='post-entry post-entry-type-page post-entry-143'><div class='entry-content-wrapper clearfix'>\n","protected":false},"excerpt":{"rendered":"","protected":false},"author":1,"featured_media":0,"parent":0,"menu_order":0,"comment_status":"closed","ping_status":"closed","template":"","meta":{"inline_featured_image":false,"footnotes":""},"class_list":["post-143","page","type-page","status-publish","hentry"],"_links":{"self":[{"href":"https:\/\/jugendschutz-zentral.ch\/uri\/wp-json\/wp\/v2\/pages\/143","targetHints":{"allow":["GET"]}}],"collection":[{"href":"https:\/\/jugendschutz-zentral.ch\/uri\/wp-json\/wp\/v2\/pages"}],"about":[{"href":"https:\/\/jugendschutz-zentral.ch\/uri\/wp-json\/wp\/v2\/types\/page"}],"author":[{"embeddable":true,"href":"https:\/\/jugendschutz-zentral.ch\/uri\/wp-json\/wp\/v2\/users\/1"}],"replies":[{"embeddable":true,"href":"https:\/\/jugendschutz-zentral.ch\/uri\/wp-json\/wp\/v2\/comments?post=143"}],"version-history":[{"count":1,"href":"https:\/\/jugendschutz-zentral.ch\/uri\/wp-json\/wp\/v2\/pages\/143\/revisions"}],"predecessor-version":[{"id":424,"href":"https:\/\/jugendschutz-zentral.ch\/uri\/wp-json\/wp\/v2\/pages\/143\/revisions\/424"}],"wp:attachment":[{"href":"https:\/\/jugendschutz-zentral.ch\/uri\/wp-json\/wp\/v2\/media?parent=143"}],"curies":[{"name":"wp","href":"https:\/\/api.w.org\/{rel}","templated":true}]}}