{"id":171,"date":"2023-06-04T11:07:20","date_gmt":"2023-06-04T09:07:20","guid":{"rendered":"http:\/\/wordpress.jugendschutz-zentral.ch\/schwyz\/?post_type=product&#038;p=171"},"modified":"2024-07-10T15:09:54","modified_gmt":"2024-07-10T13:09:54","slug":"kontrollbaendeli-farbsatz-1","status":"publish","type":"product","link":"https:\/\/jugendschutz-zentral.ch\/schwyz\/produkt\/kontrollbaendeli-farbsatz-1\/","title":{"rendered":"Kontrollb\u00e4ndeli Farbsatz 1"},"content":{"rendered":"","protected":false},"excerpt":{"rendered":"<p><strong>Der Farbsatz 1 ist f\u00fcr 1-t\u00e4gige Veranstaltungen vorgesehen.<\/strong><\/p>\n<p>B\u00e4ndeli\u00a0ROT: unter 16 Jahren<br \/>\nB\u00e4ndeli GELB: 16 \u2013 18 Jahre<br \/>\nB\u00e4ndeli\u00a0GR\u00dcN: ab 18 Jahren<\/p>\n<p><strong>Bis 300 St\u00fcck gratis. Bitte nur die ben\u00f6tigte Anzahl bestellen.<\/strong><\/p>\n","protected":false},"featured_media":107,"template":"","meta":{"inline_featured_image":false},"product_brand":[],"product_cat":[24],"product_tag":[],"class_list":{"0":"post-171","1":"product","2":"type-product","3":"status-publish","4":"has-post-thumbnail","6":"product_cat-schwyz","8":"first","9":"instock","10":"shipping-taxable","11":"purchasable","12":"product-type-variable"},"_links":{"self":[{"href":"https:\/\/jugendschutz-zentral.ch\/schwyz\/wp-json\/wp\/v2\/product\/171","targetHints":{"allow":["GET"]}}],"collection":[{"href":"https:\/\/jugendschutz-zentral.ch\/schwyz\/wp-json\/wp\/v2\/product"}],"about":[{"href":"https:\/\/jugendschutz-zentral.ch\/schwyz\/wp-json\/wp\/v2\/types\/product"}],"wp:featuredmedia":[{"embeddable":true,"href":"https:\/\/jugendschutz-zentral.ch\/schwyz\/wp-json\/wp\/v2\/media\/107"}],"wp:attachment":[{"href":"https:\/\/jugendschutz-zentral.ch\/schwyz\/wp-json\/wp\/v2\/media?parent=171"}],"wp:term":[{"taxonomy":"product_brand","embeddable":true,"href":"https:\/\/jugendschutz-zentral.ch\/schwyz\/wp-json\/wp\/v2\/product_brand?post=171"},{"taxonomy":"product_cat","embeddable":true,"href":"https:\/\/jugendschutz-zentral.ch\/schwyz\/wp-json\/wp\/v2\/product_cat?post=171"},{"taxonomy":"product_tag","embeddable":true,"href":"https:\/\/jugendschutz-zentral.ch\/schwyz\/wp-json\/wp\/v2\/product_tag?post=171"}],"curies":[{"name":"wp","href":"https:\/\/api.w.org\/{rel}","templated":true}]}}