{"id":154,"date":"2023-06-01T10:05:06","date_gmt":"2023-06-01T08:05:06","guid":{"rendered":"http:\/\/wordpress.jugendschutz-zentral.ch\/schwyz\/?page_id=154"},"modified":"2025-04-11T15:07:49","modified_gmt":"2025-04-11T13:07:49","slug":"kantonale-gesetze","status":"publish","type":"page","link":"https:\/\/jugendschutz-zentral.ch\/schwyz\/gesetze\/kantonale-gesetze\/","title":{"rendered":"Kantonale Gesetze"},"content":{"rendered":"<div id='full_slider_1'  class='avia-fullwidth-slider main_color avia-shadow   avia-builder-el-0  el_before_av_section  avia-builder-el-first   container_wrap sidebar_right'  ><div  class='avia-slideshow av-lneu5qti-f0e27eabc0a70094fd429f743b17cfd9 avia-slideshow-featured av_slideshow_full avia-fade-slider av-slideshow-ui av-control-hidden av-no-slider-navigation av-hide-nav-arrows av-slideshow-autoplay av-loop-endless av-loop-manual-endless av-default-height-applied   avia-slideshow-1' data-slideshow-options=\"{&quot;animation&quot;:&quot;fade&quot;,&quot;autoplay&quot;:true,&quot;loop_autoplay&quot;:&quot;endless&quot;,&quot;interval&quot;:10,&quot;loop_manual&quot;:&quot;manual-endless&quot;,&quot;autoplay_stopper&quot;:false,&quot;noNavigation&quot;:true,&quot;bg_slider&quot;:false,&quot;keep_padding&quot;:false,&quot;hoverpause&quot;:false,&quot;show_slide_delay&quot;:0}\"  itemprop=\"image\" itemscope=\"itemscope\" itemtype=\"https:\/\/schema.org\/ImageObject\" ><ul class='avia-slideshow-inner ' style='padding-bottom: 28.666666666667%;'><li  class='avia-slideshow-slide av-lneu5qti-f0e27eabc0a70094fd429f743b17cfd9__0  slide-1 slide-odd'><div data-rel='slideshow-1' class='avia-slide-wrap '   ><img decoding=\"async\" fetchpriority=\"high\" class=\"wp-image-228 avia-img-lazy-loading-not-228\"  src=\"https:\/\/jugendschutz-zentral.ch\/schwyz\/wp-content\/uploads\/sites\/4\/2023\/10\/banner_24-1500x430.jpg\" width=\"1500\" height=\"430\" title='Bezahlen im Shop' alt=''  itemprop=\"thumbnailUrl\"  style='min-height:150px; min-width:524px; ' \/><\/div><\/li><li  class='avia-slideshow-slide av-lneu5qti-f0e27eabc0a70094fd429f743b17cfd9__1  slide-2 slide-even'><div data-rel='slideshow-1' class='avia-slide-wrap '   ><img decoding=\"async\" fetchpriority=\"high\" class=\"wp-image-221 avia-img-lazy-loading-not-221\"  src=\"https:\/\/jugendschutz-zentral.ch\/schwyz\/wp-content\/uploads\/sites\/4\/2023\/10\/banner_04-1500x430.jpg\" width=\"1500\" height=\"430\" title='Hands up am Konzert' alt=''  itemprop=\"thumbnailUrl\"  style='min-height:150px; min-width:524px; ' \/><\/div><\/li><li  class='avia-slideshow-slide av-lneu5qti-f0e27eabc0a70094fd429f743b17cfd9__2  slide-3 slide-odd'><div data-rel='slideshow-1' class='avia-slide-wrap '   ><img decoding=\"async\" fetchpriority=\"high\" class=\"wp-image-224 avia-img-lazy-loading-not-224\"  src=\"https:\/\/jugendschutz-zentral.ch\/schwyz\/wp-content\/uploads\/sites\/4\/2023\/10\/banner_22-1500x430.jpg\" width=\"1500\" height=\"430\" title='Bier kaufen' alt=''  itemprop=\"thumbnailUrl\"  style='min-height:150px; min-width:524px; ' \/><\/div><\/li><li  class='avia-slideshow-slide av-lneu5qti-f0e27eabc0a70094fd429f743b17cfd9__3  slide-4 slide-even'><div data-rel='slideshow-1' class='avia-slide-wrap '   ><img decoding=\"async\" fetchpriority=\"high\" class=\"wp-image-226 avia-img-lazy-loading-not-226\"  src=\"https:\/\/jugendschutz-zentral.ch\/schwyz\/wp-content\/uploads\/sites\/4\/2023\/10\/banner_23-1500x430.jpg\" width=\"1500\" height=\"430\" title='Rauchen an Konzert' alt=''  itemprop=\"thumbnailUrl\"  style='min-height:150px; min-width:524px; ' \/><\/div><\/li><li  class='avia-slideshow-slide av-lneu5qti-f0e27eabc0a70094fd429f743b17cfd9__4  slide-5 slide-odd'><div data-rel='slideshow-1' class='avia-slide-wrap '   ><img decoding=\"async\" fetchpriority=\"high\" class=\"wp-image-220 avia-img-lazy-loading-not-220\"  src=\"https:\/\/jugendschutz-zentral.ch\/schwyz\/wp-content\/uploads\/sites\/4\/2023\/10\/banner_03-1500x430.jpg\" width=\"1500\" height=\"430\" title='Whiskey eingiessen' alt=''  itemprop=\"thumbnailUrl\"  style='min-height:150px; min-width:524px; ' \/><\/div><\/li><li  class='avia-slideshow-slide av-lneu5qti-f0e27eabc0a70094fd429f743b17cfd9__5  slide-6 slide-even'><div data-rel='slideshow-1' class='avia-slide-wrap '   ><img decoding=\"async\" fetchpriority=\"high\" class=\"wp-image-219 avia-img-lazy-loading-not-219\"  src=\"https:\/\/jugendschutz-zentral.ch\/schwyz\/wp-content\/uploads\/sites\/4\/2023\/10\/banner_02-1500x430.jpg\" width=\"1500\" height=\"430\" title='Prost' alt=''  itemprop=\"thumbnailUrl\"  style='min-height:150px; min-width:524px; ' \/><\/div><\/li><li  class='avia-slideshow-slide av-lneu5qti-f0e27eabc0a70094fd429f743b17cfd9__6  slide-7 slide-odd'><div data-rel='slideshow-1' class='avia-slide-wrap '   ><img decoding=\"async\" fetchpriority=\"high\" class=\"wp-image-218 avia-img-lazy-loading-not-218\"  src=\"https:\/\/jugendschutz-zentral.ch\/schwyz\/wp-content\/uploads\/sites\/4\/2023\/10\/banner_01-1500x430.jpg\" width=\"1500\" height=\"430\" title='Alkohol an Party' alt=''  itemprop=\"thumbnailUrl\"  style='min-height:150px; min-width:524px; ' \/><\/div><\/li><li  class='avia-slideshow-slide av-lneu5qti-f0e27eabc0a70094fd429f743b17cfd9__7  slide-8 slide-even'><div data-rel='slideshow-1' class='avia-slide-wrap '   ><img decoding=\"async\" fetchpriority=\"high\" class=\"wp-image-222 avia-img-lazy-loading-not-222\"  src=\"https:\/\/jugendschutz-zentral.ch\/schwyz\/wp-content\/uploads\/sites\/4\/2023\/10\/banner_21-1500x430.jpg\" width=\"1500\" height=\"430\" title='Vapes rauchen' alt=''  itemprop=\"thumbnailUrl\"  style='min-height:150px; min-width:524px; ' \/><\/div><\/li><li  class='avia-slideshow-slide av-lneu5qti-f0e27eabc0a70094fd429f743b17cfd9__8  slide-9 slide-odd'><div data-rel='slideshow-1' class='avia-slide-wrap '   ><img decoding=\"async\" fetchpriority=\"high\" class=\"wp-image-324 avia-img-lazy-loading-not-324\"  src=\"https:\/\/jugendschutz-zentral.ch\/schwyz\/wp-content\/uploads\/sites\/4\/2023\/10\/banner_28-1500x430.jpg\" width=\"1500\" height=\"430\" title='Frau mit Snus' alt=''  itemprop=\"thumbnailUrl\"  style='min-height:150px; min-width:524px; ' \/><\/div><\/li><li  class='avia-slideshow-slide av-lneu5qti-f0e27eabc0a70094fd429f743b17cfd9__9  slide-10 slide-even'><div data-rel='slideshow-1' class='avia-slide-wrap '   ><img decoding=\"async\" fetchpriority=\"high\" class=\"wp-image-321 avia-img-lazy-loading-not-321\"  src=\"https:\/\/jugendschutz-zentral.ch\/schwyz\/wp-content\/uploads\/sites\/4\/2023\/10\/banner_25-1500x430.jpg\" width=\"1500\" height=\"430\" title='Wein servieren' alt=''  itemprop=\"thumbnailUrl\"  style='min-height:150px; min-width:524px; ' \/><\/div><\/li><li  class='avia-slideshow-slide av-lneu5qti-f0e27eabc0a70094fd429f743b17cfd9__10  slide-11 slide-odd'><div data-rel='slideshow-1' class='avia-slide-wrap '   ><img decoding=\"async\" fetchpriority=\"high\" class=\"wp-image-322 avia-img-lazy-loading-not-322\"  src=\"https:\/\/jugendschutz-zentral.ch\/schwyz\/wp-content\/uploads\/sites\/4\/2023\/10\/banner_26-1500x430.jpg\" width=\"1500\" height=\"430\" title='Barbetrieb' alt=''  itemprop=\"thumbnailUrl\"  style='min-height:150px; min-width:524px; ' \/><\/div><\/li><li  class='avia-slideshow-slide av-lneu5qti-f0e27eabc0a70094fd429f743b17cfd9__11  slide-12 slide-even'><div data-rel='slideshow-1' class='avia-slide-wrap '   ><img decoding=\"async\" fetchpriority=\"high\" class=\"wp-image-323 avia-img-lazy-loading-not-323\"  src=\"https:\/\/jugendschutz-zentral.ch\/schwyz\/wp-content\/uploads\/sites\/4\/2023\/10\/banner_27-1500x430.jpg\" width=\"1500\" height=\"430\" title='Auswahl an Vapes' alt=''  itemprop=\"thumbnailUrl\"  style='min-height:150px; min-width:524px; ' \/><\/div><\/li><\/ul><div class='avia-slideshow-arrows avia-slideshow-controls' ><a href='#prev' class='prev-slide  avia-svg-icon avia-font-svg_entypo-fontello' data-av_svg_icon='left-open-big' data-av_iconset='svg_entypo-fontello' tabindex='-1' title=\"Zur\u00fcck\"><svg version=\"1.1\" xmlns=\"http:\/\/www.w3.org\/2000\/svg\" width=\"15\" height=\"32\" viewBox=\"0 0 15 32\" preserveAspectRatio=\"xMidYMid meet\" aria-labelledby='av-svg-title-1' aria-describedby='av-svg-desc-1' role=\"graphics-symbol\" aria-hidden=\"true\">\n<title id='av-svg-title-1'>Zur\u00fcck<\/title>\n<desc id='av-svg-desc-1'>Zur\u00fcck<\/desc>\n<path d=\"M14.464 27.84q0.832 0.832 0 1.536-0.832 0.832-1.536 0l-12.544-12.608q-0.768-0.768 0-1.6l12.544-12.608q0.704-0.832 1.536 0 0.832 0.704 0 1.536l-11.456 11.904z\"><\/path>\n<\/svg><span class='avia_hidden_link_text'>Zur\u00fcck<\/span><\/a><a href='#next' class='next-slide  avia-svg-icon avia-font-svg_entypo-fontello' data-av_svg_icon='right-open-big' data-av_iconset='svg_entypo-fontello' tabindex='-1' title=\"Weiter\"><svg version=\"1.1\" xmlns=\"http:\/\/www.w3.org\/2000\/svg\" width=\"15\" height=\"32\" viewBox=\"0 0 15 32\" preserveAspectRatio=\"xMidYMid meet\" aria-labelledby='av-svg-title-2' aria-describedby='av-svg-desc-2' role=\"graphics-symbol\" aria-hidden=\"true\">\n<title id='av-svg-title-2'>Weiter<\/title>\n<desc id='av-svg-desc-2'>Weiter<\/desc>\n<path d=\"M0.416 27.84l11.456-11.84-11.456-11.904q-0.832-0.832 0-1.536 0.832-0.832 1.536 0l12.544 12.608q0.768 0.832 0 1.6l-12.544 12.608q-0.704 0.832-1.536 0-0.832-0.704 0-1.536z\"><\/path>\n<\/svg><span class='avia_hidden_link_text'>Weiter<\/span><\/a><\/div><\/div><\/div>\n<div id='av_section_1'  class='avia-section av-f1rz6-3b5280debff6cf088577dd3475ba01af main_color avia-section-huge avia-no-border-styling  avia-builder-el-1  el_after_av_slideshow_full  avia-builder-el-last  avia-bg-style-scroll container_wrap sidebar_right'  ><div class='container av-section-cont-open' ><div class='template-page content  av-content-small alpha units'><div class='post-entry post-entry-type-page post-entry-154'><div class='entry-content-wrapper clearfix'>\n\n<style type=\"text\/css\" data-created_by=\"avia_inline_auto\" id=\"style-css-av-8xgne-e80bb870f75091583dfe023d70c0ef27\">\n#top .flex_column.av-8xgne-e80bb870f75091583dfe023d70c0ef27{\nmargin-top:-200px;\nmargin-bottom:0px;\n}\n.flex_column.av-8xgne-e80bb870f75091583dfe023d70c0ef27{\npadding:30px 30px 30px 30px;\nbackground-color:#ffffff;\n}\n.responsive #top #wrap_all .flex_column.av-8xgne-e80bb870f75091583dfe023d70c0ef27{\nmargin-top:-200px;\nmargin-bottom:0px;\n}\n<\/style>\n<div  class='flex_column av-8xgne-e80bb870f75091583dfe023d70c0ef27 av_one_full  avia-builder-el-2  avia-builder-el-no-sibling  first flex_column_div  '     ><p>\n<style type=\"text\/css\" data-created_by=\"avia_inline_auto\" id=\"style-css-av-licuo6nq-56e80c6b983f450e9428544effc16c5c\">\n#top .av-special-heading.av-licuo6nq-56e80c6b983f450e9428544effc16c5c{\npadding-bottom:10px;\n}\nbody .av-special-heading.av-licuo6nq-56e80c6b983f450e9428544effc16c5c .av-special-heading-tag .heading-char{\nfont-size:25px;\n}\n.av-special-heading.av-licuo6nq-56e80c6b983f450e9428544effc16c5c .av-subheading{\nfont-size:15px;\n}\n<\/style>\n<div  class='av-special-heading av-licuo6nq-56e80c6b983f450e9428544effc16c5c av-special-heading-h2  avia-builder-el-3  el_before_av_textblock  avia-builder-el-first '><h2 class='av-special-heading-tag '  itemprop=\"headline\"  >Kantonale Gesetze<\/h2><div class=\"special-heading-border\"><div class=\"special-heading-inner-border\"><\/div><\/div><\/div><br \/>\n<section  class='av_textblock_section av-licupfgt-66202b6502a812aa976281273736dbcd '   itemscope=\"itemscope\" itemtype=\"https:\/\/schema.org\/CreativeWork\" ><div class='avia_textblock'  itemprop=\"text\" ><h3>Alkohol<\/h3>\n<p>Im Kanton Schwyz gelten gem\u00e4ss Gastgewerbegesetz\u00a0(GGG vom 10. September 1997) folgende Bestimmungen:<\/p>\n<p><strong>Verbot der Abgabe alkoholischer Getr\u00e4nke<\/strong><br \/>\nVerboten ist bei den gastgewerblichen T\u00e4tigkeiten wie beim Handel die Abgabe von<\/p>\n<ol>\n<li style=\"list-style-type: none\">\n<ol>\n<li>alkoholischen Getr\u00e4nken an Jugendliche unter 16 Jahren<\/li>\n<li>Spirituosen oder verd\u00fcnnten alkoholischen Getr\u00e4nken auf der Basis von Spirituosen an Jugendliche unter 18 Jahren<\/li>\n<li>alkoholischen Getr\u00e4nken an offensichtlich Betrunkene<\/li>\n<li>alkoholischen Getr\u00e4nken mittels Automaten<\/li>\n<\/ol>\n<\/li>\n<\/ol>\n<p>(Art. 3 GGG)<\/p>\n<p>Nachstehend eine \u00dcbersicht, welche die Jugendschutzbestimmungen veranschaulicht:<\/p>\n<table style=\"border-collapse: collapse;height: 17px\" border=\"0\" width=\"1039\" cellspacing=\"0\" cellpadding=\"0\">\n<tbody>\n<tr>\n<td style=\"border-width: 0px 1.5pt 1.5pt 0px;border-style: none solid solid none;border-color: #000000 black black #000000;padding: 0cm 5.4pt;width: 205px;background-color: transparent\" valign=\"top\"><span style=\"font-family: helvetica;font-size: 10pt\"> <strong>Alter<\/strong> <\/span><\/td>\n<td style=\"border-width: 0px 1.5pt 1.5pt 0px;border-style: none solid solid none;border-color: #000000 black black #000000;padding: 0cm 5.4pt;width: 205px;background-color: transparent\" valign=\"top\"><span style=\"font-family: helvetica;font-size: 10pt\"> <strong>Kein Verkauf<\/strong> <\/span><\/td>\n<td style=\"border-width: 0px 0px 1.5pt;border-style: none none solid;border-color: #000000 #000000 black;padding: 0cm 5.4pt;width: 205px;background-color: transparent\" valign=\"top\"><span style=\"font-family: helvetica;font-size: 10pt\"> <strong>Verkauf und Abgabe<\/strong> <\/span><\/td>\n<\/tr>\n<tr>\n<td style=\"border-width: 0px 1.5pt 0px 0px;border-style: none solid none none;border-color: #000000 black #000000 #000000;padding: 0cm 5.4pt;width: 205px;background-color: transparent\" valign=\"top\"><span style=\"font-family: helvetica;font-size: 10pt\"> <strong>Bis 16<\/strong> <\/span><\/td>\n<td style=\"border-width: 0px 1.5pt 0px 0px;border-style: none solid none none;border-color: #000000 black #000000 #000000;padding: 0cm 5.4pt;width: 205px;background-color: transparent\" valign=\"top\"><span style=\"font-family: helvetica;font-size: 10pt\"> Alkohol<\/span><\/td>\n<td style=\"padding: 0cm 5.4pt;border: 0px none #000000;width: 205px;background-color: transparent\" valign=\"top\"><\/td>\n<\/tr>\n<tr>\n<td style=\"border-width: 0px 1.5pt 0px 0px;border-style: none solid none none;border-color: #000000 black #000000 #000000;padding: 0cm 5.4pt;width: 205px;background-color: transparent\" valign=\"top\"><span style=\"font-family: helvetica;font-size: 10pt\"> <strong>16 und 17<\/strong> <\/span><\/td>\n<td style=\"border-width: 0px 1.5pt 0px 0px;border-style: none solid none none;border-color: #000000 black #000000 #000000;padding: 0cm 5.4pt;width: 205px;background-color: transparent\" valign=\"top\"><span style=\"font-family: helvetica;font-size: 10pt\"> Spirituosen<\/span><\/td>\n<td style=\"padding: 0cm 5.4pt;border: 0px none #000000;width: 205px;background-color: transparent\" valign=\"top\"><span style=\"font-family: helvetica;font-size: 10pt\">vergorene Getr\u00e4nke (Bier und Wein)<\/span><\/td>\n<\/tr>\n<tr>\n<td style=\"border-width: 0px 1.5pt 0px 0px;border-style: none solid none none;border-color: #000000 black #000000 #000000;padding: 0cm 5.4pt;width: 205px;background-color: transparent\" valign=\"top\"><span style=\"font-family: helvetica;font-size: 10pt\"> <strong>Ab 18<\/strong> <\/span><\/td>\n<td style=\"border-width: 0px 1.5pt 0px 0px;border-style: none solid none none;border-color: #000000 black #000000 #000000;padding: 0cm 5.4pt;width: 205px;background-color: transparent\" valign=\"top\"><\/td>\n<td style=\"padding: 0cm 5.4pt;border: 0px none #000000;width: 205px;background-color: transparent\" valign=\"top\"><span style=\"font-family: helvetica;font-size: 10pt\"> Spirituosen<\/span><\/td>\n<\/tr>\n<\/tbody>\n<\/table>\n<p><strong>Bewilligungsarten<\/strong><br \/>\nDie Bewilligung kann zum Schutz der Gesundheit und der Jugend oder zur Aufrechterhaltung von Ruhe, Ordnung und Sicherheit mit Auflagen verbunden und an Bedingungen gekn\u00fcpft werden. (Art. 5 Abs. 4 GGG)<br \/>\n<a class=\"doclink\" href=\"https:\/\/jugendschutz-zentral.ch\/schwyz\/download\/4\/schwyz\/5\/gastgewerbegesetz-sz.pdf\" target=\"_blank\" rel=\"noopener noreferrer\">Gastgewerbegesetz GGG<\/a><\/p>\n<\/div><\/section><br \/>\n<section  class='av_textblock_section av-m9cst8qe-403e5a61c8d6c99133850dc799680f8a '   itemscope=\"itemscope\" itemtype=\"https:\/\/schema.org\/CreativeWork\" ><div class='avia_textblock'  itemprop=\"text\" ><h3><strong>Tabak<\/strong><\/h3>\n<p>Seit dem 01. Oktober 2024 sind das neue <a href=\"https:\/\/urldefense.com\/v3\/__https:\/www.fedlex.admin.ch\/eli\/fga\/2021\/2327\/de__;!!KHfaxKoukZaIe14R!oehdnWUta5hjKqAGvv23E7gJcsydIeiVMN4gsuuu1yJCRtBwdAyzOhvBitGalI99Y8aZFKHMm7pcjRyLFLq4Yv_FuZQ$\">Tabakproduktegesetz<\/a> (TabPG) und die <a href=\"https:\/\/www.bag.admin.ch\/dam\/bag\/de\/dokumente\/npp\/tabak\/tabpg\/tabpg-2024\/tabpv-2024.pdf.download.pdf\/DE_TabPV.pdf\">Verordnung \u00fcber Tabakprodukte und elektronische Zigaretten<\/a> (Tabakprodukteverordnung TabPV) in Kraft. Das neue Bundesgesetz regelt folgende Produkte:<\/p>\n<ul>\n<li>Tabakprodukte zum Rauchen (Zigaretten, Zigarren), zum Erhitzen oder zum Schnupfen (Schnupftabak)<\/li>\n<li>Nikotinprodukte mit oder ohne Tabak zum oralen Gebrauch (Snus, Nikotinbeutel)<\/li>\n<li>pflanzliche Rauchprodukte (CBD-haltige Hanfzigaretten)<\/li>\n<li>elektronische Zigaretten mit und ohne Nikotin, inkl. Nachf\u00fcllfl\u00fcssigkeiten<\/li>\n<li>gleichartige Produkte (Produkte, welche bzgl. Inhalt oder Konsumweise mit einem Tabakprodukt oder einer elektronischen Zigarette vergleichbar sind):\n<ul>\n<li>pflanzliche Produkte zum Erhitzen, z. B. CBD-Hanfprodukte<\/li>\n<li>Nikotinprodukte zum Schnupfen<\/li>\n<li>tabakfreie Produkte f\u00fcr Wasserpfeifen (Steine, Creme, Gel)<\/li>\n<\/ul>\n<\/li>\n<\/ul>\n<p>Folgende Artikel des TabPG umfassen auch Gegenst\u00e4nde, die eine funktionale Einheit mit einem Tabakprodukt bilden:<\/p>\n<ul>\n<li>Art. 18 Einschr\u00e4nkung der Werbung<\/li>\n<li>Art. 19 Einschr\u00e4nkung der Verkaufsf\u00f6rderung<\/li>\n<li>Art. 20 Einschr\u00e4nkung des Sponsorings<\/li>\n<li>Art. 21 Warnhinweise bei Werbung und Sponsoring<\/li>\n<li>Art. 22 Weitgehende Einschr\u00e4nkungen der Kantone<\/li>\n<\/ul>\n<p>Wir bitten Sie, folgende Bestimmungen in der Planung bzw. Organisation Ihres Anlasses zu ber\u00fccksichtigen.<\/p>\n<p><strong>Bestimmungen im Bereich Jugendschutz<\/strong><\/p>\n<p>Die wichtigsten Bestimmungen im Bereich des Jugendschutzes sind:<\/p>\n<ul>\n<li>Die <strong>Abgabe<\/strong> von Tabak- und Nikotinprodukten und von elektronischen Zigaretten (komplette Liste s. oben) an Minderj\u00e4hrige (Abgabealter im Kanton Schwyz neu: 18 Jahre, nicht wie bis September 2024 16 Jahre) ist <strong>verboten<\/strong>. Wer das Verbot missachtet, kann bestraft werden.<\/li>\n<li>Es muss <strong>sichtbar<\/strong> und <strong>leserlich<\/strong> auf das <strong>Abgabeverbot<\/strong> an Minderj\u00e4hrige hingewiesen werden.<\/li>\n<li>Die <strong>Verkaufsf\u00f6rderung<\/strong> der Produkte ist durch eine unentgeltliche Abgabe oder durch die Abgabe von Geschenken und \/ oder Preisen <strong>verboten<\/strong>.<\/li>\n<li><strong>Werbung<\/strong> f\u00fcr Tabakprodukte, f\u00fcr elektronische Zigaretten und f\u00fcr Gegenst\u00e4nde, die eine funktionale Einheit mit einem Tabakprodukt bilden, <strong>die sich an Minderj\u00e4hrige richtet<\/strong>, ist <strong>verboten<\/strong>. Darunter f\u00e4llt z. B. Werbung im Radio, im Fernsehen, auf Schulmaterial und auf Spielzeug. Ebenso ist Werbung bspw. in Zeitungen und Zeitschriften sowie anderen Publikationen, welche f\u00fcr Kinder und Jugendliche bestimmt sind, verboten.<\/li>\n<li><strong>Werbeplakate<\/strong> sind in und an \u00f6ffentlichen Geb\u00e4uden bzw. auf \u00f6ffentlichem oder privatem Grund, wenn diese vom \u00f6ffentlichen Grund eingesehen werden k\u00f6nnen, im \u00f6ffentlichen Verkehr, in Kinos, auf Sportpl\u00e4tzen und an Sportveranstaltungen <strong>verboten<\/strong>.<\/li>\n<li>An <strong>Orten und Veranstaltungen<\/strong>, welche vor allem <strong>von Minderj\u00e4hrigen besucht<\/strong> werden, ist <strong>Werbung untersagt<\/strong>.<\/li>\n<li>Das <strong>Sponsoring<\/strong> von Veranstaltungen f\u00fcr <strong>Jugendliche<\/strong>, mit <strong>internationalem Charakter<\/strong> sowie Veranstaltungen die von <strong>Bund, Kantonen und Gemeinden<\/strong> organisiert werden, ist <strong>verboten<\/strong>.<\/li>\n<\/ul>\n<p><strong>Neue gesetzliche Bestimmungen erscheinen im Rahmen des revidierten Tabakproduktegesetzes ab circa 2026.<\/strong><\/p>\n<\/div><\/section><\/p><\/div><\/div><\/div><\/div><!-- close content main div --><\/div><\/div><div id='after_section_1'  class='main_color av_default_container_wrap container_wrap sidebar_right'  ><div class='container av-section-cont-open' ><div class='template-page content  av-content-small alpha units'><div class='post-entry post-entry-type-page post-entry-154'><div class='entry-content-wrapper clearfix'>\n","protected":false},"excerpt":{"rendered":"","protected":false},"author":1,"featured_media":0,"parent":150,"menu_order":32,"comment_status":"closed","ping_status":"closed","template":"","meta":{"inline_featured_image":false,"footnotes":""},"class_list":["post-154","page","type-page","status-publish","hentry"],"_links":{"self":[{"href":"https:\/\/jugendschutz-zentral.ch\/schwyz\/wp-json\/wp\/v2\/pages\/154","targetHints":{"allow":["GET"]}}],"collection":[{"href":"https:\/\/jugendschutz-zentral.ch\/schwyz\/wp-json\/wp\/v2\/pages"}],"about":[{"href":"https:\/\/jugendschutz-zentral.ch\/schwyz\/wp-json\/wp\/v2\/types\/page"}],"author":[{"embeddable":true,"href":"https:\/\/jugendschutz-zentral.ch\/schwyz\/wp-json\/wp\/v2\/users\/1"}],"replies":[{"embeddable":true,"href":"https:\/\/jugendschutz-zentral.ch\/schwyz\/wp-json\/wp\/v2\/comments?post=154"}],"version-history":[{"count":3,"href":"https:\/\/jugendschutz-zentral.ch\/schwyz\/wp-json\/wp\/v2\/pages\/154\/revisions"}],"predecessor-version":[{"id":469,"href":"https:\/\/jugendschutz-zentral.ch\/schwyz\/wp-json\/wp\/v2\/pages\/154\/revisions\/469"}],"up":[{"embeddable":true,"href":"https:\/\/jugendschutz-zentral.ch\/schwyz\/wp-json\/wp\/v2\/pages\/150"}],"wp:attachment":[{"href":"https:\/\/jugendschutz-zentral.ch\/schwyz\/wp-json\/wp\/v2\/media?parent=154"}],"curies":[{"name":"wp","href":"https:\/\/api.w.org\/{rel}","templated":true}]}}