{"id":133,"date":"2023-06-01T09:54:04","date_gmt":"2023-06-01T07:54:04","guid":{"rendered":"http:\/\/wordpress.jugendschutz-zentral.ch\/schwyz\/?page_id=133"},"modified":"2024-11-14T11:14:42","modified_gmt":"2024-11-14T10:14:42","slug":"schulung-und-briefing","status":"publish","type":"page","link":"https:\/\/jugendschutz-zentral.ch\/schwyz\/veranstaltende\/schulung-und-briefing\/","title":{"rendered":"Schulung und Briefing"},"content":{"rendered":"<div id='full_slider_1'  class='avia-fullwidth-slider main_color avia-shadow   avia-builder-el-0  el_before_av_section  avia-builder-el-first   container_wrap sidebar_right'  ><div  class='avia-slideshow av-1kvy6l-5976f5745d4e84a242f370254f45746b avia-slideshow-featured av_slideshow_full avia-fade-slider av-slideshow-ui av-control-hidden av-no-slider-navigation av-hide-nav-arrows av-slideshow-autoplay av-loop-endless av-loop-manual-endless av-default-height-applied   avia-slideshow-1' data-slideshow-options=\"{&quot;animation&quot;:&quot;fade&quot;,&quot;autoplay&quot;:true,&quot;loop_autoplay&quot;:&quot;endless&quot;,&quot;interval&quot;:10,&quot;loop_manual&quot;:&quot;manual-endless&quot;,&quot;autoplay_stopper&quot;:false,&quot;noNavigation&quot;:true,&quot;bg_slider&quot;:false,&quot;keep_padding&quot;:false,&quot;hoverpause&quot;:false,&quot;show_slide_delay&quot;:0}\"  itemprop=\"image\" itemscope=\"itemscope\" itemtype=\"https:\/\/schema.org\/ImageObject\" ><ul class='avia-slideshow-inner ' style='padding-bottom: 28.666666666667%;'><li  class='avia-slideshow-slide av-1kvy6l-5976f5745d4e84a242f370254f45746b__0  slide-1 slide-odd'><div data-rel='slideshow-1' class='avia-slide-wrap '   ><img decoding=\"async\" fetchpriority=\"high\" class=\"wp-image-221 avia-img-lazy-loading-not-221\"  src=\"https:\/\/jugendschutz-zentral.ch\/schwyz\/wp-content\/uploads\/sites\/4\/2023\/10\/banner_04-1500x430.jpg\" width=\"1500\" height=\"430\" title='Hands up am Konzert' alt=''  itemprop=\"thumbnailUrl\"  style='min-height:150px; min-width:524px; ' \/><\/div><\/li><li  class='avia-slideshow-slide av-1kvy6l-5976f5745d4e84a242f370254f45746b__1  slide-2 slide-even'><div data-rel='slideshow-1' class='avia-slide-wrap '   ><img decoding=\"async\" fetchpriority=\"high\" class=\"wp-image-224 avia-img-lazy-loading-not-224\"  src=\"https:\/\/jugendschutz-zentral.ch\/schwyz\/wp-content\/uploads\/sites\/4\/2023\/10\/banner_22-1500x430.jpg\" width=\"1500\" height=\"430\" title='Bier kaufen' alt=''  itemprop=\"thumbnailUrl\"  style='min-height:150px; min-width:524px; ' \/><\/div><\/li><li  class='avia-slideshow-slide av-1kvy6l-5976f5745d4e84a242f370254f45746b__2  slide-3 slide-odd'><div data-rel='slideshow-1' class='avia-slide-wrap '   ><img decoding=\"async\" fetchpriority=\"high\" class=\"wp-image-228 avia-img-lazy-loading-not-228\"  src=\"https:\/\/jugendschutz-zentral.ch\/schwyz\/wp-content\/uploads\/sites\/4\/2023\/10\/banner_24-1500x430.jpg\" width=\"1500\" height=\"430\" title='Bezahlen im Shop' alt=''  itemprop=\"thumbnailUrl\"  style='min-height:150px; min-width:524px; ' \/><\/div><\/li><li  class='avia-slideshow-slide av-1kvy6l-5976f5745d4e84a242f370254f45746b__3  slide-4 slide-even'><div data-rel='slideshow-1' class='avia-slide-wrap '   ><img decoding=\"async\" fetchpriority=\"high\" class=\"wp-image-322 avia-img-lazy-loading-not-322\"  src=\"https:\/\/jugendschutz-zentral.ch\/schwyz\/wp-content\/uploads\/sites\/4\/2023\/10\/banner_26-1500x430.jpg\" width=\"1500\" height=\"430\" title='Barbetrieb' alt=''  itemprop=\"thumbnailUrl\"  style='min-height:150px; min-width:524px; ' \/><\/div><\/li><li  class='avia-slideshow-slide av-1kvy6l-5976f5745d4e84a242f370254f45746b__4  slide-5 slide-odd'><div data-rel='slideshow-1' class='avia-slide-wrap '   ><img decoding=\"async\" fetchpriority=\"high\" class=\"wp-image-226 avia-img-lazy-loading-not-226\"  src=\"https:\/\/jugendschutz-zentral.ch\/schwyz\/wp-content\/uploads\/sites\/4\/2023\/10\/banner_23-1500x430.jpg\" width=\"1500\" height=\"430\" title='Rauchen an Konzert' alt=''  itemprop=\"thumbnailUrl\"  style='min-height:150px; min-width:524px; ' \/><\/div><\/li><li  class='avia-slideshow-slide av-1kvy6l-5976f5745d4e84a242f370254f45746b__5  slide-6 slide-even'><div data-rel='slideshow-1' class='avia-slide-wrap '   ><img decoding=\"async\" fetchpriority=\"high\" class=\"wp-image-323 avia-img-lazy-loading-not-323\"  src=\"https:\/\/jugendschutz-zentral.ch\/schwyz\/wp-content\/uploads\/sites\/4\/2023\/10\/banner_27-1500x430.jpg\" width=\"1500\" height=\"430\" title='Auswahl an Vapes' alt=''  itemprop=\"thumbnailUrl\"  style='min-height:150px; min-width:524px; ' \/><\/div><\/li><li  class='avia-slideshow-slide av-1kvy6l-5976f5745d4e84a242f370254f45746b__6  slide-7 slide-odd'><div data-rel='slideshow-1' class='avia-slide-wrap '   ><img decoding=\"async\" fetchpriority=\"high\" class=\"wp-image-220 avia-img-lazy-loading-not-220\"  src=\"https:\/\/jugendschutz-zentral.ch\/schwyz\/wp-content\/uploads\/sites\/4\/2023\/10\/banner_03-1500x430.jpg\" width=\"1500\" height=\"430\" title='Whiskey eingiessen' alt=''  itemprop=\"thumbnailUrl\"  style='min-height:150px; min-width:524px; ' \/><\/div><\/li><li  class='avia-slideshow-slide av-1kvy6l-5976f5745d4e84a242f370254f45746b__7  slide-8 slide-even'><div data-rel='slideshow-1' class='avia-slide-wrap '   ><img decoding=\"async\" fetchpriority=\"high\" class=\"wp-image-219 avia-img-lazy-loading-not-219\"  src=\"https:\/\/jugendschutz-zentral.ch\/schwyz\/wp-content\/uploads\/sites\/4\/2023\/10\/banner_02-1500x430.jpg\" width=\"1500\" height=\"430\" title='Prost' alt=''  itemprop=\"thumbnailUrl\"  style='min-height:150px; min-width:524px; ' \/><\/div><\/li><li  class='avia-slideshow-slide av-1kvy6l-5976f5745d4e84a242f370254f45746b__8  slide-9 slide-odd'><div data-rel='slideshow-1' class='avia-slide-wrap '   ><img decoding=\"async\" fetchpriority=\"high\" class=\"wp-image-321 avia-img-lazy-loading-not-321\"  src=\"https:\/\/jugendschutz-zentral.ch\/schwyz\/wp-content\/uploads\/sites\/4\/2023\/10\/banner_25-1500x430.jpg\" width=\"1500\" height=\"430\" title='Wein servieren' alt=''  itemprop=\"thumbnailUrl\"  style='min-height:150px; min-width:524px; ' \/><\/div><\/li><li  class='avia-slideshow-slide av-1kvy6l-5976f5745d4e84a242f370254f45746b__9  slide-10 slide-even'><div data-rel='slideshow-1' class='avia-slide-wrap '   ><img decoding=\"async\" fetchpriority=\"high\" class=\"wp-image-218 avia-img-lazy-loading-not-218\"  src=\"https:\/\/jugendschutz-zentral.ch\/schwyz\/wp-content\/uploads\/sites\/4\/2023\/10\/banner_01-1500x430.jpg\" width=\"1500\" height=\"430\" title='Alkohol an Party' alt=''  itemprop=\"thumbnailUrl\"  style='min-height:150px; min-width:524px; ' \/><\/div><\/li><li  class='avia-slideshow-slide av-1kvy6l-5976f5745d4e84a242f370254f45746b__10  slide-11 slide-odd'><div data-rel='slideshow-1' class='avia-slide-wrap '   ><img decoding=\"async\" fetchpriority=\"high\" class=\"wp-image-222 avia-img-lazy-loading-not-222\"  src=\"https:\/\/jugendschutz-zentral.ch\/schwyz\/wp-content\/uploads\/sites\/4\/2023\/10\/banner_21-1500x430.jpg\" width=\"1500\" height=\"430\" title='Vapes rauchen' alt=''  itemprop=\"thumbnailUrl\"  style='min-height:150px; min-width:524px; ' \/><\/div><\/li><li  class='avia-slideshow-slide av-1kvy6l-5976f5745d4e84a242f370254f45746b__11  slide-12 slide-even'><div data-rel='slideshow-1' class='avia-slide-wrap '   ><img decoding=\"async\" fetchpriority=\"high\" class=\"wp-image-324 avia-img-lazy-loading-not-324\"  src=\"https:\/\/jugendschutz-zentral.ch\/schwyz\/wp-content\/uploads\/sites\/4\/2023\/10\/banner_28-1500x430.jpg\" width=\"1500\" height=\"430\" title='Frau mit Snus' alt=''  itemprop=\"thumbnailUrl\"  style='min-height:150px; min-width:524px; ' \/><\/div><\/li><\/ul><div class='avia-slideshow-arrows avia-slideshow-controls' ><a href='#prev' class='prev-slide  avia-svg-icon avia-font-svg_entypo-fontello' data-av_svg_icon='left-open-big' data-av_iconset='svg_entypo-fontello' tabindex='-1' title=\"Zur\u00fcck\"><svg version=\"1.1\" xmlns=\"http:\/\/www.w3.org\/2000\/svg\" width=\"15\" height=\"32\" viewBox=\"0 0 15 32\" preserveAspectRatio=\"xMidYMid meet\" aria-labelledby='av-svg-title-1' aria-describedby='av-svg-desc-1' role=\"graphics-symbol\" aria-hidden=\"true\">\n<title id='av-svg-title-1'>Zur\u00fcck<\/title>\n<desc id='av-svg-desc-1'>Zur\u00fcck<\/desc>\n<path d=\"M14.464 27.84q0.832 0.832 0 1.536-0.832 0.832-1.536 0l-12.544-12.608q-0.768-0.768 0-1.6l12.544-12.608q0.704-0.832 1.536 0 0.832 0.704 0 1.536l-11.456 11.904z\"><\/path>\n<\/svg><span class='avia_hidden_link_text'>Zur\u00fcck<\/span><\/a><a href='#next' class='next-slide  avia-svg-icon avia-font-svg_entypo-fontello' data-av_svg_icon='right-open-big' data-av_iconset='svg_entypo-fontello' tabindex='-1' title=\"Weiter\"><svg version=\"1.1\" xmlns=\"http:\/\/www.w3.org\/2000\/svg\" width=\"15\" height=\"32\" viewBox=\"0 0 15 32\" preserveAspectRatio=\"xMidYMid meet\" aria-labelledby='av-svg-title-2' aria-describedby='av-svg-desc-2' role=\"graphics-symbol\" aria-hidden=\"true\">\n<title id='av-svg-title-2'>Weiter<\/title>\n<desc id='av-svg-desc-2'>Weiter<\/desc>\n<path d=\"M0.416 27.84l11.456-11.84-11.456-11.904q-0.832-0.832 0-1.536 0.832-0.832 1.536 0l12.544 12.608q0.768 0.832 0 1.6l-12.544 12.608q-0.704 0.832-1.536 0-0.832-0.704 0-1.536z\"><\/path>\n<\/svg><span class='avia_hidden_link_text'>Weiter<\/span><\/a><\/div><\/div><\/div>\n<div id='av_section_1'  class='avia-section av-gvbj1-3dfc1c806e9b642b948e4bdd9985c268 main_color avia-section-huge avia-no-border-styling  avia-builder-el-1  el_after_av_slideshow_full  avia-builder-el-last  avia-bg-style-scroll container_wrap sidebar_right'  ><div class='container av-section-cont-open' ><div class='template-page content  av-content-small alpha units'><div class='post-entry post-entry-type-page post-entry-133'><div class='entry-content-wrapper clearfix'>\n\n<style type=\"text\/css\" data-created_by=\"avia_inline_auto\" id=\"style-css-av-av8z9-78a12b07c0577284ca096e940ba1bc83\">\n#top .flex_column.av-av8z9-78a12b07c0577284ca096e940ba1bc83{\nmargin-top:-200px;\nmargin-bottom:0px;\n}\n.flex_column.av-av8z9-78a12b07c0577284ca096e940ba1bc83{\npadding:30px 30px 30px 30px;\nbackground-color:#ffffff;\n}\n.responsive #top #wrap_all .flex_column.av-av8z9-78a12b07c0577284ca096e940ba1bc83{\nmargin-top:-200px;\nmargin-bottom:0px;\n}\n<\/style>\n<div  class='flex_column av-av8z9-78a12b07c0577284ca096e940ba1bc83 av_one_full  avia-builder-el-2  avia-builder-el-no-sibling  first flex_column_div  '     ><p>\n<style type=\"text\/css\" data-created_by=\"avia_inline_auto\" id=\"style-css-av-licuakzo-f27274277766eca7dc2f2b2c0777c60d\">\n#top .av-special-heading.av-licuakzo-f27274277766eca7dc2f2b2c0777c60d{\npadding-bottom:10px;\n}\nbody .av-special-heading.av-licuakzo-f27274277766eca7dc2f2b2c0777c60d .av-special-heading-tag .heading-char{\nfont-size:25px;\n}\n.av-special-heading.av-licuakzo-f27274277766eca7dc2f2b2c0777c60d .av-subheading{\nfont-size:15px;\n}\n<\/style>\n<div  class='av-special-heading av-licuakzo-f27274277766eca7dc2f2b2c0777c60d av-special-heading-h2  avia-builder-el-3  el_before_av_hr  avia-builder-el-first '><h2 class='av-special-heading-tag '  itemprop=\"headline\"  >Schulung und Briefing<\/h2><div class=\"special-heading-border\"><div class=\"special-heading-inner-border\"><\/div><\/div><\/div><br \/>\n\n<style type=\"text\/css\" data-created_by=\"avia_inline_auto\" id=\"style-css-av-lng9gf4d-3b0ad5360571ba31f4fca1d6e7b4456a\">\n#top .hr.hr-invisible.av-lng9gf4d-3b0ad5360571ba31f4fca1d6e7b4456a{\nheight:13px;\n}\n<\/style>\n<div  class='hr av-lng9gf4d-3b0ad5360571ba31f4fca1d6e7b4456a hr-invisible  avia-builder-el-4  el_after_av_heading  el_before_av_textblock '><span class='hr-inner '><span class=\"hr-inner-style\"><\/span><\/span><\/div><br \/>\n<section  class='av_textblock_section av-licubbwq-1239af444e1c9f5e7582b9b06f5af497 '   itemscope=\"itemscope\" itemtype=\"https:\/\/schema.org\/CreativeWork\" ><div class='avia_textblock'  itemprop=\"text\" ><p>Wir bieten kostenlose Schulungen und Briefings f\u00fcr Festwirtschaftsverantwortliche und Ausschankpersonal an. Gerne stimmen wir die Inhalte und Dauer nach Ihren Bed\u00fcrfnissen ab. M\u00f6gliche Inhalte sind:<\/p>\n<ul>\n<li>Warum braucht es den Jugendschutz?<\/li>\n<li>Gesetzliche Bestimmungen zum Alkoholausschank<\/li>\n<li>Umsetzen der Bestimmungen in der Praxis<\/li>\n<li>Umgang mit schwierigen Situationen und G\u00e4sten<\/li>\n<li>Schriftliche Vereinbarung mit dem Ausschankpersonal<\/li>\n<\/ul>\n<p>F\u00fcr Personen, die an Festveranstaltungen Alkohol verkaufen, gibt es eine kostenlose Online-Schulung auf <a href=\"https:\/\/www.age-check.ch\/de\" target=\"_blank\" rel=\"noopener noreferrer\">www.age-check.ch<\/a>. Neben einer \u00dcbersicht \u00fcber die aktuellen gesetzlichen Bestimmungen setzen sich die Teilnehmenden mit m\u00f6glichen Situationen in der Praxis auseinander und sind sensibilisiert f\u00fcr Fragen im Zusammenhang mit dem Alkoholkonsum von Jugendlichen.<\/p>\n<p>Ebenfalls hilfreich k\u00f6nnen folgende Tipps sein:\u00a0<a class=\"doclink docman_track_download k-ui-namespace\" href=\"http:\/\/jugendschutz-zentral.ch\/schwyz\/download\/4\/schwyz\/14\/verhaltenstipps-alkoholausschank.pdf\" target=\"_blank\" rel=\"noopener noreferrer\" data-title=\"Verhaltenstipps Alkoholausschank\" data-id=\"47\" data-processed=\"data-processed\">Verhaltenstipps Alkoholausschank (25 KB)<\/a><\/p>\n<p>Weitere Informationen und Ausk\u00fcnfte erhalten Sie bei <a href=\"http:\/\/www.gesundheit-schwyz.ch\/\" target=\"_blank\" rel=\"noopener noreferrer\">gesundheit schwyz<\/a>, Tel. 041 747 68 70.<\/p>\n<\/div><\/section><\/p><\/div><\/div><\/div><\/div><!-- close content main div --><\/div><\/div><div id='after_section_1'  class='main_color av_default_container_wrap container_wrap sidebar_right'  ><div class='container av-section-cont-open' ><div class='template-page content  av-content-small alpha units'><div class='post-entry post-entry-type-page post-entry-133'><div class='entry-content-wrapper clearfix'>\n","protected":false},"excerpt":{"rendered":"","protected":false},"author":1,"featured_media":0,"parent":125,"menu_order":14,"comment_status":"closed","ping_status":"closed","template":"","meta":{"inline_featured_image":false,"footnotes":""},"class_list":["post-133","page","type-page","status-publish","hentry"],"_links":{"self":[{"href":"https:\/\/jugendschutz-zentral.ch\/schwyz\/wp-json\/wp\/v2\/pages\/133","targetHints":{"allow":["GET"]}}],"collection":[{"href":"https:\/\/jugendschutz-zentral.ch\/schwyz\/wp-json\/wp\/v2\/pages"}],"about":[{"href":"https:\/\/jugendschutz-zentral.ch\/schwyz\/wp-json\/wp\/v2\/types\/page"}],"author":[{"embeddable":true,"href":"https:\/\/jugendschutz-zentral.ch\/schwyz\/wp-json\/wp\/v2\/users\/1"}],"replies":[{"embeddable":true,"href":"https:\/\/jugendschutz-zentral.ch\/schwyz\/wp-json\/wp\/v2\/comments?post=133"}],"version-history":[{"count":0,"href":"https:\/\/jugendschutz-zentral.ch\/schwyz\/wp-json\/wp\/v2\/pages\/133\/revisions"}],"up":[{"embeddable":true,"href":"https:\/\/jugendschutz-zentral.ch\/schwyz\/wp-json\/wp\/v2\/pages\/125"}],"wp:attachment":[{"href":"https:\/\/jugendschutz-zentral.ch\/schwyz\/wp-json\/wp\/v2\/media?parent=133"}],"curies":[{"name":"wp","href":"https:\/\/api.w.org\/{rel}","templated":true}]}}