{"id":129,"date":"2023-06-01T09:50:34","date_gmt":"2023-06-01T07:50:34","guid":{"rendered":"http:\/\/wordpress.jugendschutz-zentral.ch\/schwyz\/?page_id=129"},"modified":"2023-10-27T15:15:58","modified_gmt":"2023-10-27T13:15:58","slug":"bewilligungsverfahren","status":"publish","type":"page","link":"https:\/\/jugendschutz-zentral.ch\/schwyz\/veranstaltende\/bewilligungsverfahren\/","title":{"rendered":"Bewilligungsverfahren"},"content":{"rendered":"<div id='full_slider_1'  class='avia-fullwidth-slider main_color avia-shadow   avia-builder-el-0  el_before_av_section  avia-builder-el-first   container_wrap sidebar_right'  ><div  class='avia-slideshow av-lneu6rlr-87dde392d128902eecbfd7a8b84bac4e avia-slideshow-featured av_slideshow_full avia-fade-slider av-slideshow-ui av-control-hidden av-no-slider-navigation av-hide-nav-arrows av-slideshow-autoplay av-loop-endless av-loop-manual-endless av-default-height-applied   avia-slideshow-1' data-slideshow-options=\"{&quot;animation&quot;:&quot;fade&quot;,&quot;autoplay&quot;:true,&quot;loop_autoplay&quot;:&quot;endless&quot;,&quot;interval&quot;:10,&quot;loop_manual&quot;:&quot;manual-endless&quot;,&quot;autoplay_stopper&quot;:false,&quot;noNavigation&quot;:true,&quot;bg_slider&quot;:false,&quot;keep_padding&quot;:false,&quot;hoverpause&quot;:false,&quot;show_slide_delay&quot;:0}\"  itemprop=\"image\" itemscope=\"itemscope\" itemtype=\"https:\/\/schema.org\/ImageObject\" ><ul class='avia-slideshow-inner ' style='padding-bottom: 28.666666666667%;'><li  class='avia-slideshow-slide av-lneu6rlr-87dde392d128902eecbfd7a8b84bac4e__0  slide-1 slide-odd'><div data-rel='slideshow-1' class='avia-slide-wrap '   ><img decoding=\"async\" fetchpriority=\"high\" class=\"wp-image-224 avia-img-lazy-loading-not-224\"  src=\"https:\/\/jugendschutz-zentral.ch\/schwyz\/wp-content\/uploads\/sites\/4\/2023\/10\/banner_22-1500x430.jpg\" width=\"1500\" height=\"430\" title='Bier kaufen' alt=''  itemprop=\"thumbnailUrl\"  style='min-height:150px; min-width:524px; ' \/><\/div><\/li><li  class='avia-slideshow-slide av-lneu6rlr-87dde392d128902eecbfd7a8b84bac4e__1  slide-2 slide-even'><div data-rel='slideshow-1' class='avia-slide-wrap '   ><img decoding=\"async\" fetchpriority=\"high\" class=\"wp-image-221 avia-img-lazy-loading-not-221\"  src=\"https:\/\/jugendschutz-zentral.ch\/schwyz\/wp-content\/uploads\/sites\/4\/2023\/10\/banner_04-1500x430.jpg\" width=\"1500\" height=\"430\" title='Hands up am Konzert' alt=''  itemprop=\"thumbnailUrl\"  style='min-height:150px; min-width:524px; ' \/><\/div><\/li><li  class='avia-slideshow-slide av-lneu6rlr-87dde392d128902eecbfd7a8b84bac4e__2  slide-3 slide-odd'><div data-rel='slideshow-1' class='avia-slide-wrap '   ><img decoding=\"async\" fetchpriority=\"high\" class=\"wp-image-228 avia-img-lazy-loading-not-228\"  src=\"https:\/\/jugendschutz-zentral.ch\/schwyz\/wp-content\/uploads\/sites\/4\/2023\/10\/banner_24-1500x430.jpg\" width=\"1500\" height=\"430\" title='Bezahlen im Shop' alt=''  itemprop=\"thumbnailUrl\"  style='min-height:150px; min-width:524px; ' \/><\/div><\/li><li  class='avia-slideshow-slide av-lneu6rlr-87dde392d128902eecbfd7a8b84bac4e__3  slide-4 slide-even'><div data-rel='slideshow-1' class='avia-slide-wrap '   ><img decoding=\"async\" fetchpriority=\"high\" class=\"wp-image-226 avia-img-lazy-loading-not-226\"  src=\"https:\/\/jugendschutz-zentral.ch\/schwyz\/wp-content\/uploads\/sites\/4\/2023\/10\/banner_23-1500x430.jpg\" width=\"1500\" height=\"430\" title='Rauchen an Konzert' alt=''  itemprop=\"thumbnailUrl\"  style='min-height:150px; min-width:524px; ' \/><\/div><\/li><li  class='avia-slideshow-slide av-lneu6rlr-87dde392d128902eecbfd7a8b84bac4e__4  slide-5 slide-odd'><div data-rel='slideshow-1' class='avia-slide-wrap '   ><img decoding=\"async\" fetchpriority=\"high\" class=\"wp-image-220 avia-img-lazy-loading-not-220\"  src=\"https:\/\/jugendschutz-zentral.ch\/schwyz\/wp-content\/uploads\/sites\/4\/2023\/10\/banner_03-1500x430.jpg\" width=\"1500\" height=\"430\" title='Whiskey eingiessen' alt=''  itemprop=\"thumbnailUrl\"  style='min-height:150px; min-width:524px; ' \/><\/div><\/li><li  class='avia-slideshow-slide av-lneu6rlr-87dde392d128902eecbfd7a8b84bac4e__5  slide-6 slide-even'><div data-rel='slideshow-1' class='avia-slide-wrap '   ><img decoding=\"async\" fetchpriority=\"high\" class=\"wp-image-219 avia-img-lazy-loading-not-219\"  src=\"https:\/\/jugendschutz-zentral.ch\/schwyz\/wp-content\/uploads\/sites\/4\/2023\/10\/banner_02-1500x430.jpg\" width=\"1500\" height=\"430\" title='Prost' alt=''  itemprop=\"thumbnailUrl\"  style='min-height:150px; min-width:524px; ' \/><\/div><\/li><li  class='avia-slideshow-slide av-lneu6rlr-87dde392d128902eecbfd7a8b84bac4e__6  slide-7 slide-odd'><div data-rel='slideshow-1' class='avia-slide-wrap '   ><img decoding=\"async\" fetchpriority=\"high\" class=\"wp-image-322 avia-img-lazy-loading-not-322\"  src=\"https:\/\/jugendschutz-zentral.ch\/schwyz\/wp-content\/uploads\/sites\/4\/2023\/10\/banner_26-1500x430.jpg\" width=\"1500\" height=\"430\" title='Barbetrieb' alt=''  itemprop=\"thumbnailUrl\"  style='min-height:150px; min-width:524px; ' \/><\/div><\/li><li  class='avia-slideshow-slide av-lneu6rlr-87dde392d128902eecbfd7a8b84bac4e__7  slide-8 slide-even'><div data-rel='slideshow-1' class='avia-slide-wrap '   ><img decoding=\"async\" fetchpriority=\"high\" class=\"wp-image-321 avia-img-lazy-loading-not-321\"  src=\"https:\/\/jugendschutz-zentral.ch\/schwyz\/wp-content\/uploads\/sites\/4\/2023\/10\/banner_25-1500x430.jpg\" width=\"1500\" height=\"430\" title='Wein servieren' alt=''  itemprop=\"thumbnailUrl\"  style='min-height:150px; min-width:524px; ' \/><\/div><\/li><li  class='avia-slideshow-slide av-lneu6rlr-87dde392d128902eecbfd7a8b84bac4e__8  slide-9 slide-odd'><div data-rel='slideshow-1' class='avia-slide-wrap '   ><img decoding=\"async\" fetchpriority=\"high\" class=\"wp-image-218 avia-img-lazy-loading-not-218\"  src=\"https:\/\/jugendschutz-zentral.ch\/schwyz\/wp-content\/uploads\/sites\/4\/2023\/10\/banner_01-1500x430.jpg\" width=\"1500\" height=\"430\" title='Alkohol an Party' alt=''  itemprop=\"thumbnailUrl\"  style='min-height:150px; min-width:524px; ' \/><\/div><\/li><li  class='avia-slideshow-slide av-lneu6rlr-87dde392d128902eecbfd7a8b84bac4e__9  slide-10 slide-even'><div data-rel='slideshow-1' class='avia-slide-wrap '   ><img decoding=\"async\" fetchpriority=\"high\" class=\"wp-image-222 avia-img-lazy-loading-not-222\"  src=\"https:\/\/jugendschutz-zentral.ch\/schwyz\/wp-content\/uploads\/sites\/4\/2023\/10\/banner_21-1500x430.jpg\" width=\"1500\" height=\"430\" title='Vapes rauchen' alt=''  itemprop=\"thumbnailUrl\"  style='min-height:150px; min-width:524px; ' \/><\/div><\/li><li  class='avia-slideshow-slide av-lneu6rlr-87dde392d128902eecbfd7a8b84bac4e__10  slide-11 slide-odd'><div data-rel='slideshow-1' class='avia-slide-wrap '   ><img decoding=\"async\" fetchpriority=\"high\" class=\"wp-image-324 avia-img-lazy-loading-not-324\"  src=\"https:\/\/jugendschutz-zentral.ch\/schwyz\/wp-content\/uploads\/sites\/4\/2023\/10\/banner_28-1500x430.jpg\" width=\"1500\" height=\"430\" title='Frau mit Snus' alt=''  itemprop=\"thumbnailUrl\"  style='min-height:150px; min-width:524px; ' \/><\/div><\/li><li  class='avia-slideshow-slide av-lneu6rlr-87dde392d128902eecbfd7a8b84bac4e__11  slide-12 slide-even'><div data-rel='slideshow-1' class='avia-slide-wrap '   ><img decoding=\"async\" fetchpriority=\"high\" class=\"wp-image-323 avia-img-lazy-loading-not-323\"  src=\"https:\/\/jugendschutz-zentral.ch\/schwyz\/wp-content\/uploads\/sites\/4\/2023\/10\/banner_27-1500x430.jpg\" width=\"1500\" height=\"430\" title='Auswahl an Vapes' alt=''  itemprop=\"thumbnailUrl\"  style='min-height:150px; min-width:524px; ' \/><\/div><\/li><\/ul><div class='avia-slideshow-arrows avia-slideshow-controls' ><a href='#prev' class='prev-slide  avia-svg-icon avia-font-svg_entypo-fontello' data-av_svg_icon='left-open-big' data-av_iconset='svg_entypo-fontello' tabindex='-1' title=\"Zur\u00fcck\"><svg version=\"1.1\" xmlns=\"http:\/\/www.w3.org\/2000\/svg\" width=\"15\" height=\"32\" viewBox=\"0 0 15 32\" preserveAspectRatio=\"xMidYMid meet\" aria-labelledby='av-svg-title-1' aria-describedby='av-svg-desc-1' role=\"graphics-symbol\" aria-hidden=\"true\">\n<title id='av-svg-title-1'>Zur\u00fcck<\/title>\n<desc id='av-svg-desc-1'>Zur\u00fcck<\/desc>\n<path d=\"M14.464 27.84q0.832 0.832 0 1.536-0.832 0.832-1.536 0l-12.544-12.608q-0.768-0.768 0-1.6l12.544-12.608q0.704-0.832 1.536 0 0.832 0.704 0 1.536l-11.456 11.904z\"><\/path>\n<\/svg><span class='avia_hidden_link_text'>Zur\u00fcck<\/span><\/a><a href='#next' class='next-slide  avia-svg-icon avia-font-svg_entypo-fontello' data-av_svg_icon='right-open-big' data-av_iconset='svg_entypo-fontello' tabindex='-1' title=\"Weiter\"><svg version=\"1.1\" xmlns=\"http:\/\/www.w3.org\/2000\/svg\" width=\"15\" height=\"32\" viewBox=\"0 0 15 32\" preserveAspectRatio=\"xMidYMid meet\" aria-labelledby='av-svg-title-2' aria-describedby='av-svg-desc-2' role=\"graphics-symbol\" aria-hidden=\"true\">\n<title id='av-svg-title-2'>Weiter<\/title>\n<desc id='av-svg-desc-2'>Weiter<\/desc>\n<path d=\"M0.416 27.84l11.456-11.84-11.456-11.904q-0.832-0.832 0-1.536 0.832-0.832 1.536 0l12.544 12.608q0.768 0.832 0 1.6l-12.544 12.608q-0.704 0.832-1.536 0-0.832-0.704 0-1.536z\"><\/path>\n<\/svg><span class='avia_hidden_link_text'>Weiter<\/span><\/a><\/div><\/div><\/div>\n<div id='av_section_1'  class='avia-section av-ev3zl-ddb65e6d0433108343a05773ede0a631 main_color avia-section-huge avia-no-border-styling  avia-builder-el-1  el_after_av_slideshow_full  avia-builder-el-last  avia-bg-style-scroll container_wrap sidebar_right'  ><div class='container av-section-cont-open' ><div class='template-page content  av-content-small alpha units'><div class='post-entry post-entry-type-page post-entry-129'><div class='entry-content-wrapper clearfix'>\n\n<style type=\"text\/css\" data-created_by=\"avia_inline_auto\" id=\"style-css-av-apuj5-5751a4fc34a7762616d8ae1d53f6d172\">\n#top .flex_column.av-apuj5-5751a4fc34a7762616d8ae1d53f6d172{\nmargin-top:-200px;\nmargin-bottom:0px;\n}\n.flex_column.av-apuj5-5751a4fc34a7762616d8ae1d53f6d172{\npadding:30px 30px 30px 30px;\nbackground-color:#ffffff;\n}\n.responsive #top #wrap_all .flex_column.av-apuj5-5751a4fc34a7762616d8ae1d53f6d172{\nmargin-top:-200px;\nmargin-bottom:0px;\n}\n<\/style>\n<div  class='flex_column av-apuj5-5751a4fc34a7762616d8ae1d53f6d172 av_one_full  avia-builder-el-2  avia-builder-el-no-sibling  first flex_column_div  '     ><p>\n<style type=\"text\/css\" data-created_by=\"avia_inline_auto\" id=\"style-css-av-licu6ts3-bf4a6c2b4841028cb01dff0f01d91807\">\n#top .av-special-heading.av-licu6ts3-bf4a6c2b4841028cb01dff0f01d91807{\npadding-bottom:10px;\n}\nbody .av-special-heading.av-licu6ts3-bf4a6c2b4841028cb01dff0f01d91807 .av-special-heading-tag .heading-char{\nfont-size:25px;\n}\n.av-special-heading.av-licu6ts3-bf4a6c2b4841028cb01dff0f01d91807 .av-subheading{\nfont-size:15px;\n}\n<\/style>\n<div  class='av-special-heading av-licu6ts3-bf4a6c2b4841028cb01dff0f01d91807 av-special-heading-h2  avia-builder-el-3  el_before_av_textblock  avia-builder-el-first '><h2 class='av-special-heading-tag '  itemprop=\"headline\"  >Bewilligungsverfahren<\/h2><div class=\"special-heading-border\"><div class=\"special-heading-inner-border\"><\/div><\/div><\/div><br \/>\n<section  class='av_textblock_section av-licu6i51-f0598611bc02c593b7f52211fe2a3a85 '   itemscope=\"itemscope\" itemtype=\"https:\/\/schema.org\/CreativeWork\" ><div class='avia_textblock'  itemprop=\"text\" ><p>Anlauf- und Auskunftsstelle ist die Gemeindeverwaltung am Veranstaltungsort. Sie gibt Auskunft \u00fcber das Vorgehen beim Bewilligungsverfahren und \u00fcber die Bewilligungskriterien. Erfahrungsgem\u00e4ss kann Ihnen die Bewilligungsbeh\u00f6rde auch Ratschl\u00e4ge geben, die einen gewissen Schutz vor Unannehmlichkeiten bieten. Die Gesuche sind immer bei der Standortgemeinde der Veranstaltung einzureichen. Je fr\u00fcher Sie die Standortgemeinde kontaktieren, desto besser. Je nach Art und Gr\u00f6sse der Veranstaltung m\u00fcssen Sie unter Umst\u00e4nden ausf\u00fchrliche Konzepte einreichen sowie verschiedene Bewilligungen einholen.<\/p>\n<\/div><\/section><\/p><\/div>\n<\/div><\/div><\/div><!-- close content main div --><\/div><\/div><div id='after_section_1'  class='main_color av_default_container_wrap container_wrap sidebar_right'  ><div class='container av-section-cont-open' ><div class='template-page content  av-content-small alpha units'><div class='post-entry post-entry-type-page post-entry-129'><div class='entry-content-wrapper clearfix'>\n","protected":false},"excerpt":{"rendered":"","protected":false},"author":1,"featured_media":0,"parent":125,"menu_order":12,"comment_status":"closed","ping_status":"closed","template":"","meta":{"inline_featured_image":false,"footnotes":""},"class_list":["post-129","page","type-page","status-publish","hentry"],"_links":{"self":[{"href":"https:\/\/jugendschutz-zentral.ch\/schwyz\/wp-json\/wp\/v2\/pages\/129","targetHints":{"allow":["GET"]}}],"collection":[{"href":"https:\/\/jugendschutz-zentral.ch\/schwyz\/wp-json\/wp\/v2\/pages"}],"about":[{"href":"https:\/\/jugendschutz-zentral.ch\/schwyz\/wp-json\/wp\/v2\/types\/page"}],"author":[{"embeddable":true,"href":"https:\/\/jugendschutz-zentral.ch\/schwyz\/wp-json\/wp\/v2\/users\/1"}],"replies":[{"embeddable":true,"href":"https:\/\/jugendschutz-zentral.ch\/schwyz\/wp-json\/wp\/v2\/comments?post=129"}],"version-history":[{"count":0,"href":"https:\/\/jugendschutz-zentral.ch\/schwyz\/wp-json\/wp\/v2\/pages\/129\/revisions"}],"up":[{"embeddable":true,"href":"https:\/\/jugendschutz-zentral.ch\/schwyz\/wp-json\/wp\/v2\/pages\/125"}],"wp:attachment":[{"href":"https:\/\/jugendschutz-zentral.ch\/schwyz\/wp-json\/wp\/v2\/media?parent=129"}],"curies":[{"name":"wp","href":"https:\/\/api.w.org\/{rel}","templated":true}]}}