{"id":127,"date":"2023-06-01T09:49:10","date_gmt":"2023-06-01T07:49:10","guid":{"rendered":"http:\/\/wordpress.jugendschutz-zentral.ch\/schwyz\/?page_id=127"},"modified":"2024-11-14T13:10:22","modified_gmt":"2024-11-14T12:10:22","slug":"veranstaltungen-planen","status":"publish","type":"page","link":"https:\/\/jugendschutz-zentral.ch\/schwyz\/veranstaltende\/veranstaltungen-planen\/","title":{"rendered":"Veranstaltungen planen"},"content":{"rendered":"<div id='full_slider_1'  class='avia-fullwidth-slider main_color avia-shadow   avia-builder-el-0  el_before_av_section  avia-builder-el-first   container_wrap sidebar_right'  ><div  class='avia-slideshow av-lneu693n-793b921d7779c8b520345be719fed616 avia-slideshow-featured av_slideshow_full avia-fade-slider av-slideshow-ui av-control-hidden av-no-slider-navigation av-hide-nav-arrows av-slideshow-autoplay av-loop-endless av-loop-manual-endless av-default-height-applied   avia-slideshow-1' data-slideshow-options=\"{&quot;animation&quot;:&quot;fade&quot;,&quot;autoplay&quot;:true,&quot;loop_autoplay&quot;:&quot;endless&quot;,&quot;interval&quot;:10,&quot;loop_manual&quot;:&quot;manual-endless&quot;,&quot;autoplay_stopper&quot;:false,&quot;noNavigation&quot;:true,&quot;bg_slider&quot;:false,&quot;keep_padding&quot;:false,&quot;hoverpause&quot;:false,&quot;show_slide_delay&quot;:0}\"  itemprop=\"image\" itemscope=\"itemscope\" itemtype=\"https:\/\/schema.org\/ImageObject\" ><ul class='avia-slideshow-inner ' style='padding-bottom: 28.666666666667%;'><li  class='avia-slideshow-slide av-lneu693n-793b921d7779c8b520345be719fed616__0  slide-1 slide-odd'><div data-rel='slideshow-1' class='avia-slide-wrap '   ><img decoding=\"async\" fetchpriority=\"high\" class=\"wp-image-226 avia-img-lazy-loading-not-226\"  src=\"https:\/\/jugendschutz-zentral.ch\/schwyz\/wp-content\/uploads\/sites\/4\/2023\/10\/banner_23-1500x430.jpg\" width=\"1500\" height=\"430\" title='Rauchen an Konzert' alt=''  itemprop=\"thumbnailUrl\"  style='min-height:150px; min-width:524px; ' \/><\/div><\/li><li  class='avia-slideshow-slide av-lneu693n-793b921d7779c8b520345be719fed616__1  slide-2 slide-even'><div data-rel='slideshow-1' class='avia-slide-wrap '   ><img decoding=\"async\" fetchpriority=\"high\" class=\"wp-image-221 avia-img-lazy-loading-not-221\"  src=\"https:\/\/jugendschutz-zentral.ch\/schwyz\/wp-content\/uploads\/sites\/4\/2023\/10\/banner_04-1500x430.jpg\" width=\"1500\" height=\"430\" title='Hands up am Konzert' alt=''  itemprop=\"thumbnailUrl\"  style='min-height:150px; min-width:524px; ' \/><\/div><\/li><li  class='avia-slideshow-slide av-lneu693n-793b921d7779c8b520345be719fed616__2  slide-3 slide-odd'><div data-rel='slideshow-1' class='avia-slide-wrap '   ><img decoding=\"async\" fetchpriority=\"high\" class=\"wp-image-224 avia-img-lazy-loading-not-224\"  src=\"https:\/\/jugendschutz-zentral.ch\/schwyz\/wp-content\/uploads\/sites\/4\/2023\/10\/banner_22-1500x430.jpg\" width=\"1500\" height=\"430\" title='Bier kaufen' alt=''  itemprop=\"thumbnailUrl\"  style='min-height:150px; min-width:524px; ' \/><\/div><\/li><li  class='avia-slideshow-slide av-lneu693n-793b921d7779c8b520345be719fed616__3  slide-4 slide-even'><div data-rel='slideshow-1' class='avia-slide-wrap '   ><img decoding=\"async\" fetchpriority=\"high\" class=\"wp-image-322 avia-img-lazy-loading-not-322\"  src=\"https:\/\/jugendschutz-zentral.ch\/schwyz\/wp-content\/uploads\/sites\/4\/2023\/10\/banner_26-1500x430.jpg\" width=\"1500\" height=\"430\" title='Barbetrieb' alt=''  itemprop=\"thumbnailUrl\"  style='min-height:150px; min-width:524px; ' \/><\/div><\/li><li  class='avia-slideshow-slide av-lneu693n-793b921d7779c8b520345be719fed616__4  slide-5 slide-odd'><div data-rel='slideshow-1' class='avia-slide-wrap '   ><img decoding=\"async\" fetchpriority=\"high\" class=\"wp-image-323 avia-img-lazy-loading-not-323\"  src=\"https:\/\/jugendschutz-zentral.ch\/schwyz\/wp-content\/uploads\/sites\/4\/2023\/10\/banner_27-1500x430.jpg\" width=\"1500\" height=\"430\" title='Auswahl an Vapes' alt=''  itemprop=\"thumbnailUrl\"  style='min-height:150px; min-width:524px; ' \/><\/div><\/li><li  class='avia-slideshow-slide av-lneu693n-793b921d7779c8b520345be719fed616__5  slide-6 slide-even'><div data-rel='slideshow-1' class='avia-slide-wrap '   ><img decoding=\"async\" fetchpriority=\"high\" class=\"wp-image-228 avia-img-lazy-loading-not-228\"  src=\"https:\/\/jugendschutz-zentral.ch\/schwyz\/wp-content\/uploads\/sites\/4\/2023\/10\/banner_24-1500x430.jpg\" width=\"1500\" height=\"430\" title='Bezahlen im Shop' alt=''  itemprop=\"thumbnailUrl\"  style='min-height:150px; min-width:524px; ' \/><\/div><\/li><li  class='avia-slideshow-slide av-lneu693n-793b921d7779c8b520345be719fed616__6  slide-7 slide-odd'><div data-rel='slideshow-1' class='avia-slide-wrap '   ><img decoding=\"async\" fetchpriority=\"high\" class=\"wp-image-220 avia-img-lazy-loading-not-220\"  src=\"https:\/\/jugendschutz-zentral.ch\/schwyz\/wp-content\/uploads\/sites\/4\/2023\/10\/banner_03-1500x430.jpg\" width=\"1500\" height=\"430\" title='Whiskey eingiessen' alt=''  itemprop=\"thumbnailUrl\"  style='min-height:150px; min-width:524px; ' \/><\/div><\/li><li  class='avia-slideshow-slide av-lneu693n-793b921d7779c8b520345be719fed616__7  slide-8 slide-even'><div data-rel='slideshow-1' class='avia-slide-wrap '   ><img decoding=\"async\" fetchpriority=\"high\" class=\"wp-image-324 avia-img-lazy-loading-not-324\"  src=\"https:\/\/jugendschutz-zentral.ch\/schwyz\/wp-content\/uploads\/sites\/4\/2023\/10\/banner_28-1500x430.jpg\" width=\"1500\" height=\"430\" title='Frau mit Snus' alt=''  itemprop=\"thumbnailUrl\"  style='min-height:150px; min-width:524px; ' \/><\/div><\/li><li  class='avia-slideshow-slide av-lneu693n-793b921d7779c8b520345be719fed616__8  slide-9 slide-odd'><div data-rel='slideshow-1' class='avia-slide-wrap '   ><img decoding=\"async\" fetchpriority=\"high\" class=\"wp-image-219 avia-img-lazy-loading-not-219\"  src=\"https:\/\/jugendschutz-zentral.ch\/schwyz\/wp-content\/uploads\/sites\/4\/2023\/10\/banner_02-1500x430.jpg\" width=\"1500\" height=\"430\" title='Prost' alt=''  itemprop=\"thumbnailUrl\"  style='min-height:150px; min-width:524px; ' \/><\/div><\/li><li  class='avia-slideshow-slide av-lneu693n-793b921d7779c8b520345be719fed616__9  slide-10 slide-even'><div data-rel='slideshow-1' class='avia-slide-wrap '   ><img decoding=\"async\" fetchpriority=\"high\" class=\"wp-image-321 avia-img-lazy-loading-not-321\"  src=\"https:\/\/jugendschutz-zentral.ch\/schwyz\/wp-content\/uploads\/sites\/4\/2023\/10\/banner_25-1500x430.jpg\" width=\"1500\" height=\"430\" title='Wein servieren' alt=''  itemprop=\"thumbnailUrl\"  style='min-height:150px; min-width:524px; ' \/><\/div><\/li><li  class='avia-slideshow-slide av-lneu693n-793b921d7779c8b520345be719fed616__10  slide-11 slide-odd'><div data-rel='slideshow-1' class='avia-slide-wrap '   ><img decoding=\"async\" fetchpriority=\"high\" class=\"wp-image-218 avia-img-lazy-loading-not-218\"  src=\"https:\/\/jugendschutz-zentral.ch\/schwyz\/wp-content\/uploads\/sites\/4\/2023\/10\/banner_01-1500x430.jpg\" width=\"1500\" height=\"430\" title='Alkohol an Party' alt=''  itemprop=\"thumbnailUrl\"  style='min-height:150px; min-width:524px; ' \/><\/div><\/li><li  class='avia-slideshow-slide av-lneu693n-793b921d7779c8b520345be719fed616__11  slide-12 slide-even'><div data-rel='slideshow-1' class='avia-slide-wrap '   ><img decoding=\"async\" fetchpriority=\"high\" class=\"wp-image-222 avia-img-lazy-loading-not-222\"  src=\"https:\/\/jugendschutz-zentral.ch\/schwyz\/wp-content\/uploads\/sites\/4\/2023\/10\/banner_21-1500x430.jpg\" width=\"1500\" height=\"430\" title='Vapes rauchen' alt=''  itemprop=\"thumbnailUrl\"  style='min-height:150px; min-width:524px; ' \/><\/div><\/li><\/ul><div class='avia-slideshow-arrows avia-slideshow-controls' ><a href='#prev' class='prev-slide  avia-svg-icon avia-font-svg_entypo-fontello' data-av_svg_icon='left-open-big' data-av_iconset='svg_entypo-fontello' tabindex='-1' title=\"Zur\u00fcck\"><svg version=\"1.1\" xmlns=\"http:\/\/www.w3.org\/2000\/svg\" width=\"15\" height=\"32\" viewBox=\"0 0 15 32\" preserveAspectRatio=\"xMidYMid meet\" aria-labelledby='av-svg-title-1' aria-describedby='av-svg-desc-1' role=\"graphics-symbol\" aria-hidden=\"true\">\n<title id='av-svg-title-1'>Zur\u00fcck<\/title>\n<desc id='av-svg-desc-1'>Zur\u00fcck<\/desc>\n<path d=\"M14.464 27.84q0.832 0.832 0 1.536-0.832 0.832-1.536 0l-12.544-12.608q-0.768-0.768 0-1.6l12.544-12.608q0.704-0.832 1.536 0 0.832 0.704 0 1.536l-11.456 11.904z\"><\/path>\n<\/svg><span class='avia_hidden_link_text'>Zur\u00fcck<\/span><\/a><a href='#next' class='next-slide  avia-svg-icon avia-font-svg_entypo-fontello' data-av_svg_icon='right-open-big' data-av_iconset='svg_entypo-fontello' tabindex='-1' title=\"Weiter\"><svg version=\"1.1\" xmlns=\"http:\/\/www.w3.org\/2000\/svg\" width=\"15\" height=\"32\" viewBox=\"0 0 15 32\" preserveAspectRatio=\"xMidYMid meet\" aria-labelledby='av-svg-title-2' aria-describedby='av-svg-desc-2' role=\"graphics-symbol\" aria-hidden=\"true\">\n<title id='av-svg-title-2'>Weiter<\/title>\n<desc id='av-svg-desc-2'>Weiter<\/desc>\n<path d=\"M0.416 27.84l11.456-11.84-11.456-11.904q-0.832-0.832 0-1.536 0.832-0.832 1.536 0l12.544 12.608q0.768 0.832 0 1.6l-12.544 12.608q-0.704 0.832-1.536 0-0.832-0.704 0-1.536z\"><\/path>\n<\/svg><span class='avia_hidden_link_text'>Weiter<\/span><\/a><\/div><\/div><\/div>\n<div id='av_section_1'  class='avia-section av-clbjj-7ed9b95636ae4b7fb93a3c1e2c6ef1ad main_color avia-section-huge avia-no-border-styling  avia-builder-el-1  el_after_av_slideshow_full  avia-builder-el-last  avia-bg-style-scroll container_wrap sidebar_right'  ><div class='container av-section-cont-open' ><div class='template-page content  av-content-small alpha units'><div class='post-entry post-entry-type-page post-entry-127'><div class='entry-content-wrapper clearfix'>\n\n<style type=\"text\/css\" data-created_by=\"avia_inline_auto\" id=\"style-css-av-b6han-93439ca6a1fa47bac825fcc7fe80f123\">\n#top .flex_column.av-b6han-93439ca6a1fa47bac825fcc7fe80f123{\nmargin-top:-200px;\nmargin-bottom:0px;\n}\n.flex_column.av-b6han-93439ca6a1fa47bac825fcc7fe80f123{\npadding:30px 30px 30px 30px;\nbackground-color:#ffffff;\n}\n.responsive #top #wrap_all .flex_column.av-b6han-93439ca6a1fa47bac825fcc7fe80f123{\nmargin-top:-200px;\nmargin-bottom:0px;\n}\n<\/style>\n<div  class='flex_column av-b6han-93439ca6a1fa47bac825fcc7fe80f123 av_one_full  avia-builder-el-2  avia-builder-el-no-sibling  first flex_column_div  '     ><p>\n<style type=\"text\/css\" data-created_by=\"avia_inline_auto\" id=\"style-css-av-licu43qh-64b000e405987019c7766a654649d965\">\n#top .av-special-heading.av-licu43qh-64b000e405987019c7766a654649d965{\npadding-bottom:10px;\n}\nbody .av-special-heading.av-licu43qh-64b000e405987019c7766a654649d965 .av-special-heading-tag .heading-char{\nfont-size:25px;\n}\n.av-special-heading.av-licu43qh-64b000e405987019c7766a654649d965 .av-subheading{\nfont-size:15px;\n}\n<\/style>\n<div  class='av-special-heading av-licu43qh-64b000e405987019c7766a654649d965 av-special-heading-h2  avia-builder-el-3  el_before_av_hr  avia-builder-el-first '><h2 class='av-special-heading-tag '  itemprop=\"headline\"  >Veranstaltungen planen<\/h2><div class=\"special-heading-border\"><div class=\"special-heading-inner-border\"><\/div><\/div><\/div><br \/>\n\n<style type=\"text\/css\" data-created_by=\"avia_inline_auto\" id=\"style-css-av-lng9dzhr-b464cee4a52e8ce3857e4f38366ba417\">\n#top .hr.hr-invisible.av-lng9dzhr-b464cee4a52e8ce3857e4f38366ba417{\nheight:13px;\n}\n<\/style>\n<div  class='hr av-lng9dzhr-b464cee4a52e8ce3857e4f38366ba417 hr-invisible  avia-builder-el-4  el_after_av_heading  el_before_av_textblock '><span class='hr-inner '><span class=\"hr-inner-style\"><\/span><\/span><\/div><br \/>\n<section  class='av_textblock_section av-licu51x0-5d4d762eb891a97ed1fd3d8a41d74d11 '   itemscope=\"itemscope\" itemtype=\"https:\/\/schema.org\/CreativeWork\" ><div class='avia_textblock'  itemprop=\"text\" ><p>Gehen Sie wie folgt vor, wenn Sie eine Veranstaltung mit Festwirtschaft planen:<\/p>\n<ul>\n<li>Nehmen Sie fr\u00fchzeitig Kontakt mit der Bewilligungsbeh\u00f6rde (Gemeinde) auf. Diese gibt Auskunft \u00fcber das Bewilligungsverfahren sowie die Bewilligungskriterien und gibt Ihnen die n\u00f6tigen Unterlagen ab.<\/li>\n<li>Reichen Sie das Bewilligungsgesuch sowie weitere erforderliche Unterlagen ein.<\/li>\n<li>Machen Sie sich Gedanken, wie Sie die Jugendschutzbestimmungen an Ihrer Veranstaltung umsetzen.<\/li>\n<li>Die\u00a0<a class=\"doclink docman_track_download k-ui-namespace\" href=\"https:\/\/jugendschutz-zentral.ch\/schwyz\/download\/4\/schwyz\/398\/1-checkliste_jugendschutz_lang_2025.pdf\" target=\"_blank\" rel=\"noopener noreferrer\" type=\"application\/pdf\" data-title=\"Checkliste Jugendschutz lang\" data-id=\"96\" data-processed=\"data-processed\">Checkliste Jugendschutz\u00a0(136 KB)\u00a0<\/a>hilft Ihnen dabei.<\/li>\n<li><a href=\"https:\/\/jugendschutz-zentral.ch\/schwyz\/shop\/\">Bestellen Sie<\/a> Jugendschutzmaterialien auf unserer Webseite.<\/li>\n<li>Bei der Alterskontrolle unterst\u00fctzt Sie die kostenlose\u00a0Jalk-ID-Scan App\u00a0<a href=\"https:\/\/apps.apple.com\/us\/app\/jalk-id-scan-app\/id1539027289\" target=\"_blank\" rel=\"noopener noreferrer\">iPhone<\/a>\u00a0\/\u00a0<a href=\"https:\/\/play.google.com\/store\/apps\/details?id=ch.blaueskreuz.jalk\" target=\"_blank\" rel=\"noopener noreferrer\">Android<\/a>.<\/li>\n<\/ul>\n<\/div><\/section><\/p><\/div><\/div><\/div><\/div><!-- close content main div --><\/div><\/div><div id='after_section_1'  class='main_color av_default_container_wrap container_wrap sidebar_right'  ><div class='container av-section-cont-open' ><div class='template-page content  av-content-small alpha units'><div class='post-entry post-entry-type-page post-entry-127'><div class='entry-content-wrapper clearfix'>\n","protected":false},"excerpt":{"rendered":"","protected":false},"author":1,"featured_media":0,"parent":125,"menu_order":11,"comment_status":"closed","ping_status":"closed","template":"","meta":{"inline_featured_image":false,"footnotes":""},"class_list":["post-127","page","type-page","status-publish","hentry"],"_links":{"self":[{"href":"https:\/\/jugendschutz-zentral.ch\/schwyz\/wp-json\/wp\/v2\/pages\/127","targetHints":{"allow":["GET"]}}],"collection":[{"href":"https:\/\/jugendschutz-zentral.ch\/schwyz\/wp-json\/wp\/v2\/pages"}],"about":[{"href":"https:\/\/jugendschutz-zentral.ch\/schwyz\/wp-json\/wp\/v2\/types\/page"}],"author":[{"embeddable":true,"href":"https:\/\/jugendschutz-zentral.ch\/schwyz\/wp-json\/wp\/v2\/users\/1"}],"replies":[{"embeddable":true,"href":"https:\/\/jugendschutz-zentral.ch\/schwyz\/wp-json\/wp\/v2\/comments?post=127"}],"version-history":[{"count":0,"href":"https:\/\/jugendschutz-zentral.ch\/schwyz\/wp-json\/wp\/v2\/pages\/127\/revisions"}],"up":[{"embeddable":true,"href":"https:\/\/jugendschutz-zentral.ch\/schwyz\/wp-json\/wp\/v2\/pages\/125"}],"wp:attachment":[{"href":"https:\/\/jugendschutz-zentral.ch\/schwyz\/wp-json\/wp\/v2\/media?parent=127"}],"curies":[{"name":"wp","href":"https:\/\/api.w.org\/{rel}","templated":true}]}}