{"id":262,"date":"2023-06-03T11:36:53","date_gmt":"2023-06-03T09:36:53","guid":{"rendered":"http:\/\/wordpress.jugendschutz-zentral.ch\/obwalden\/?post_type=product&#038;p=262"},"modified":"2024-01-24T16:21:31","modified_gmt":"2024-01-24T15:21:31","slug":"hinweisschild-jugendschutz-alkohol-freiwillig","status":"publish","type":"product","link":"https:\/\/jugendschutz-zentral.ch\/obwalden\/produkt\/hinweisschild-jugendschutz-alkohol-freiwillig\/","title":{"rendered":"Hinweisschild Jugendschutz Alkohol freiwillig"},"content":{"rendered":"","protected":false},"excerpt":{"rendered":"<p>Format A4<\/p>\n<p>Hinweisschild f\u00fcr den freiwilligen Jugendschutz Alkohol &#8222;kein alkoholischen Getr\u00e4nke an unter 18-J\u00e4hrige&#8220; zum Aufh\u00e4ngen. <\/p>\n<p>gratis<\/p>\n","protected":false},"featured_media":147,"template":"","meta":{"inline_featured_image":false},"product_brand":[],"product_cat":[24],"product_tag":[],"class_list":{"0":"post-262","1":"product","2":"type-product","3":"status-publish","4":"has-post-thumbnail","6":"product_cat-obwalden","8":"first","9":"instock","10":"shipping-taxable","11":"purchasable","12":"product-type-simple"},"_links":{"self":[{"href":"https:\/\/jugendschutz-zentral.ch\/obwalden\/wp-json\/wp\/v2\/product\/262","targetHints":{"allow":["GET"]}}],"collection":[{"href":"https:\/\/jugendschutz-zentral.ch\/obwalden\/wp-json\/wp\/v2\/product"}],"about":[{"href":"https:\/\/jugendschutz-zentral.ch\/obwalden\/wp-json\/wp\/v2\/types\/product"}],"wp:featuredmedia":[{"embeddable":true,"href":"https:\/\/jugendschutz-zentral.ch\/obwalden\/wp-json\/wp\/v2\/media\/147"}],"wp:attachment":[{"href":"https:\/\/jugendschutz-zentral.ch\/obwalden\/wp-json\/wp\/v2\/media?parent=262"}],"wp:term":[{"taxonomy":"product_brand","embeddable":true,"href":"https:\/\/jugendschutz-zentral.ch\/obwalden\/wp-json\/wp\/v2\/product_brand?post=262"},{"taxonomy":"product_cat","embeddable":true,"href":"https:\/\/jugendschutz-zentral.ch\/obwalden\/wp-json\/wp\/v2\/product_cat?post=262"},{"taxonomy":"product_tag","embeddable":true,"href":"https:\/\/jugendschutz-zentral.ch\/obwalden\/wp-json\/wp\/v2\/product_tag?post=262"}],"curies":[{"name":"wp","href":"https:\/\/api.w.org\/{rel}","templated":true}]}}