{"id":240,"date":"2023-06-03T11:25:05","date_gmt":"2023-06-03T09:25:05","guid":{"rendered":"http:\/\/wordpress.jugendschutz-zentral.ch\/obwalden\/?post_type=product&#038;p=240"},"modified":"2023-10-06T20:27:30","modified_gmt":"2023-10-06T18:27:30","slug":"kontrollbaendeli-farbsatz-1","status":"publish","type":"product","link":"https:\/\/jugendschutz-zentral.ch\/obwalden\/produkt\/kontrollbaendeli-farbsatz-1\/","title":{"rendered":"Kontrollb\u00e4ndeli Farbsatz 1"},"content":{"rendered":"","protected":false},"excerpt":{"rendered":"<p><strong>Der Farbsatz 1 ist f\u00fcr 1-t\u00e4gige Veranstaltungen vorgesehen.<\/strong><\/p>\n<p>B\u00e4ndeli\u00a0ROT: unter 16 Jahren<br \/>\nB\u00e4ndeli GELB: 16 \u2013 18 Jahre<br \/>\nB\u00e4ndeli\u00a0GR\u00dcN: ab 18 Jahren<\/p>\n<p><strong>Bis 500 St\u00fcck gratis. Bitte nur die ben\u00f6tigte Anzahl bestellen.<\/strong><\/p>\n","protected":false},"featured_media":137,"template":"","meta":{"inline_featured_image":false},"product_brand":[],"product_cat":[24],"product_tag":[],"class_list":{"0":"post-240","1":"product","2":"type-product","3":"status-publish","4":"has-post-thumbnail","6":"product_cat-obwalden","8":"first","9":"instock","10":"shipping-taxable","11":"purchasable","12":"product-type-variable"},"_links":{"self":[{"href":"https:\/\/jugendschutz-zentral.ch\/obwalden\/wp-json\/wp\/v2\/product\/240","targetHints":{"allow":["GET"]}}],"collection":[{"href":"https:\/\/jugendschutz-zentral.ch\/obwalden\/wp-json\/wp\/v2\/product"}],"about":[{"href":"https:\/\/jugendschutz-zentral.ch\/obwalden\/wp-json\/wp\/v2\/types\/product"}],"wp:featuredmedia":[{"embeddable":true,"href":"https:\/\/jugendschutz-zentral.ch\/obwalden\/wp-json\/wp\/v2\/media\/137"}],"wp:attachment":[{"href":"https:\/\/jugendschutz-zentral.ch\/obwalden\/wp-json\/wp\/v2\/media?parent=240"}],"wp:term":[{"taxonomy":"product_brand","embeddable":true,"href":"https:\/\/jugendschutz-zentral.ch\/obwalden\/wp-json\/wp\/v2\/product_brand?post=240"},{"taxonomy":"product_cat","embeddable":true,"href":"https:\/\/jugendschutz-zentral.ch\/obwalden\/wp-json\/wp\/v2\/product_cat?post=240"},{"taxonomy":"product_tag","embeddable":true,"href":"https:\/\/jugendschutz-zentral.ch\/obwalden\/wp-json\/wp\/v2\/product_tag?post=240"}],"curies":[{"name":"wp","href":"https:\/\/api.w.org\/{rel}","templated":true}]}}