{"id":206,"date":"2023-05-31T23:01:49","date_gmt":"2023-05-31T21:01:49","guid":{"rendered":"http:\/\/wordpress.jugendschutz-zentral.ch\/obwalden\/?page_id=206"},"modified":"2023-10-27T15:05:56","modified_gmt":"2023-10-27T13:05:56","slug":"handel-mit-alkoholischen-getraenken","status":"publish","type":"page","link":"https:\/\/jugendschutz-zentral.ch\/obwalden\/gastronomie-detailhandel\/handel-mit-alkoholischen-getraenken\/","title":{"rendered":"Handel mit alkoholischen Getr\u00e4nken"},"content":{"rendered":"<div id='full_slider_1'  class='avia-fullwidth-slider main_color avia-shadow   avia-builder-el-0  el_before_av_section  avia-builder-el-first   container_wrap sidebar_right'  ><div  class='avia-slideshow av-lnetlcls-e68171ae2fae652630065a824689771e avia-slideshow-featured av_slideshow_full avia-fade-slider av-slideshow-ui av-control-hidden av-no-slider-navigation av-hide-nav-arrows av-slideshow-autoplay av-loop-endless av-loop-manual-endless av-default-height-applied   avia-slideshow-1' data-slideshow-options=\"{&quot;animation&quot;:&quot;fade&quot;,&quot;autoplay&quot;:true,&quot;loop_autoplay&quot;:&quot;endless&quot;,&quot;interval&quot;:10,&quot;loop_manual&quot;:&quot;manual-endless&quot;,&quot;autoplay_stopper&quot;:false,&quot;noNavigation&quot;:true,&quot;bg_slider&quot;:false,&quot;keep_padding&quot;:false,&quot;hoverpause&quot;:false,&quot;show_slide_delay&quot;:0}\"  itemprop=\"image\" itemscope=\"itemscope\" itemtype=\"https:\/\/schema.org\/ImageObject\" ><ul class='avia-slideshow-inner ' style='padding-bottom: 28.666666666667%;'><li  class='avia-slideshow-slide av-lnetlcls-e68171ae2fae652630065a824689771e__0  slide-1 slide-odd'><div data-rel='slideshow-1' class='avia-slide-wrap '   ><img decoding=\"async\" fetchpriority=\"high\" class=\"wp-image-323 avia-img-lazy-loading-not-323\"  src=\"https:\/\/jugendschutz-zentral.ch\/obwalden\/wp-content\/uploads\/sites\/3\/2023\/10\/banner_03-1500x430.jpg\" width=\"1500\" height=\"430\" title='Whiskey einschenken' alt=''  itemprop=\"thumbnailUrl\"  style='min-height:150px; min-width:524px; ' \/><\/div><\/li><li  class='avia-slideshow-slide av-lnetlcls-e68171ae2fae652630065a824689771e__1  slide-2 slide-even'><div data-rel='slideshow-1' class='avia-slide-wrap '   ><img decoding=\"async\" fetchpriority=\"high\" class=\"wp-image-327 avia-img-lazy-loading-not-327\"  src=\"https:\/\/jugendschutz-zentral.ch\/obwalden\/wp-content\/uploads\/sites\/3\/2023\/10\/banner_22-1500x430.jpg\" width=\"1500\" height=\"430\" title='Bier kaufen' alt=''  itemprop=\"thumbnailUrl\"  style='min-height:150px; min-width:524px; ' \/><\/div><\/li><li  class='avia-slideshow-slide av-lnetlcls-e68171ae2fae652630065a824689771e__2  slide-3 slide-odd'><div data-rel='slideshow-1' class='avia-slide-wrap '   ><img decoding=\"async\" fetchpriority=\"high\" class=\"wp-image-391 avia-img-lazy-loading-not-391\"  src=\"https:\/\/jugendschutz-zentral.ch\/obwalden\/wp-content\/uploads\/sites\/3\/2023\/10\/banner_25-1500x430.jpg\" width=\"1500\" height=\"430\" title='Wein servieren' alt=''  itemprop=\"thumbnailUrl\"  style='min-height:150px; min-width:524px; ' \/><\/div><\/li><li  class='avia-slideshow-slide av-lnetlcls-e68171ae2fae652630065a824689771e__3  slide-4 slide-even'><div data-rel='slideshow-1' class='avia-slide-wrap '   ><img decoding=\"async\" fetchpriority=\"high\" class=\"wp-image-322 avia-img-lazy-loading-not-322\"  src=\"https:\/\/jugendschutz-zentral.ch\/obwalden\/wp-content\/uploads\/sites\/3\/2023\/10\/banner_02-1500x430.jpg\" width=\"1500\" height=\"430\" title='Prost' alt=''  itemprop=\"thumbnailUrl\"  style='min-height:150px; min-width:524px; ' \/><\/div><\/li><li  class='avia-slideshow-slide av-lnetlcls-e68171ae2fae652630065a824689771e__4  slide-5 slide-odd'><div data-rel='slideshow-1' class='avia-slide-wrap '   ><img decoding=\"async\" fetchpriority=\"high\" class=\"wp-image-331 avia-img-lazy-loading-not-331\"  src=\"https:\/\/jugendschutz-zentral.ch\/obwalden\/wp-content\/uploads\/sites\/3\/2023\/10\/banner_24-1500x430.jpg\" width=\"1500\" height=\"430\" title='Bezahlen im Shop' alt=''  itemprop=\"thumbnailUrl\"  style='min-height:150px; min-width:524px; ' \/><\/div><\/li><li  class='avia-slideshow-slide av-lnetlcls-e68171ae2fae652630065a824689771e__5  slide-6 slide-even'><div data-rel='slideshow-1' class='avia-slide-wrap '   ><img decoding=\"async\" fetchpriority=\"high\" class=\"wp-image-321 avia-img-lazy-loading-not-321\"  src=\"https:\/\/jugendschutz-zentral.ch\/obwalden\/wp-content\/uploads\/sites\/3\/2023\/10\/banner_01-1500x430.jpg\" width=\"1500\" height=\"430\" title='Alkohol auf Party' alt=''  itemprop=\"thumbnailUrl\"  style='min-height:150px; min-width:524px; ' \/><\/div><\/li><li  class='avia-slideshow-slide av-lnetlcls-e68171ae2fae652630065a824689771e__6  slide-7 slide-odd'><div data-rel='slideshow-1' class='avia-slide-wrap '   ><img decoding=\"async\" fetchpriority=\"high\" class=\"wp-image-329 avia-img-lazy-loading-not-329\"  src=\"https:\/\/jugendschutz-zentral.ch\/obwalden\/wp-content\/uploads\/sites\/3\/2023\/10\/banner_23-1500x430.jpg\" width=\"1500\" height=\"430\" title='Rauchen am Konzert' alt=''  itemprop=\"thumbnailUrl\"  style='min-height:150px; min-width:524px; ' \/><\/div><\/li><li  class='avia-slideshow-slide av-lnetlcls-e68171ae2fae652630065a824689771e__7  slide-8 slide-even'><div data-rel='slideshow-1' class='avia-slide-wrap '   ><img decoding=\"async\" fetchpriority=\"high\" class=\"wp-image-325 avia-img-lazy-loading-not-325\"  src=\"https:\/\/jugendschutz-zentral.ch\/obwalden\/wp-content\/uploads\/sites\/3\/2023\/10\/banner_21-1500x430.jpg\" width=\"1500\" height=\"430\" title='Vapes rauchen' alt=''  itemprop=\"thumbnailUrl\"  style='min-height:150px; min-width:524px; ' \/><\/div><\/li><li  class='avia-slideshow-slide av-lnetlcls-e68171ae2fae652630065a824689771e__8  slide-9 slide-odd'><div data-rel='slideshow-1' class='avia-slide-wrap '   ><img decoding=\"async\" fetchpriority=\"high\" class=\"wp-image-324 avia-img-lazy-loading-not-324\"  src=\"https:\/\/jugendschutz-zentral.ch\/obwalden\/wp-content\/uploads\/sites\/3\/2023\/10\/banner_04-1500x430.jpg\" width=\"1500\" height=\"430\" title='Konzert' alt=''  itemprop=\"thumbnailUrl\"  style='min-height:150px; min-width:524px; ' \/><\/div><\/li><li  class='avia-slideshow-slide av-lnetlcls-e68171ae2fae652630065a824689771e__9  slide-10 slide-even'><div data-rel='slideshow-1' class='avia-slide-wrap '   ><img decoding=\"async\" fetchpriority=\"high\" class=\"wp-image-392 avia-img-lazy-loading-not-392\"  src=\"https:\/\/jugendschutz-zentral.ch\/obwalden\/wp-content\/uploads\/sites\/3\/2023\/10\/banner_26-1500x430.jpg\" width=\"1500\" height=\"430\" title='Barbetrieb' alt=''  itemprop=\"thumbnailUrl\"  style='min-height:150px; min-width:524px; ' \/><\/div><\/li><li  class='avia-slideshow-slide av-lnetlcls-e68171ae2fae652630065a824689771e__10  slide-11 slide-odd'><div data-rel='slideshow-1' class='avia-slide-wrap '   ><img decoding=\"async\" fetchpriority=\"high\" class=\"wp-image-393 avia-img-lazy-loading-not-393\"  src=\"https:\/\/jugendschutz-zentral.ch\/obwalden\/wp-content\/uploads\/sites\/3\/2023\/10\/banner_27-1500x430.jpg\" width=\"1500\" height=\"430\" title='Auswahl an Vapes' alt=''  itemprop=\"thumbnailUrl\"  style='min-height:150px; min-width:524px; ' \/><\/div><\/li><li  class='avia-slideshow-slide av-lnetlcls-e68171ae2fae652630065a824689771e__11  slide-12 slide-even'><div data-rel='slideshow-1' class='avia-slide-wrap '   ><img decoding=\"async\" fetchpriority=\"high\" class=\"wp-image-394 avia-img-lazy-loading-not-394\"  src=\"https:\/\/jugendschutz-zentral.ch\/obwalden\/wp-content\/uploads\/sites\/3\/2023\/10\/banner_28-1500x430.jpg\" width=\"1500\" height=\"430\" title='Frau mit Snus' alt=''  itemprop=\"thumbnailUrl\"  style='min-height:150px; min-width:524px; ' \/><\/div><\/li><\/ul><div class='avia-slideshow-arrows avia-slideshow-controls' ><a href='#prev' class='prev-slide  avia-svg-icon avia-font-svg_entypo-fontello' data-av_svg_icon='left-open-big' data-av_iconset='svg_entypo-fontello' tabindex='-1' title=\"Zur\u00fcck\"><svg version=\"1.1\" xmlns=\"http:\/\/www.w3.org\/2000\/svg\" width=\"15\" height=\"32\" viewBox=\"0 0 15 32\" preserveAspectRatio=\"xMidYMid meet\" aria-labelledby='av-svg-title-1' aria-describedby='av-svg-desc-1' role=\"graphics-symbol\" aria-hidden=\"true\">\n<title id='av-svg-title-1'>Zur\u00fcck<\/title>\n<desc id='av-svg-desc-1'>Zur\u00fcck<\/desc>\n<path d=\"M14.464 27.84q0.832 0.832 0 1.536-0.832 0.832-1.536 0l-12.544-12.608q-0.768-0.768 0-1.6l12.544-12.608q0.704-0.832 1.536 0 0.832 0.704 0 1.536l-11.456 11.904z\"><\/path>\n<\/svg><span class='avia_hidden_link_text'>Zur\u00fcck<\/span><\/a><a href='#next' class='next-slide  avia-svg-icon avia-font-svg_entypo-fontello' data-av_svg_icon='right-open-big' data-av_iconset='svg_entypo-fontello' tabindex='-1' title=\"Weiter\"><svg version=\"1.1\" xmlns=\"http:\/\/www.w3.org\/2000\/svg\" width=\"15\" height=\"32\" viewBox=\"0 0 15 32\" preserveAspectRatio=\"xMidYMid meet\" aria-labelledby='av-svg-title-2' aria-describedby='av-svg-desc-2' role=\"graphics-symbol\" aria-hidden=\"true\">\n<title id='av-svg-title-2'>Weiter<\/title>\n<desc id='av-svg-desc-2'>Weiter<\/desc>\n<path d=\"M0.416 27.84l11.456-11.84-11.456-11.904q-0.832-0.832 0-1.536 0.832-0.832 1.536 0l12.544 12.608q0.768 0.832 0 1.6l-12.544 12.608q-0.704 0.832-1.536 0-0.832-0.704 0-1.536z\"><\/path>\n<\/svg><span class='avia_hidden_link_text'>Weiter<\/span><\/a><\/div><\/div><\/div>\n<div id='av_section_1'  class='avia-section av-k1v1i-051dc55460c9b5aaadd3da13b904a146 main_color avia-section-huge avia-no-border-styling  avia-builder-el-1  el_after_av_slideshow_full  avia-builder-el-last  avia-bg-style-scroll container_wrap sidebar_right'  ><div class='container av-section-cont-open' ><div class='template-page content  av-content-small alpha units'><div class='post-entry post-entry-type-page post-entry-206'><div class='entry-content-wrapper clearfix'>\n\n<style type=\"text\/css\" data-created_by=\"avia_inline_auto\" id=\"style-css-av-fiaxa-e017972067603310f5fcb415dde09cab\">\n#top .flex_column.av-fiaxa-e017972067603310f5fcb415dde09cab{\nmargin-top:-200px;\nmargin-bottom:0px;\n}\n.flex_column.av-fiaxa-e017972067603310f5fcb415dde09cab{\npadding:30px 30px 30px 30px;\nbackground-color:#ffffff;\n}\n.responsive #top #wrap_all .flex_column.av-fiaxa-e017972067603310f5fcb415dde09cab{\nmargin-top:-200px;\nmargin-bottom:0px;\n}\n<\/style>\n<div  class='flex_column av-fiaxa-e017972067603310f5fcb415dde09cab av_one_full  avia-builder-el-2  avia-builder-el-no-sibling  first flex_column_div  '     ><p>\n<style type=\"text\/css\" data-created_by=\"avia_inline_auto\" id=\"style-css-av-7av4e-a138e2e7651212afccf8f20080f3da86\">\n#top .av-special-heading.av-7av4e-a138e2e7651212afccf8f20080f3da86{\npadding-bottom:10px;\n}\nbody .av-special-heading.av-7av4e-a138e2e7651212afccf8f20080f3da86 .av-special-heading-tag .heading-char{\nfont-size:25px;\n}\n.av-special-heading.av-7av4e-a138e2e7651212afccf8f20080f3da86 .av-subheading{\nfont-size:15px;\n}\n<\/style>\n<div  class='av-special-heading av-7av4e-a138e2e7651212afccf8f20080f3da86 av-special-heading-h2  avia-builder-el-3  el_before_av_hr  avia-builder-el-first '><h2 class='av-special-heading-tag '  itemprop=\"headline\"  >Handel mit alkoholischen Getr\u00e4nken<\/h2><div class=\"special-heading-border\"><div class=\"special-heading-inner-border\"><\/div><\/div><\/div><br \/>\n\n<style type=\"text\/css\" data-created_by=\"avia_inline_auto\" id=\"style-css-av-lng9b82z-43164e1de0b0fc3be8ee81dbbf47416f\">\n#top .hr.hr-invisible.av-lng9b82z-43164e1de0b0fc3be8ee81dbbf47416f{\nheight:13px;\n}\n<\/style>\n<div  class='hr av-lng9b82z-43164e1de0b0fc3be8ee81dbbf47416f hr-invisible  avia-builder-el-4  el_after_av_heading  el_before_av_textblock '><span class='hr-inner '><span class=\"hr-inner-style\"><\/span><\/span><\/div><br \/>\n<section  class='av_textblock_section av-lic70ia5-9e2af72113af98b7697c4e168bfdceb4 '   itemscope=\"itemscope\" itemtype=\"https:\/\/schema.org\/CreativeWork\" ><div class='avia_textblock'  itemprop=\"text\" ><p>Gem\u00e4ss\u00a0<a href=\"http:\/\/gdb.ow.ch\/frontend\/versions\/104\" target=\"_blank\" rel=\"noopener noreferrer\">Gastgewerbegesetz<\/a>\u00a0bedarf einer Bewilligung, wer einen Kleinhandel mit gebrannten Wassern betreibt. Wer sich um eine Bewilligung bewirbt, muss handlungsf\u00e4hig sein und die Voraussetzungen f\u00fcr die einwandfreie F\u00fchrung des Betriebs erf\u00fcllen.<\/p>\n<p>Link zu Gemeinden:<\/p>\n<p><a href=\"http:\/\/www.alpnach.ch\/de\/politikverwaltung\/verwaltung\/aemter\/welcome.php?amt_id=7590\"><strong>Alpnach<\/strong><\/a><br \/>\n<strong><a href=\"http:\/\/www.gde-engelberg.ch\/de\/verwaltung\/dienstleistungen\/welcome.php?dienst_id=31212\" target=\"_blank\" rel=\"noopener noreferrer\">Engelberg<\/a><\/strong><br \/>\n<strong><a href=\"https:\/\/secure.i-web.ch\/gemweb\/giswil\/de\/onlineschalter2\/online-schalter\/?action=showdetail&#038;dienst_id=30597\" target=\"_blank\" rel=\"noopener noreferrer\">Giswil<\/a><\/strong><br \/>\n<strong><a href=\"http:\/\/www.kerns.ch\/de\/verwaltung\/aemter\/?amt_id=13534\" target=\"_blank\" rel=\"noopener noreferrer\">Kerns<\/a><\/strong><br \/>\n<strong><a href=\"http:\/\/www.lungern.ch\/de\/verwaltung\/aemter\/?amt_id=6434\" target=\"_blank\" rel=\"noopener noreferrer\">Lungern<\/a><br \/>\n<a href=\"http:\/\/www.sachseln.ch\/de\/verwaltung\/dienstleistungen\/welcome.php?dienst_id=32531\" target=\"_blank\" rel=\"noopener noreferrer\">Sachseln<\/a><\/strong><br \/>\n<strong><a href=\"https:\/\/secure.i-web.ch\/gemweb\/sarnen\/de\/verwaltung\/online-schalter\/?action=showdetail&#038;dienst_id=15779\" target=\"_blank\" rel=\"noopener noreferrer\">Sarnen<\/a><\/strong><\/p>\n<\/div><\/section><\/p><\/div>\n<\/div><\/div><\/div><!-- close content main div --><\/div><\/div><div id='after_section_1'  class='main_color av_default_container_wrap container_wrap sidebar_right'  ><div class='container av-section-cont-open' ><div class='template-page content  av-content-small alpha units'><div class='post-entry post-entry-type-page post-entry-206'><div class='entry-content-wrapper clearfix'>\n","protected":false},"excerpt":{"rendered":"","protected":false},"author":1,"featured_media":0,"parent":202,"menu_order":22,"comment_status":"closed","ping_status":"closed","template":"","meta":{"inline_featured_image":false,"footnotes":""},"class_list":["post-206","page","type-page","status-publish","hentry"],"_links":{"self":[{"href":"https:\/\/jugendschutz-zentral.ch\/obwalden\/wp-json\/wp\/v2\/pages\/206","targetHints":{"allow":["GET"]}}],"collection":[{"href":"https:\/\/jugendschutz-zentral.ch\/obwalden\/wp-json\/wp\/v2\/pages"}],"about":[{"href":"https:\/\/jugendschutz-zentral.ch\/obwalden\/wp-json\/wp\/v2\/types\/page"}],"author":[{"embeddable":true,"href":"https:\/\/jugendschutz-zentral.ch\/obwalden\/wp-json\/wp\/v2\/users\/1"}],"replies":[{"embeddable":true,"href":"https:\/\/jugendschutz-zentral.ch\/obwalden\/wp-json\/wp\/v2\/comments?post=206"}],"version-history":[{"count":0,"href":"https:\/\/jugendschutz-zentral.ch\/obwalden\/wp-json\/wp\/v2\/pages\/206\/revisions"}],"up":[{"embeddable":true,"href":"https:\/\/jugendschutz-zentral.ch\/obwalden\/wp-json\/wp\/v2\/pages\/202"}],"wp:attachment":[{"href":"https:\/\/jugendschutz-zentral.ch\/obwalden\/wp-json\/wp\/v2\/media?parent=206"}],"curies":[{"name":"wp","href":"https:\/\/api.w.org\/{rel}","templated":true}]}}