{"id":185,"date":"2023-05-31T22:47:25","date_gmt":"2023-05-31T20:47:25","guid":{"rendered":"http:\/\/wordpress.jugendschutz-zentral.ch\/obwalden\/?page_id=185"},"modified":"2024-01-23T10:32:36","modified_gmt":"2024-01-23T09:32:36","slug":"bewilligungsverfahren","status":"publish","type":"page","link":"https:\/\/jugendschutz-zentral.ch\/obwalden\/veranstaltende\/bewilligungsverfahren\/","title":{"rendered":"Bewilligungsverfahren"},"content":{"rendered":"<div id='full_slider_1'  class='avia-fullwidth-slider main_color avia-shadow   avia-builder-el-0  el_before_av_section  avia-builder-el-first   container_wrap sidebar_right'  ><div  class='avia-slideshow av-lnetpaw5-ed71e04f0840ab276094ded46504aa9f avia-slideshow-featured av_slideshow_full avia-fade-slider av-slideshow-ui av-control-hidden av-no-slider-navigation av-hide-nav-arrows av-slideshow-autoplay av-loop-endless av-loop-manual-endless av-default-height-applied   avia-slideshow-1' data-slideshow-options=\"{&quot;animation&quot;:&quot;fade&quot;,&quot;autoplay&quot;:true,&quot;loop_autoplay&quot;:&quot;endless&quot;,&quot;interval&quot;:10,&quot;loop_manual&quot;:&quot;manual-endless&quot;,&quot;autoplay_stopper&quot;:false,&quot;noNavigation&quot;:true,&quot;bg_slider&quot;:false,&quot;keep_padding&quot;:false,&quot;hoverpause&quot;:false,&quot;show_slide_delay&quot;:0}\"  itemprop=\"image\" itemscope=\"itemscope\" itemtype=\"https:\/\/schema.org\/ImageObject\" ><ul class='avia-slideshow-inner ' style='padding-bottom: 28.666666666667%;'><li  class='avia-slideshow-slide av-lnetpaw5-ed71e04f0840ab276094ded46504aa9f__0  slide-1 slide-odd'><div data-rel='slideshow-1' class='avia-slide-wrap '   ><img decoding=\"async\" fetchpriority=\"high\" class=\"wp-image-321 avia-img-lazy-loading-not-321\"  src=\"https:\/\/jugendschutz-zentral.ch\/obwalden\/wp-content\/uploads\/sites\/3\/2023\/10\/banner_01-1500x430.jpg\" width=\"1500\" height=\"430\" title='Alkohol auf Party' alt=''  itemprop=\"thumbnailUrl\"  style='min-height:150px; min-width:524px; ' \/><\/div><\/li><li  class='avia-slideshow-slide av-lnetpaw5-ed71e04f0840ab276094ded46504aa9f__1  slide-2 slide-even'><div data-rel='slideshow-1' class='avia-slide-wrap '   ><img decoding=\"async\" fetchpriority=\"high\" class=\"wp-image-391 avia-img-lazy-loading-not-391\"  src=\"https:\/\/jugendschutz-zentral.ch\/obwalden\/wp-content\/uploads\/sites\/3\/2023\/10\/banner_25-1500x430.jpg\" width=\"1500\" height=\"430\" title='Wein servieren' alt=''  itemprop=\"thumbnailUrl\"  style='min-height:150px; min-width:524px; ' \/><\/div><\/li><li  class='avia-slideshow-slide av-lnetpaw5-ed71e04f0840ab276094ded46504aa9f__2  slide-3 slide-odd'><div data-rel='slideshow-1' class='avia-slide-wrap '   ><img decoding=\"async\" fetchpriority=\"high\" class=\"wp-image-329 avia-img-lazy-loading-not-329\"  src=\"https:\/\/jugendschutz-zentral.ch\/obwalden\/wp-content\/uploads\/sites\/3\/2023\/10\/banner_23-1500x430.jpg\" width=\"1500\" height=\"430\" title='Rauchen am Konzert' alt=''  itemprop=\"thumbnailUrl\"  style='min-height:150px; min-width:524px; ' \/><\/div><\/li><li  class='avia-slideshow-slide av-lnetpaw5-ed71e04f0840ab276094ded46504aa9f__3  slide-4 slide-even'><div data-rel='slideshow-1' class='avia-slide-wrap '   ><img decoding=\"async\" fetchpriority=\"high\" class=\"wp-image-394 avia-img-lazy-loading-not-394\"  src=\"https:\/\/jugendschutz-zentral.ch\/obwalden\/wp-content\/uploads\/sites\/3\/2023\/10\/banner_28-1500x430.jpg\" width=\"1500\" height=\"430\" title='Frau mit Snus' alt=''  itemprop=\"thumbnailUrl\"  style='min-height:150px; min-width:524px; ' \/><\/div><\/li><li  class='avia-slideshow-slide av-lnetpaw5-ed71e04f0840ab276094ded46504aa9f__4  slide-5 slide-odd'><div data-rel='slideshow-1' class='avia-slide-wrap '   ><img decoding=\"async\" fetchpriority=\"high\" class=\"wp-image-331 avia-img-lazy-loading-not-331\"  src=\"https:\/\/jugendschutz-zentral.ch\/obwalden\/wp-content\/uploads\/sites\/3\/2023\/10\/banner_24-1500x430.jpg\" width=\"1500\" height=\"430\" title='Bezahlen im Shop' alt=''  itemprop=\"thumbnailUrl\"  style='min-height:150px; min-width:524px; ' \/><\/div><\/li><li  class='avia-slideshow-slide av-lnetpaw5-ed71e04f0840ab276094ded46504aa9f__5  slide-6 slide-even'><div data-rel='slideshow-1' class='avia-slide-wrap '   ><img decoding=\"async\" fetchpriority=\"high\" class=\"wp-image-327 avia-img-lazy-loading-not-327\"  src=\"https:\/\/jugendschutz-zentral.ch\/obwalden\/wp-content\/uploads\/sites\/3\/2023\/10\/banner_22-1500x430.jpg\" width=\"1500\" height=\"430\" title='Bier kaufen' alt=''  itemprop=\"thumbnailUrl\"  style='min-height:150px; min-width:524px; ' \/><\/div><\/li><li  class='avia-slideshow-slide av-lnetpaw5-ed71e04f0840ab276094ded46504aa9f__6  slide-7 slide-odd'><div data-rel='slideshow-1' class='avia-slide-wrap '   ><img decoding=\"async\" fetchpriority=\"high\" class=\"wp-image-392 avia-img-lazy-loading-not-392\"  src=\"https:\/\/jugendschutz-zentral.ch\/obwalden\/wp-content\/uploads\/sites\/3\/2023\/10\/banner_26-1500x430.jpg\" width=\"1500\" height=\"430\" title='Barbetrieb' alt=''  itemprop=\"thumbnailUrl\"  style='min-height:150px; min-width:524px; ' \/><\/div><\/li><li  class='avia-slideshow-slide av-lnetpaw5-ed71e04f0840ab276094ded46504aa9f__7  slide-8 slide-even'><div data-rel='slideshow-1' class='avia-slide-wrap '   ><img decoding=\"async\" fetchpriority=\"high\" class=\"wp-image-325 avia-img-lazy-loading-not-325\"  src=\"https:\/\/jugendschutz-zentral.ch\/obwalden\/wp-content\/uploads\/sites\/3\/2023\/10\/banner_21-1500x430.jpg\" width=\"1500\" height=\"430\" title='Vapes rauchen' alt=''  itemprop=\"thumbnailUrl\"  style='min-height:150px; min-width:524px; ' \/><\/div><\/li><li  class='avia-slideshow-slide av-lnetpaw5-ed71e04f0840ab276094ded46504aa9f__8  slide-9 slide-odd'><div data-rel='slideshow-1' class='avia-slide-wrap '   ><img decoding=\"async\" fetchpriority=\"high\" class=\"wp-image-323 avia-img-lazy-loading-not-323\"  src=\"https:\/\/jugendschutz-zentral.ch\/obwalden\/wp-content\/uploads\/sites\/3\/2023\/10\/banner_03-1500x430.jpg\" width=\"1500\" height=\"430\" title='Whiskey einschenken' alt=''  itemprop=\"thumbnailUrl\"  style='min-height:150px; min-width:524px; ' \/><\/div><\/li><li  class='avia-slideshow-slide av-lnetpaw5-ed71e04f0840ab276094ded46504aa9f__9  slide-10 slide-even'><div data-rel='slideshow-1' class='avia-slide-wrap '   ><img decoding=\"async\" fetchpriority=\"high\" class=\"wp-image-322 avia-img-lazy-loading-not-322\"  src=\"https:\/\/jugendschutz-zentral.ch\/obwalden\/wp-content\/uploads\/sites\/3\/2023\/10\/banner_02-1500x430.jpg\" width=\"1500\" height=\"430\" title='Prost' alt=''  itemprop=\"thumbnailUrl\"  style='min-height:150px; min-width:524px; ' \/><\/div><\/li><li  class='avia-slideshow-slide av-lnetpaw5-ed71e04f0840ab276094ded46504aa9f__10  slide-11 slide-odd'><div data-rel='slideshow-1' class='avia-slide-wrap '   ><img decoding=\"async\" fetchpriority=\"high\" class=\"wp-image-324 avia-img-lazy-loading-not-324\"  src=\"https:\/\/jugendschutz-zentral.ch\/obwalden\/wp-content\/uploads\/sites\/3\/2023\/10\/banner_04-1500x430.jpg\" width=\"1500\" height=\"430\" title='Konzert' alt=''  itemprop=\"thumbnailUrl\"  style='min-height:150px; min-width:524px; ' \/><\/div><\/li><li  class='avia-slideshow-slide av-lnetpaw5-ed71e04f0840ab276094ded46504aa9f__11  slide-12 slide-even'><div data-rel='slideshow-1' class='avia-slide-wrap '   ><img decoding=\"async\" fetchpriority=\"high\" class=\"wp-image-393 avia-img-lazy-loading-not-393\"  src=\"https:\/\/jugendschutz-zentral.ch\/obwalden\/wp-content\/uploads\/sites\/3\/2023\/10\/banner_27-1500x430.jpg\" width=\"1500\" height=\"430\" title='Auswahl an Vapes' alt=''  itemprop=\"thumbnailUrl\"  style='min-height:150px; min-width:524px; ' \/><\/div><\/li><\/ul><div class='avia-slideshow-arrows avia-slideshow-controls' ><a href='#prev' class='prev-slide  avia-svg-icon avia-font-svg_entypo-fontello' data-av_svg_icon='left-open-big' data-av_iconset='svg_entypo-fontello' tabindex='-1' title=\"Zur\u00fcck\"><svg version=\"1.1\" xmlns=\"http:\/\/www.w3.org\/2000\/svg\" width=\"15\" height=\"32\" viewBox=\"0 0 15 32\" preserveAspectRatio=\"xMidYMid meet\" aria-labelledby='av-svg-title-1' aria-describedby='av-svg-desc-1' role=\"graphics-symbol\" aria-hidden=\"true\">\n<title id='av-svg-title-1'>Zur\u00fcck<\/title>\n<desc id='av-svg-desc-1'>Zur\u00fcck<\/desc>\n<path d=\"M14.464 27.84q0.832 0.832 0 1.536-0.832 0.832-1.536 0l-12.544-12.608q-0.768-0.768 0-1.6l12.544-12.608q0.704-0.832 1.536 0 0.832 0.704 0 1.536l-11.456 11.904z\"><\/path>\n<\/svg><span class='avia_hidden_link_text'>Zur\u00fcck<\/span><\/a><a href='#next' class='next-slide  avia-svg-icon avia-font-svg_entypo-fontello' data-av_svg_icon='right-open-big' data-av_iconset='svg_entypo-fontello' tabindex='-1' title=\"Weiter\"><svg version=\"1.1\" xmlns=\"http:\/\/www.w3.org\/2000\/svg\" width=\"15\" height=\"32\" viewBox=\"0 0 15 32\" preserveAspectRatio=\"xMidYMid meet\" aria-labelledby='av-svg-title-2' aria-describedby='av-svg-desc-2' role=\"graphics-symbol\" aria-hidden=\"true\">\n<title id='av-svg-title-2'>Weiter<\/title>\n<desc id='av-svg-desc-2'>Weiter<\/desc>\n<path d=\"M0.416 27.84l11.456-11.84-11.456-11.904q-0.832-0.832 0-1.536 0.832-0.832 1.536 0l12.544 12.608q0.768 0.832 0 1.6l-12.544 12.608q-0.704 0.832-1.536 0-0.832-0.704 0-1.536z\"><\/path>\n<\/svg><span class='avia_hidden_link_text'>Weiter<\/span><\/a><\/div><\/div><\/div>\n<div id='av_section_1'  class='avia-section av-dldfd-58d9a22c4d55107764577ec3d39af0e9 main_color avia-section-huge avia-no-border-styling  avia-builder-el-1  el_after_av_slideshow_full  avia-builder-el-last  avia-bg-style-scroll container_wrap sidebar_right'  ><div class='container av-section-cont-open' ><div class='template-page content  av-content-small alpha units'><div class='post-entry post-entry-type-page post-entry-185'><div class='entry-content-wrapper clearfix'>\n\n<style type=\"text\/css\" data-created_by=\"avia_inline_auto\" id=\"style-css-av-6srvd-302074c0fde7b7df3cb2c0195b855646\">\n#top .flex_column.av-6srvd-302074c0fde7b7df3cb2c0195b855646{\nmargin-top:-200px;\nmargin-bottom:0px;\n}\n.flex_column.av-6srvd-302074c0fde7b7df3cb2c0195b855646{\npadding:30px 30px 30px 30px;\nbackground-color:#ffffff;\n}\n.responsive #top #wrap_all .flex_column.av-6srvd-302074c0fde7b7df3cb2c0195b855646{\nmargin-top:-200px;\nmargin-bottom:0px;\n}\n<\/style>\n<div  class='flex_column av-6srvd-302074c0fde7b7df3cb2c0195b855646 av_one_full  avia-builder-el-2  avia-builder-el-no-sibling  first flex_column_div  '     ><p>\n<style type=\"text\/css\" data-created_by=\"avia_inline_auto\" id=\"style-css-av-lic6gv7o-beaf732899a51092bcb6ca95e82793b8\">\n#top .av-special-heading.av-lic6gv7o-beaf732899a51092bcb6ca95e82793b8{\npadding-bottom:10px;\n}\nbody .av-special-heading.av-lic6gv7o-beaf732899a51092bcb6ca95e82793b8 .av-special-heading-tag .heading-char{\nfont-size:25px;\n}\n.av-special-heading.av-lic6gv7o-beaf732899a51092bcb6ca95e82793b8 .av-subheading{\nfont-size:15px;\n}\n\n@media only screen and (max-width: 479px){ \n#top #wrap_all .av-special-heading.av-lic6gv7o-beaf732899a51092bcb6ca95e82793b8 .av-special-heading-tag{\nfont-size:22px;\n}\n}\n<\/style>\n<div  class='av-special-heading av-lic6gv7o-beaf732899a51092bcb6ca95e82793b8 av-special-heading-h2  avia-builder-el-3  el_before_av_hr  avia-builder-el-first '><h2 class='av-special-heading-tag '  itemprop=\"headline\"  >Bewilligungsverfahren<\/h2><div class=\"special-heading-border\"><div class=\"special-heading-inner-border\"><\/div><\/div><\/div><br \/>\n\n<style type=\"text\/css\" data-created_by=\"avia_inline_auto\" id=\"style-css-av-lng93vvg-3a2dcc17b89a4918063c60833be78cd3\">\n#top .hr.hr-invisible.av-lng93vvg-3a2dcc17b89a4918063c60833be78cd3{\nheight:13px;\n}\n<\/style>\n<div  class='hr av-lng93vvg-3a2dcc17b89a4918063c60833be78cd3 hr-invisible  avia-builder-el-4  el_after_av_heading  el_before_av_textblock '><span class='hr-inner '><span class=\"hr-inner-style\"><\/span><\/span><\/div><br \/>\n<section  class='av_textblock_section av-lic6hw5p-87db3eca1e9317864d68ac78d05bca15 '   itemscope=\"itemscope\" itemtype=\"https:\/\/schema.org\/CreativeWork\" ><div class='avia_textblock'  itemprop=\"text\" ><address>Anlauf- und Auskunftsstelle f\u00fcr eine \u201eBewilligung Gelegenheitswirtschaft\u201c ist die Gemeindeverwaltung am Veranstaltungsort. Die Gemeindeverwaltung gibt Auskunft \u00fcber das Vorgehen beim Bewilligungsverfahren und \u00fcber die Bewilligungskriterien. Die Gesuche sind immer bei der Standortgemeinde der Veranstaltung einzureichen. Je fr\u00fcher Sie die Standortgemeinde kontaktieren, desto besser: Je nach Art und Konzept der Veranstaltung ben\u00f6tigen Sie vielleicht verschiedene Bewilligungen. Das Bewilligungsverfahren braucht seine Zeit.<\/address>\n<address>Im <a class=\"doclink docman_track_download k-ui-namespace\" href=\"http:\/\/jugendschutz-zentral.ch\/obwalden\/download\/8\/obwalden\/160\/leitfaden-fuer-veranstaltende-zur-umsetzung-der-gesetzlichen-jugendschutzbestimmungen.pdf\" data-title=\"Leitfaden f\u00fcr Veranstaltende zur Umsetzung der gesetzlichen Jugendschutzbestimmungen\" data-id=\"179\" data-processed=\"data-processed\">Leitfaden f\u00fcr Veranstaltende zur Umsetzung der gesetzlichen Jugendschutzbestimmungen\u00a0(4.36 MB)\u00a0<\/a>gibt es eine\u00a0<a class=\"doclink docman_track_download k-ui-namespace\" href=\"http:\/\/jugendschutz-zentral.ch\/obwalden\/download\/8\/obwalden\/161\/konzeptvorlage-zur-umsetzung-der-gesetzlichen-jugendschutzbestimmungen.pdf\" data-title=\"Konzeptvorlage zur Umsetzung der gesetzlichen Jugendschutzbestimmungen\" data-id=\"180\" data-processed=\"data-processed\">Konzeptvorlage\u00a0(488 KB)\u00a0<\/a>f\u00fcr Anl\u00e4sse (der Leitfaden kann in gedruckter Form im\u00a0<a href=\"https:\/\/ow.jugendschutz-zentral.ch\/index.php\/bestellen-ow\">Shop\u00a0<\/a>gratis bestellt werden).<\/address>\n<p>Links zu den Gemeinden:<\/p>\n<p><a href=\"http:\/\/www.alpnach.ch\/de\/politikverwaltung\/verwaltung\/dienstleistungen\/?dienst_id=16162\" target=\"_blank\" rel=\"noopener\"><strong>Alpnach<\/strong><\/a><br \/>\n<strong><a href=\"http:\/\/www.gde-engelberg.ch\/de\/verwaltung\/dienstleistungen\/?action=showdienst&amp;dienst_id=13613\" target=\"_blank\" rel=\"noopener noreferrer\">Engelberg<\/a><\/strong><br \/>\n<strong><a href=\"http:\/\/www.giswil.ch\/de\/verwaltung\/dienstleistungen\/?action=showdienst&amp;dienst_id=14885\" target=\"_blank\" rel=\"noopener noreferrer\">Giswil<\/a><\/strong><br \/>\n<strong><a href=\"http:\/\/www.kerns.ch\/de\/verwaltung\/dienstleistungen\/?dienst_id=14195\" target=\"_blank\" rel=\"noopener noreferrer\">Kerns<\/a><\/strong><br \/>\n<strong><a href=\"http:\/\/www.lungern.ch\/de\/verwaltung\/dienstleistungen\/welcome.php?dienst_id=14456\" target=\"_blank\" rel=\"noopener noreferrer\">Lungern<\/a><\/strong><br \/>\n<strong><a href=\"http:\/\/www.sachseln.ch\/de\/verwaltung\/dienstleistungen\/welcome.php?dienst_id=6354\" target=\"_blank\" rel=\"noopener noreferrer\">Sachseln<\/a><\/strong><br \/>\n<strong><a href=\"http:\/\/www.sarnen.ch\/de\/verwaltung\/dienstleistungen\/welcome.php?dienst_id=8304\" target=\"_blank\" rel=\"noopener noreferrer\">Sarnen<\/a><\/strong><\/p>\n<\/div><\/section><\/p><\/div><\/div><\/div><\/div><!-- close content main div --><\/div><\/div><div id='after_section_1'  class='main_color av_default_container_wrap container_wrap sidebar_right'  ><div class='container av-section-cont-open' ><div class='template-page content  av-content-small alpha units'><div class='post-entry post-entry-type-page post-entry-185'><div class='entry-content-wrapper clearfix'>\n","protected":false},"excerpt":{"rendered":"","protected":false},"author":1,"featured_media":0,"parent":181,"menu_order":12,"comment_status":"closed","ping_status":"closed","template":"","meta":{"inline_featured_image":false,"footnotes":""},"class_list":["post-185","page","type-page","status-publish","hentry"],"_links":{"self":[{"href":"https:\/\/jugendschutz-zentral.ch\/obwalden\/wp-json\/wp\/v2\/pages\/185","targetHints":{"allow":["GET"]}}],"collection":[{"href":"https:\/\/jugendschutz-zentral.ch\/obwalden\/wp-json\/wp\/v2\/pages"}],"about":[{"href":"https:\/\/jugendschutz-zentral.ch\/obwalden\/wp-json\/wp\/v2\/types\/page"}],"author":[{"embeddable":true,"href":"https:\/\/jugendschutz-zentral.ch\/obwalden\/wp-json\/wp\/v2\/users\/1"}],"replies":[{"embeddable":true,"href":"https:\/\/jugendschutz-zentral.ch\/obwalden\/wp-json\/wp\/v2\/comments?post=185"}],"version-history":[{"count":0,"href":"https:\/\/jugendschutz-zentral.ch\/obwalden\/wp-json\/wp\/v2\/pages\/185\/revisions"}],"up":[{"embeddable":true,"href":"https:\/\/jugendschutz-zentral.ch\/obwalden\/wp-json\/wp\/v2\/pages\/181"}],"wp:attachment":[{"href":"https:\/\/jugendschutz-zentral.ch\/obwalden\/wp-json\/wp\/v2\/media?parent=185"}],"curies":[{"name":"wp","href":"https:\/\/api.w.org\/{rel}","templated":true}]}}