{"id":183,"date":"2023-05-31T22:45:44","date_gmt":"2023-05-31T20:45:44","guid":{"rendered":"http:\/\/wordpress.jugendschutz-zentral.ch\/obwalden\/?page_id=183"},"modified":"2025-04-08T10:56:58","modified_gmt":"2025-04-08T08:56:58","slug":"veranstaltungen-planen","status":"publish","type":"page","link":"https:\/\/jugendschutz-zentral.ch\/obwalden\/veranstaltende\/veranstaltungen-planen\/","title":{"rendered":"Veranstaltungen planen"},"content":{"rendered":"<div id='full_slider_1'  class='avia-fullwidth-slider main_color avia-shadow   avia-builder-el-0  el_before_av_section  avia-builder-el-first   container_wrap sidebar_right'  ><div  class='avia-slideshow av-lnetosef-eb8e715a564e16129b7a00151fa10cc1 avia-slideshow-featured av_slideshow_full avia-fade-slider av-slideshow-ui av-control-hidden av-no-slider-navigation av-hide-nav-arrows av-slideshow-autoplay av-loop-endless av-loop-manual-endless av-default-height-applied   avia-slideshow-1' data-slideshow-options=\"{&quot;animation&quot;:&quot;fade&quot;,&quot;autoplay&quot;:true,&quot;loop_autoplay&quot;:&quot;endless&quot;,&quot;interval&quot;:10,&quot;loop_manual&quot;:&quot;manual-endless&quot;,&quot;autoplay_stopper&quot;:false,&quot;noNavigation&quot;:true,&quot;bg_slider&quot;:false,&quot;keep_padding&quot;:false,&quot;hoverpause&quot;:false,&quot;show_slide_delay&quot;:0}\"  itemprop=\"image\" itemscope=\"itemscope\" itemtype=\"https:\/\/schema.org\/ImageObject\" ><ul class='avia-slideshow-inner ' style='padding-bottom: 28.666666666667%;'><li  class='avia-slideshow-slide av-lnetosef-eb8e715a564e16129b7a00151fa10cc1__0  slide-1 slide-odd'><div data-rel='slideshow-1' class='avia-slide-wrap '   ><img decoding=\"async\" fetchpriority=\"high\" class=\"wp-image-329 avia-img-lazy-loading-not-329\"  src=\"https:\/\/jugendschutz-zentral.ch\/obwalden\/wp-content\/uploads\/sites\/3\/2023\/10\/banner_23-1500x430.jpg\" width=\"1500\" height=\"430\" title='Rauchen am Konzert' alt=''  itemprop=\"thumbnailUrl\"  style='min-height:150px; min-width:524px; ' \/><\/div><\/li><li  class='avia-slideshow-slide av-lnetosef-eb8e715a564e16129b7a00151fa10cc1__1  slide-2 slide-even'><div data-rel='slideshow-1' class='avia-slide-wrap '   ><img decoding=\"async\" fetchpriority=\"high\" class=\"wp-image-325 avia-img-lazy-loading-not-325\"  src=\"https:\/\/jugendschutz-zentral.ch\/obwalden\/wp-content\/uploads\/sites\/3\/2023\/10\/banner_21-1500x430.jpg\" width=\"1500\" height=\"430\" title='Vapes rauchen' alt=''  itemprop=\"thumbnailUrl\"  style='min-height:150px; min-width:524px; ' \/><\/div><\/li><li  class='avia-slideshow-slide av-lnetosef-eb8e715a564e16129b7a00151fa10cc1__2  slide-3 slide-odd'><div data-rel='slideshow-1' class='avia-slide-wrap '   ><img decoding=\"async\" fetchpriority=\"high\" class=\"wp-image-394 avia-img-lazy-loading-not-394\"  src=\"https:\/\/jugendschutz-zentral.ch\/obwalden\/wp-content\/uploads\/sites\/3\/2023\/10\/banner_28-1500x430.jpg\" width=\"1500\" height=\"430\" title='Frau mit Snus' alt=''  itemprop=\"thumbnailUrl\"  style='min-height:150px; min-width:524px; ' \/><\/div><\/li><li  class='avia-slideshow-slide av-lnetosef-eb8e715a564e16129b7a00151fa10cc1__3  slide-4 slide-even'><div data-rel='slideshow-1' class='avia-slide-wrap '   ><img decoding=\"async\" fetchpriority=\"high\" class=\"wp-image-392 avia-img-lazy-loading-not-392\"  src=\"https:\/\/jugendschutz-zentral.ch\/obwalden\/wp-content\/uploads\/sites\/3\/2023\/10\/banner_26-1500x430.jpg\" width=\"1500\" height=\"430\" title='Barbetrieb' alt=''  itemprop=\"thumbnailUrl\"  style='min-height:150px; min-width:524px; ' \/><\/div><\/li><li  class='avia-slideshow-slide av-lnetosef-eb8e715a564e16129b7a00151fa10cc1__4  slide-5 slide-odd'><div data-rel='slideshow-1' class='avia-slide-wrap '   ><img decoding=\"async\" fetchpriority=\"high\" class=\"wp-image-331 avia-img-lazy-loading-not-331\"  src=\"https:\/\/jugendschutz-zentral.ch\/obwalden\/wp-content\/uploads\/sites\/3\/2023\/10\/banner_24-1500x430.jpg\" width=\"1500\" height=\"430\" title='Bezahlen im Shop' alt=''  itemprop=\"thumbnailUrl\"  style='min-height:150px; min-width:524px; ' \/><\/div><\/li><li  class='avia-slideshow-slide av-lnetosef-eb8e715a564e16129b7a00151fa10cc1__5  slide-6 slide-even'><div data-rel='slideshow-1' class='avia-slide-wrap '   ><img decoding=\"async\" fetchpriority=\"high\" class=\"wp-image-327 avia-img-lazy-loading-not-327\"  src=\"https:\/\/jugendschutz-zentral.ch\/obwalden\/wp-content\/uploads\/sites\/3\/2023\/10\/banner_22-1500x430.jpg\" width=\"1500\" height=\"430\" title='Bier kaufen' alt=''  itemprop=\"thumbnailUrl\"  style='min-height:150px; min-width:524px; ' \/><\/div><\/li><li  class='avia-slideshow-slide av-lnetosef-eb8e715a564e16129b7a00151fa10cc1__6  slide-7 slide-odd'><div data-rel='slideshow-1' class='avia-slide-wrap '   ><img decoding=\"async\" fetchpriority=\"high\" class=\"wp-image-393 avia-img-lazy-loading-not-393\"  src=\"https:\/\/jugendschutz-zentral.ch\/obwalden\/wp-content\/uploads\/sites\/3\/2023\/10\/banner_27-1500x430.jpg\" width=\"1500\" height=\"430\" title='Auswahl an Vapes' alt=''  itemprop=\"thumbnailUrl\"  style='min-height:150px; min-width:524px; ' \/><\/div><\/li><li  class='avia-slideshow-slide av-lnetosef-eb8e715a564e16129b7a00151fa10cc1__7  slide-8 slide-even'><div data-rel='slideshow-1' class='avia-slide-wrap '   ><img decoding=\"async\" fetchpriority=\"high\" class=\"wp-image-323 avia-img-lazy-loading-not-323\"  src=\"https:\/\/jugendschutz-zentral.ch\/obwalden\/wp-content\/uploads\/sites\/3\/2023\/10\/banner_03-1500x430.jpg\" width=\"1500\" height=\"430\" title='Whiskey einschenken' alt=''  itemprop=\"thumbnailUrl\"  style='min-height:150px; min-width:524px; ' \/><\/div><\/li><li  class='avia-slideshow-slide av-lnetosef-eb8e715a564e16129b7a00151fa10cc1__8  slide-9 slide-odd'><div data-rel='slideshow-1' class='avia-slide-wrap '   ><img decoding=\"async\" fetchpriority=\"high\" class=\"wp-image-322 avia-img-lazy-loading-not-322\"  src=\"https:\/\/jugendschutz-zentral.ch\/obwalden\/wp-content\/uploads\/sites\/3\/2023\/10\/banner_02-1500x430.jpg\" width=\"1500\" height=\"430\" title='Prost' alt=''  itemprop=\"thumbnailUrl\"  style='min-height:150px; min-width:524px; ' \/><\/div><\/li><li  class='avia-slideshow-slide av-lnetosef-eb8e715a564e16129b7a00151fa10cc1__9  slide-10 slide-even'><div data-rel='slideshow-1' class='avia-slide-wrap '   ><img decoding=\"async\" fetchpriority=\"high\" class=\"wp-image-391 avia-img-lazy-loading-not-391\"  src=\"https:\/\/jugendschutz-zentral.ch\/obwalden\/wp-content\/uploads\/sites\/3\/2023\/10\/banner_25-1500x430.jpg\" width=\"1500\" height=\"430\" title='Wein servieren' alt=''  itemprop=\"thumbnailUrl\"  style='min-height:150px; min-width:524px; ' \/><\/div><\/li><li  class='avia-slideshow-slide av-lnetosef-eb8e715a564e16129b7a00151fa10cc1__10  slide-11 slide-odd'><div data-rel='slideshow-1' class='avia-slide-wrap '   ><img decoding=\"async\" fetchpriority=\"high\" class=\"wp-image-321 avia-img-lazy-loading-not-321\"  src=\"https:\/\/jugendschutz-zentral.ch\/obwalden\/wp-content\/uploads\/sites\/3\/2023\/10\/banner_01-1500x430.jpg\" width=\"1500\" height=\"430\" title='Alkohol auf Party' alt=''  itemprop=\"thumbnailUrl\"  style='min-height:150px; min-width:524px; ' \/><\/div><\/li><li  class='avia-slideshow-slide av-lnetosef-eb8e715a564e16129b7a00151fa10cc1__11  slide-12 slide-even'><div data-rel='slideshow-1' class='avia-slide-wrap '   ><img decoding=\"async\" fetchpriority=\"high\" class=\"wp-image-324 avia-img-lazy-loading-not-324\"  src=\"https:\/\/jugendschutz-zentral.ch\/obwalden\/wp-content\/uploads\/sites\/3\/2023\/10\/banner_04-1500x430.jpg\" width=\"1500\" height=\"430\" title='Konzert' alt=''  itemprop=\"thumbnailUrl\"  style='min-height:150px; min-width:524px; ' \/><\/div><\/li><\/ul><div class='avia-slideshow-arrows avia-slideshow-controls' ><a href='#prev' class='prev-slide  avia-svg-icon avia-font-svg_entypo-fontello' data-av_svg_icon='left-open-big' data-av_iconset='svg_entypo-fontello' tabindex='-1' title=\"Zur\u00fcck\"><svg version=\"1.1\" xmlns=\"http:\/\/www.w3.org\/2000\/svg\" width=\"15\" height=\"32\" viewBox=\"0 0 15 32\" preserveAspectRatio=\"xMidYMid meet\" aria-labelledby='av-svg-title-1' aria-describedby='av-svg-desc-1' role=\"graphics-symbol\" aria-hidden=\"true\">\n<title id='av-svg-title-1'>Zur\u00fcck<\/title>\n<desc id='av-svg-desc-1'>Zur\u00fcck<\/desc>\n<path d=\"M14.464 27.84q0.832 0.832 0 1.536-0.832 0.832-1.536 0l-12.544-12.608q-0.768-0.768 0-1.6l12.544-12.608q0.704-0.832 1.536 0 0.832 0.704 0 1.536l-11.456 11.904z\"><\/path>\n<\/svg><span class='avia_hidden_link_text'>Zur\u00fcck<\/span><\/a><a href='#next' class='next-slide  avia-svg-icon avia-font-svg_entypo-fontello' data-av_svg_icon='right-open-big' data-av_iconset='svg_entypo-fontello' tabindex='-1' title=\"Weiter\"><svg version=\"1.1\" xmlns=\"http:\/\/www.w3.org\/2000\/svg\" width=\"15\" height=\"32\" viewBox=\"0 0 15 32\" preserveAspectRatio=\"xMidYMid meet\" aria-labelledby='av-svg-title-2' aria-describedby='av-svg-desc-2' role=\"graphics-symbol\" aria-hidden=\"true\">\n<title id='av-svg-title-2'>Weiter<\/title>\n<desc id='av-svg-desc-2'>Weiter<\/desc>\n<path d=\"M0.416 27.84l11.456-11.84-11.456-11.904q-0.832-0.832 0-1.536 0.832-0.832 1.536 0l12.544 12.608q0.768 0.832 0 1.6l-12.544 12.608q-0.704 0.832-1.536 0-0.832-0.704 0-1.536z\"><\/path>\n<\/svg><span class='avia_hidden_link_text'>Weiter<\/span><\/a><\/div><\/div><\/div>\n<div id='av_section_1'  class='avia-section av-1mfjb-1e03493c7dbfd4a2be596f2816938da6 main_color avia-section-huge avia-no-border-styling  avia-builder-el-1  el_after_av_slideshow_full  avia-builder-el-last  avia-bg-style-scroll container_wrap sidebar_right'  ><div class='container av-section-cont-open' ><div class='template-page content  av-content-small alpha units'><div class='post-entry post-entry-type-page post-entry-183'><div class='entry-content-wrapper clearfix'>\n\n<style type=\"text\/css\" data-created_by=\"avia_inline_auto\" id=\"style-css-av-7slzr-9633b560dbb8fed6e3f3e637d49272f9\">\n#top .flex_column.av-7slzr-9633b560dbb8fed6e3f3e637d49272f9{\nmargin-top:-200px;\nmargin-bottom:0px;\n}\n.flex_column.av-7slzr-9633b560dbb8fed6e3f3e637d49272f9{\npadding:30px 30px 30px 30px;\nbackground-color:#ffffff;\n}\n.responsive #top #wrap_all .flex_column.av-7slzr-9633b560dbb8fed6e3f3e637d49272f9{\nmargin-top:-200px;\nmargin-bottom:0px;\n}\n<\/style>\n<div  class='flex_column av-7slzr-9633b560dbb8fed6e3f3e637d49272f9 av_one_full  avia-builder-el-2  avia-builder-el-no-sibling  first flex_column_div  '     ><p>\n<style type=\"text\/css\" data-created_by=\"avia_inline_auto\" id=\"style-css-av-lic6e63b-ef173ae310f71e51f3ca0ed43a5f2169\">\n#top .av-special-heading.av-lic6e63b-ef173ae310f71e51f3ca0ed43a5f2169{\npadding-bottom:10px;\n}\nbody .av-special-heading.av-lic6e63b-ef173ae310f71e51f3ca0ed43a5f2169 .av-special-heading-tag .heading-char{\nfont-size:25px;\n}\n.av-special-heading.av-lic6e63b-ef173ae310f71e51f3ca0ed43a5f2169 .av-subheading{\nfont-size:15px;\n}\n<\/style>\n<div  class='av-special-heading av-lic6e63b-ef173ae310f71e51f3ca0ed43a5f2169 av-special-heading-h2  avia-builder-el-3  el_before_av_hr  avia-builder-el-first '><h2 class='av-special-heading-tag '  itemprop=\"headline\"  >Veranstaltungen planen<\/h2><div class=\"special-heading-border\"><div class=\"special-heading-inner-border\"><\/div><\/div><\/div><br \/>\n\n<style type=\"text\/css\" data-created_by=\"avia_inline_auto\" id=\"style-css-av-lng92zcc-79eba72c674375410d60ab5f8c691f7f\">\n#top .hr.hr-invisible.av-lng92zcc-79eba72c674375410d60ab5f8c691f7f{\nheight:13px;\n}\n<\/style>\n<div  class='hr av-lng92zcc-79eba72c674375410d60ab5f8c691f7f hr-invisible  avia-builder-el-4  el_after_av_heading  el_before_av_textblock '><span class='hr-inner '><span class=\"hr-inner-style\"><\/span><\/span><\/div><br \/>\n<section  class='av_textblock_section av-lic6fpzp-4fb5ae4eefa4e36dfeef3f86ffaf0c57 '   itemscope=\"itemscope\" itemtype=\"https:\/\/schema.org\/CreativeWork\" ><div class='avia_textblock'  itemprop=\"text\" ><p>Wenn Sie an Ihrer Veranstaltung eine Festwirtschaft planen, k\u00f6nnen Sie wie folgt vorgehen:<\/p>\n<ul>\n<li>Nehmen Sie fr\u00fchzeitig Kontakt mit der Bewilligungsbeh\u00f6rde auf. Diese gibt Auskunft \u00fcber das Bewilligungsverfahren sowie die Bewilligungskriterien und gibt Ihnen die n\u00f6tigen Unterlagen ab.<\/li>\n<li>Reichen Sie das Bewilligungsgesuch sowie weitere erforderliche Unterlagen ein.<\/li>\n<li>Bestellen Sie im <a href=\"https:\/\/jugendschutz-zentral.ch\/obwalden\/shop\/\">Shop<\/a> mind. drei Wochen im Voraus kostenlose Jugendschutzmaterialien auf unserer Webseite wie Kontrollarmb\u00e4nder, Hinweisschilder oder Alterskontrollkleber.<\/li>\n<li>Machen Sie sich Gedanken, wie Sie die Jugendschutzbestimmungen an Ihrer Veranstaltung umsetzen. Der\u00a0<a class=\"doclink docman_track_download k-ui-namespace\" href=\"https:\/\/jugendschutz-zentral.ch\/obwalden\/download\/8\/obwalden\/459\/leitfaden-fuer-veranstaltende-zur-umsetzung-der-gesetzlichen-jugendschutzbestimmungen.pdf\" type=\"application\/pdf\" data-title=\"Leitfaden f\u00fcr Veranstaltende zur Umsetzung der gesetzlichen Jugendschutzbestimmungen\" data-id=\"179\" data-processed=\"data-processed\">Leitfaden f\u00fcr Veranstaltende zur Umsetzung der gesetzlichen Jugendschutzbestimmungen (4.36 MB)\u00a0<\/a>hilft Ihnen dabei und beinhaltet Checklisten sowie eine\u00a0<a class=\"doclink docman_track_download k-ui-namespace\" href=\"https:\/\/jugendschutz-zentral.ch\/obwalden\/download\/8\/obwalden\/458\/konzeptvorlage-zur-umsetzung-der-gesetzlichen-jugendschutzbestimmungen-2.pdf\" type=\"application\/pdf\" data-title=\"Konzeptvorlage zur Umsetzung der gesetzlichen Jugendschutzbestimmungen\" data-id=\"180\" data-processed=\"data-processed\">Konzeptvorlage\u00a0(488 KB)\u00a0<\/a>f\u00fcr Veranstaltende. Dieser Leitfaden kann in gedruckter Form\u00a0<a href=\"https:\/\/jugendschutz-zentral.ch\/obwalden\/shop\/\">hier <\/a>bestellt werden.<\/li>\n<li>Schulen Sie Ihre Helferinnen und Helfer, z.B. mit der kostenlosen\u00a0<a href=\"https:\/\/www.age-check.ch\/\">Online-Schulung age-check.ch<\/a>.<\/li>\n<li>Nutzen Sie f\u00fcr die Kontrolle der Ausweise die <a href=\"https:\/\/jugendschutz-zentral.ch\/obwalden\/produkt\/app-zur-altersberechnung\/\">App zur Altersberechnung<\/a>.<\/li>\n<\/ul>\n<ul>\n<li>Obwaldner Wasser &#8222;tuet guet&#8220;:<br \/>\nGen\u00fcgend zu trinken ist wichtig, damit der menschliche K\u00f6rper leistungsf\u00e4hig ist. Wasser ist dabei der optimale Durstl\u00f6scher. Der Kanton Obwalden leiht praktische Wasserspender aus, welche an Ihren Veranstaltungen mit Leitungswasser gef\u00fcllt und gratis zur Verf\u00fcgung gestellt werden k\u00f6nnen. Das Fassungsvolumen der Spender betr\u00e4gt 4 Liter. Die Wassserspender d\u00fcrfen in Absprache mit der kantonalen Jugendbeauftragten (041 666 63 62) am Dorfplatz 4 in Sarnen (Sozialamt) abgeholt werden.<\/li>\n<\/ul>\n<\/div><\/section><\/p><\/div><\/div><\/div><\/div><!-- close content main div --><\/div><\/div><div id='after_section_1'  class='main_color av_default_container_wrap container_wrap sidebar_right'  ><div class='container av-section-cont-open' ><div class='template-page content  av-content-small alpha units'><div class='post-entry post-entry-type-page post-entry-183'><div class='entry-content-wrapper clearfix'>\n","protected":false},"excerpt":{"rendered":"","protected":false},"author":1,"featured_media":0,"parent":181,"menu_order":11,"comment_status":"closed","ping_status":"closed","template":"","meta":{"inline_featured_image":false,"footnotes":""},"class_list":["post-183","page","type-page","status-publish","hentry"],"_links":{"self":[{"href":"https:\/\/jugendschutz-zentral.ch\/obwalden\/wp-json\/wp\/v2\/pages\/183","targetHints":{"allow":["GET"]}}],"collection":[{"href":"https:\/\/jugendschutz-zentral.ch\/obwalden\/wp-json\/wp\/v2\/pages"}],"about":[{"href":"https:\/\/jugendschutz-zentral.ch\/obwalden\/wp-json\/wp\/v2\/types\/page"}],"author":[{"embeddable":true,"href":"https:\/\/jugendschutz-zentral.ch\/obwalden\/wp-json\/wp\/v2\/users\/1"}],"replies":[{"embeddable":true,"href":"https:\/\/jugendschutz-zentral.ch\/obwalden\/wp-json\/wp\/v2\/comments?post=183"}],"version-history":[{"count":3,"href":"https:\/\/jugendschutz-zentral.ch\/obwalden\/wp-json\/wp\/v2\/pages\/183\/revisions"}],"predecessor-version":[{"id":517,"href":"https:\/\/jugendschutz-zentral.ch\/obwalden\/wp-json\/wp\/v2\/pages\/183\/revisions\/517"}],"up":[{"embeddable":true,"href":"https:\/\/jugendschutz-zentral.ch\/obwalden\/wp-json\/wp\/v2\/pages\/181"}],"wp:attachment":[{"href":"https:\/\/jugendschutz-zentral.ch\/obwalden\/wp-json\/wp\/v2\/media?parent=183"}],"curies":[{"name":"wp","href":"https:\/\/api.w.org\/{rel}","templated":true}]}}