{"id":350,"date":"2023-06-02T23:12:31","date_gmt":"2023-06-02T21:12:31","guid":{"rendered":"http:\/\/wordpress.jugendschutz-zentral.ch\/nidwalden\/?post_type=product&#038;p=350"},"modified":"2023-10-06T20:12:21","modified_gmt":"2023-10-06T18:12:21","slug":"kontrollbaendeli-farbsatz-1","status":"publish","type":"product","link":"https:\/\/jugendschutz-zentral.ch\/nidwalden\/produkt\/kontrollbaendeli-farbsatz-1\/","title":{"rendered":"Kontrollb\u00e4ndeli: Farbsatz 1"},"content":{"rendered":"","protected":false},"excerpt":{"rendered":"<p><strong>Der Farbsatz 1 ist f\u00fcr 1-t\u00e4gige Veranstaltungen vorgesehen.<\/strong><\/p>\n<p>B\u00e4ndeli\u00a0ROT: unter 16 Jahren<br \/>\nB\u00e4ndeli GELB: 16 \u2013 18 Jahre<br \/>\nB\u00e4ndeli\u00a0GR\u00dcN: ab 18 Jahren<\/p>\n<p><strong>Bis 500 St\u00fcck gratis. Bitte nur die ben\u00f6tigte Anzahl bestellen.<\/strong><\/p>\n","protected":false},"featured_media":232,"template":"","meta":{"inline_featured_image":false},"product_brand":[],"product_cat":[25],"product_tag":[],"class_list":{"0":"post-350","1":"product","2":"type-product","3":"status-publish","4":"has-post-thumbnail","6":"product_cat-nidwalden","8":"first","9":"instock","10":"shipping-taxable","11":"purchasable","12":"product-type-variable"},"_links":{"self":[{"href":"https:\/\/jugendschutz-zentral.ch\/nidwalden\/wp-json\/wp\/v2\/product\/350","targetHints":{"allow":["GET"]}}],"collection":[{"href":"https:\/\/jugendschutz-zentral.ch\/nidwalden\/wp-json\/wp\/v2\/product"}],"about":[{"href":"https:\/\/jugendschutz-zentral.ch\/nidwalden\/wp-json\/wp\/v2\/types\/product"}],"wp:featuredmedia":[{"embeddable":true,"href":"https:\/\/jugendschutz-zentral.ch\/nidwalden\/wp-json\/wp\/v2\/media\/232"}],"wp:attachment":[{"href":"https:\/\/jugendschutz-zentral.ch\/nidwalden\/wp-json\/wp\/v2\/media?parent=350"}],"wp:term":[{"taxonomy":"product_brand","embeddable":true,"href":"https:\/\/jugendschutz-zentral.ch\/nidwalden\/wp-json\/wp\/v2\/product_brand?post=350"},{"taxonomy":"product_cat","embeddable":true,"href":"https:\/\/jugendschutz-zentral.ch\/nidwalden\/wp-json\/wp\/v2\/product_cat?post=350"},{"taxonomy":"product_tag","embeddable":true,"href":"https:\/\/jugendschutz-zentral.ch\/nidwalden\/wp-json\/wp\/v2\/product_tag?post=350"}],"curies":[{"name":"wp","href":"https:\/\/api.w.org\/{rel}","templated":true}]}}