{"id":290,"date":"2023-05-31T21:55:02","date_gmt":"2023-05-31T19:55:02","guid":{"rendered":"http:\/\/wordpress.jugendschutz-zentral.ch\/nidwalden\/?page_id=290"},"modified":"2026-02-19T11:06:31","modified_gmt":"2026-02-19T10:06:31","slug":"veranstaltungen-planen","status":"publish","type":"page","link":"https:\/\/jugendschutz-zentral.ch\/nidwalden\/veranstaltende\/veranstaltungen-planen\/","title":{"rendered":"Veranstaltungen planen"},"content":{"rendered":"<div id='full_slider_1'  class='avia-fullwidth-slider main_color avia-shadow   avia-builder-el-0  el_before_av_section  avia-builder-el-first   container_wrap sidebar_right'  ><div  class='avia-slideshow av-7tmca-d57a1aa5055d362803047f8c14e6c741 avia-slideshow-featured av_slideshow_full avia-fade-slider av-slideshow-ui av-control-hidden av-no-slider-navigation av-hide-nav-arrows av-slideshow-autoplay av-loop-endless av-loop-manual-endless av-default-height-applied   avia-slideshow-1' data-slideshow-options=\"{&quot;animation&quot;:&quot;fade&quot;,&quot;autoplay&quot;:true,&quot;loop_autoplay&quot;:&quot;endless&quot;,&quot;interval&quot;:10,&quot;loop_manual&quot;:&quot;manual-endless&quot;,&quot;autoplay_stopper&quot;:false,&quot;noNavigation&quot;:true,&quot;bg_slider&quot;:false,&quot;keep_padding&quot;:false,&quot;hoverpause&quot;:false,&quot;show_slide_delay&quot;:0}\"  itemprop=\"image\" itemscope=\"itemscope\" itemtype=\"https:\/\/schema.org\/ImageObject\" ><ul class='avia-slideshow-inner ' style='padding-bottom: 28.666666666667%;'><li  class='avia-slideshow-slide av-7tmca-d57a1aa5055d362803047f8c14e6c741__0  slide-1 slide-odd'><div data-rel='slideshow-1' class='avia-slide-wrap '   ><img decoding=\"async\" fetchpriority=\"high\" class=\"wp-image-596 avia-img-lazy-loading-not-596\"  src=\"https:\/\/jugendschutz-zentral.ch\/nidwalden\/wp-content\/uploads\/sites\/2\/2023\/10\/banner_26-1500x430.jpg\" width=\"1500\" height=\"430\" title='Barbetrieb' alt=''  itemprop=\"thumbnailUrl\"  style='min-height:150px; min-width:524px; ' \/><\/div><\/li><li  class='avia-slideshow-slide av-7tmca-d57a1aa5055d362803047f8c14e6c741__1  slide-2 slide-even'><div data-rel='slideshow-1' class='avia-slide-wrap '   ><img decoding=\"async\" fetchpriority=\"high\" class=\"wp-image-503 avia-img-lazy-loading-not-503\"  src=\"https:\/\/jugendschutz-zentral.ch\/nidwalden\/wp-content\/uploads\/sites\/2\/2023\/10\/banner_24-1500x430.jpg\" width=\"1500\" height=\"430\" title='Payment in a shop' alt=''  itemprop=\"thumbnailUrl\"  style='min-height:150px; min-width:524px; ' \/><\/div><\/li><li  class='avia-slideshow-slide av-7tmca-d57a1aa5055d362803047f8c14e6c741__2  slide-3 slide-odd'><div data-rel='slideshow-1' class='avia-slide-wrap '   ><img decoding=\"async\" fetchpriority=\"high\" class=\"wp-image-508 avia-img-lazy-loading-not-508\"  src=\"https:\/\/jugendschutz-zentral.ch\/nidwalden\/wp-content\/uploads\/sites\/2\/2023\/10\/banner_01-1500x430.jpg\" width=\"1500\" height=\"430\" title='Drinks at a party' alt=''  itemprop=\"thumbnailUrl\"  style='min-height:150px; min-width:524px; ' \/><\/div><\/li><li  class='avia-slideshow-slide av-7tmca-d57a1aa5055d362803047f8c14e6c741__3  slide-4 slide-even'><div data-rel='slideshow-1' class='avia-slide-wrap '   ><img decoding=\"async\" fetchpriority=\"high\" class=\"wp-image-598 avia-img-lazy-loading-not-598\"  src=\"https:\/\/jugendschutz-zentral.ch\/nidwalden\/wp-content\/uploads\/sites\/2\/2023\/10\/banner_28-1500x430.jpg\" width=\"1500\" height=\"430\" title='Frau mit Snus' alt=''  itemprop=\"thumbnailUrl\"  style='min-height:150px; min-width:524px; ' \/><\/div><\/li><li  class='avia-slideshow-slide av-7tmca-d57a1aa5055d362803047f8c14e6c741__4  slide-5 slide-odd'><div data-rel='slideshow-1' class='avia-slide-wrap '   ><img decoding=\"async\" fetchpriority=\"high\" class=\"wp-image-513 avia-img-lazy-loading-not-513\"  src=\"https:\/\/jugendschutz-zentral.ch\/nidwalden\/wp-content\/uploads\/sites\/2\/2023\/10\/banner_02-1500x430.jpg\" width=\"1500\" height=\"430\" title='Cheers' alt=''  itemprop=\"thumbnailUrl\"  style='min-height:150px; min-width:524px; ' \/><\/div><\/li><li  class='avia-slideshow-slide av-7tmca-d57a1aa5055d362803047f8c14e6c741__5  slide-6 slide-even'><div data-rel='slideshow-1' class='avia-slide-wrap '   ><img decoding=\"async\" fetchpriority=\"high\" class=\"wp-image-499 avia-img-lazy-loading-not-499\"  src=\"https:\/\/jugendschutz-zentral.ch\/nidwalden\/wp-content\/uploads\/sites\/2\/2023\/10\/banner_22-1500x430.jpg\" width=\"1500\" height=\"430\" title='Buying beer' alt=''  itemprop=\"thumbnailUrl\"  style='min-height:150px; min-width:524px; ' \/><\/div><\/li><li  class='avia-slideshow-slide av-7tmca-d57a1aa5055d362803047f8c14e6c741__6  slide-7 slide-odd'><div data-rel='slideshow-1' class='avia-slide-wrap '   ><img decoding=\"async\" fetchpriority=\"high\" class=\"wp-image-595 avia-img-lazy-loading-not-595\"  src=\"https:\/\/jugendschutz-zentral.ch\/nidwalden\/wp-content\/uploads\/sites\/2\/2023\/10\/banner_25-1500x430.jpg\" width=\"1500\" height=\"430\" title='Wein wird serviert' alt=''  itemprop=\"thumbnailUrl\"  style='min-height:150px; min-width:524px; ' \/><\/div><\/li><li  class='avia-slideshow-slide av-7tmca-d57a1aa5055d362803047f8c14e6c741__7  slide-8 slide-even'><div data-rel='slideshow-1' class='avia-slide-wrap '   ><img decoding=\"async\" fetchpriority=\"high\" class=\"wp-image-501 avia-img-lazy-loading-not-501\"  src=\"https:\/\/jugendschutz-zentral.ch\/nidwalden\/wp-content\/uploads\/sites\/2\/2023\/10\/banner_23-1500x430.jpg\" width=\"1500\" height=\"430\" title='Smoking at a concert' alt=''  itemprop=\"thumbnailUrl\"  style='min-height:150px; min-width:524px; ' \/><\/div><\/li><li  class='avia-slideshow-slide av-7tmca-d57a1aa5055d362803047f8c14e6c741__8  slide-9 slide-odd'><div data-rel='slideshow-1' class='avia-slide-wrap '   ><img decoding=\"async\" fetchpriority=\"high\" class=\"wp-image-514 avia-img-lazy-loading-not-514\"  src=\"https:\/\/jugendschutz-zentral.ch\/nidwalden\/wp-content\/uploads\/sites\/2\/2023\/10\/banner_03-1500x430.jpg\" width=\"1500\" height=\"430\" title='Pouring Whiskey' alt=''  itemprop=\"thumbnailUrl\"  style='min-height:150px; min-width:524px; ' \/><\/div><\/li><li  class='avia-slideshow-slide av-7tmca-d57a1aa5055d362803047f8c14e6c741__9  slide-10 slide-even'><div data-rel='slideshow-1' class='avia-slide-wrap '   ><img decoding=\"async\" fetchpriority=\"high\" class=\"wp-image-597 avia-img-lazy-loading-not-597\"  src=\"https:\/\/jugendschutz-zentral.ch\/nidwalden\/wp-content\/uploads\/sites\/2\/2023\/10\/banner_27-1500x430.jpg\" width=\"1500\" height=\"430\" title='Auswahl an Vapes' alt=''  itemprop=\"thumbnailUrl\"  style='min-height:150px; min-width:524px; ' \/><\/div><\/li><li  class='avia-slideshow-slide av-7tmca-d57a1aa5055d362803047f8c14e6c741__10  slide-11 slide-odd'><div data-rel='slideshow-1' class='avia-slide-wrap '   ><img decoding=\"async\" fetchpriority=\"high\" class=\"wp-image-498 avia-img-lazy-loading-not-498\"  src=\"https:\/\/jugendschutz-zentral.ch\/nidwalden\/wp-content\/uploads\/sites\/2\/2023\/10\/banner_21-1500x430.jpg\" width=\"1500\" height=\"430\" title='Smoking vapes' alt=''  itemprop=\"thumbnailUrl\"  style='min-height:150px; min-width:524px; ' \/><\/div><\/li><li  class='avia-slideshow-slide av-7tmca-d57a1aa5055d362803047f8c14e6c741__11  slide-12 slide-even'><div data-rel='slideshow-1' class='avia-slide-wrap '   ><img decoding=\"async\" fetchpriority=\"high\" class=\"wp-image-515 avia-img-lazy-loading-not-515\"  src=\"https:\/\/jugendschutz-zentral.ch\/nidwalden\/wp-content\/uploads\/sites\/2\/2023\/10\/banner_04-1500x430.jpg\" width=\"1500\" height=\"430\" title='Hands up at a concert' alt=''  itemprop=\"thumbnailUrl\"  style='min-height:150px; min-width:524px; ' \/><\/div><\/li><\/ul><div class='avia-slideshow-arrows avia-slideshow-controls' ><a href='#prev' class='prev-slide  avia-svg-icon avia-font-svg_entypo-fontello' data-av_svg_icon='left-open-big' data-av_iconset='svg_entypo-fontello' tabindex='-1' title=\"Zur\u00fcck\"><svg version=\"1.1\" xmlns=\"http:\/\/www.w3.org\/2000\/svg\" width=\"15\" height=\"32\" viewBox=\"0 0 15 32\" preserveAspectRatio=\"xMidYMid meet\" aria-labelledby='av-svg-title-1' aria-describedby='av-svg-desc-1' role=\"graphics-symbol\" aria-hidden=\"true\">\n<title id='av-svg-title-1'>Zur\u00fcck<\/title>\n<desc id='av-svg-desc-1'>Zur\u00fcck<\/desc>\n<path d=\"M14.464 27.84q0.832 0.832 0 1.536-0.832 0.832-1.536 0l-12.544-12.608q-0.768-0.768 0-1.6l12.544-12.608q0.704-0.832 1.536 0 0.832 0.704 0 1.536l-11.456 11.904z\"><\/path>\n<\/svg><span class='avia_hidden_link_text'>Zur\u00fcck<\/span><\/a><a href='#next' class='next-slide  avia-svg-icon avia-font-svg_entypo-fontello' data-av_svg_icon='right-open-big' data-av_iconset='svg_entypo-fontello' tabindex='-1' title=\"Weiter\"><svg version=\"1.1\" xmlns=\"http:\/\/www.w3.org\/2000\/svg\" width=\"15\" height=\"32\" viewBox=\"0 0 15 32\" preserveAspectRatio=\"xMidYMid meet\" aria-labelledby='av-svg-title-2' aria-describedby='av-svg-desc-2' role=\"graphics-symbol\" aria-hidden=\"true\">\n<title id='av-svg-title-2'>Weiter<\/title>\n<desc id='av-svg-desc-2'>Weiter<\/desc>\n<path d=\"M0.416 27.84l11.456-11.84-11.456-11.904q-0.832-0.832 0-1.536 0.832-0.832 1.536 0l12.544 12.608q0.768 0.832 0 1.6l-12.544 12.608q-0.704 0.832-1.536 0-0.832-0.704 0-1.536z\"><\/path>\n<\/svg><span class='avia_hidden_link_text'>Weiter<\/span><\/a><\/div><\/div><\/div>\n<div id='av_section_1'  class='avia-section av-5gze-37f9c9ae753f82a57c04f017299859bc main_color avia-section-huge avia-no-border-styling  avia-builder-el-1  el_after_av_slideshow_full  avia-builder-el-last  avia-bg-style-scroll container_wrap sidebar_right'  ><div class='container av-section-cont-open' ><div class='template-page content  av-content-small alpha units'><div class='post-entry post-entry-type-page post-entry-290'><div class='entry-content-wrapper clearfix'>\n\n<style type=\"text\/css\" data-created_by=\"avia_inline_auto\" id=\"style-css-av-6u4ka-ce8da5ad23b150357bc71dee49798c6b\">\n#top .flex_column.av-6u4ka-ce8da5ad23b150357bc71dee49798c6b{\nmargin-top:-200px;\nmargin-bottom:0px;\n}\n.flex_column.av-6u4ka-ce8da5ad23b150357bc71dee49798c6b{\nborder-radius:0px 0px 0px 0px;\npadding:30px 30px 30px 30px;\nbackground-color:#ffffff;\n}\n.responsive #top #wrap_all .flex_column.av-6u4ka-ce8da5ad23b150357bc71dee49798c6b{\nmargin-top:-200px;\nmargin-bottom:0px;\n}\n<\/style>\n<div  class='flex_column av-6u4ka-ce8da5ad23b150357bc71dee49798c6b av_one_full  avia-builder-el-2  avia-builder-el-no-sibling  first flex_column_div  '     ><p>\n<style type=\"text\/css\" data-created_by=\"avia_inline_auto\" id=\"style-css-av-lic4mbpe-79bc3e9b45198e95256868917dbef85c\">\n#top .av-special-heading.av-lic4mbpe-79bc3e9b45198e95256868917dbef85c{\npadding-bottom:10px;\n}\nbody .av-special-heading.av-lic4mbpe-79bc3e9b45198e95256868917dbef85c .av-special-heading-tag .heading-char{\nfont-size:25px;\n}\n.av-special-heading.av-lic4mbpe-79bc3e9b45198e95256868917dbef85c .av-subheading{\nfont-size:15px;\n}\n<\/style>\n<div  class='av-special-heading av-lic4mbpe-79bc3e9b45198e95256868917dbef85c av-special-heading-h2  avia-builder-el-3  el_before_av_hr  avia-builder-el-first '><h2 class='av-special-heading-tag '  itemprop=\"headline\"  >Veranstaltung planen<\/h2><div class=\"special-heading-border\"><div class=\"special-heading-inner-border\"><\/div><\/div><\/div><br \/>\n\n<style type=\"text\/css\" data-created_by=\"avia_inline_auto\" id=\"style-css-av-lng8m4h0-2717e95029c9900a9c4bf117070a5c58\">\n#top .hr.hr-invisible.av-lng8m4h0-2717e95029c9900a9c4bf117070a5c58{\nheight:13px;\n}\n<\/style>\n<div  class='hr av-lng8m4h0-2717e95029c9900a9c4bf117070a5c58 hr-invisible  avia-builder-el-4  el_after_av_heading  el_before_av_textblock '><span class='hr-inner '><span class=\"hr-inner-style\"><\/span><\/span><\/div><br \/>\n<section  class='av_textblock_section av-lic4mje4-4d0ae2c08e0202e7c139c277e39059ea '   itemscope=\"itemscope\" itemtype=\"https:\/\/schema.org\/CreativeWork\" ><div class='avia_textblock'  itemprop=\"text\" ><p><strong>Bewilligungen<\/strong><\/p>\n<p>Anlauf- und Auskunftsstelle ist die\u00a0<strong>Gemeindeverwaltung am Veranstaltungsort<\/strong>. Kontaktieren Sie fr\u00fchzeitig die Gemeinde (Bewilligungsbeh\u00f6rde), in der die von Ihnen geplante Veranstaltung stattfinden wird. Diese gibt Auskunft \u00fcber das Bewilligungsverfahren sowie die Bewilligungskriterien und gibt Ihnen die n\u00f6tigen Unterlagen ab. Je fr\u00fcher Sie die Standortgemeinde kontaktieren, desto besser. Je nach Art und Gr\u00f6sse der Veranstaltung m\u00fcssen Sie ausf\u00fchrliche Konzepte einreichen sowie verschiedene Bewilligungen einholen.<\/p>\n<p>Links zu den Gesuchen f\u00fcr Gelegenheitswirtschaften bei den Nidwaldner Gemeinden:<\/p>\n<ul>\n<li><a href=\"https:\/\/www.beckenried.ch\/dienstleistungen\/13943\" target=\"_blank\" rel=\"noopener noreferrer\">Beckenried<\/a><\/li>\n<li><a href=\"https:\/\/www.buochs.ch\/dienstleistungen\/20145\" target=\"_blank\" rel=\"noopener noreferrer\">Buochs<\/a><\/li>\n<li><a href=\"https:\/\/www.dallenwil.ch\/dienstleistungen\/13118\" target=\"_blank\" rel=\"noopener noreferrer\">Dallenwil<\/a><\/li>\n<li><a href=\"https:\/\/www.emmetten.ch\/publikationen\/62222\" target=\"_blank\" rel=\"noopener noreferrer\">Emmetten<\/a><\/li>\n<li><a href=\"https:\/\/www.ennetbuergen.ch\/dienstleistungen\/17594\" target=\"_blank\" rel=\"noopener noreferrer\">Ennetb\u00fcrgen<\/a><\/li>\n<li><a href=\"https:\/\/www.ennetmoos.ch\/online-schalter\/9092\/detail\" target=\"_blank\" rel=\"noopener noreferrer\">Ennetmoos<\/a><\/li>\n<li><a href=\"https:\/\/www.hergiswil.ch\/publikationen\/36518\" target=\"_blank\" rel=\"noopener noreferrer\">Hergiswil<\/a><\/li>\n<li><a href=\"http:\/\/www.oberdorf-nw.ch\/de\/verwaltungpolitik\/verwaltungred\/dienstleistungen\/welcome.php?dienst_id=7111\" target=\"_blank\" rel=\"noopener noreferrer\">Oberdorf<\/a><\/li>\n<li><a href=\"https:\/\/www.stans.ch\/dienstleistungen\/13679\" target=\"_blank\" rel=\"noopener noreferrer\">Stans<\/a><\/li>\n<li><a href=\"https:\/\/www.stansstad.ch\/verwaltung\/dienstleistungen.html\/93\/service\/396\" target=\"_blank\" rel=\"noopener noreferrer\">Stansstad<\/a><\/li>\n<li><a href=\"https:\/\/www.wolfenschiessen.ch\/dienstleistungen\/22740\" target=\"_blank\" rel=\"noopener noreferrer\">Wolfenschiessen<\/a><\/li>\n<\/ul>\n<p><strong>Jugendschutz planen und veranstalten<\/strong><\/p>\n<p>Machen Sie sich Gedanken, wie Sie die Jugendschutzbestimmungen an Ihrer Veranstaltung umsetzen:<\/p>\n<ul>\n<li>Nutzen Sie die <a href=\"https:\/\/jugendschutz-zentral.ch\/nidwalden\/download\/10\/nidwalden\/735\/checkliste_jugendschutz.pdf\">Checkliste Jugendschutz<\/a> f\u00fcr die Planung Ihrer Veranstaltungen<\/li>\n<li>Hier k\u00f6nnen Sie f\u00fcr nicht-kommierzielle Veranstaltungen <a href=\"http:\/\/jugendschutz-zentral.ch\/nidwalden\/shop\">Jugendschutzmaterialen<\/a> bestellen.<\/li>\n<\/ul>\n<p><strong>Gesuche um finanzielle Unterst\u00fctzung<\/strong><\/p>\n<p>Sie planen Massnahmen im Bereich der Alkohol- und Tabakpr\u00e4vention, die \u00fcber den gesetzlichen Jugendschutz hinausreichen? In diesem Fall besteht die M\u00f6glichkeit f\u00fcr eine\u00a0<a href=\"https:\/\/www.nw.ch\/kontakt\/amt\/305\">Gesuchseingabe<\/a> beim Kanton Nidwalden f\u00fcr eine finanzielle Unterst\u00fctzung.<\/p>\n<\/div><\/section><\/p><\/div><\/div><\/div><\/div><!-- close content main div --><\/div><\/div><div id='after_section_1'  class='main_color av_default_container_wrap container_wrap sidebar_right'  ><div class='container av-section-cont-open' ><div class='template-page content  av-content-small alpha units'><div class='post-entry post-entry-type-page post-entry-290'><div class='entry-content-wrapper clearfix'>\n","protected":false},"excerpt":{"rendered":"","protected":false},"author":1,"featured_media":0,"parent":309,"menu_order":11,"comment_status":"closed","ping_status":"closed","template":"","meta":{"inline_featured_image":false,"footnotes":""},"class_list":["post-290","page","type-page","status-publish","hentry"],"_links":{"self":[{"href":"https:\/\/jugendschutz-zentral.ch\/nidwalden\/wp-json\/wp\/v2\/pages\/290","targetHints":{"allow":["GET"]}}],"collection":[{"href":"https:\/\/jugendschutz-zentral.ch\/nidwalden\/wp-json\/wp\/v2\/pages"}],"about":[{"href":"https:\/\/jugendschutz-zentral.ch\/nidwalden\/wp-json\/wp\/v2\/types\/page"}],"author":[{"embeddable":true,"href":"https:\/\/jugendschutz-zentral.ch\/nidwalden\/wp-json\/wp\/v2\/users\/1"}],"replies":[{"embeddable":true,"href":"https:\/\/jugendschutz-zentral.ch\/nidwalden\/wp-json\/wp\/v2\/comments?post=290"}],"version-history":[{"count":3,"href":"https:\/\/jugendschutz-zentral.ch\/nidwalden\/wp-json\/wp\/v2\/pages\/290\/revisions"}],"predecessor-version":[{"id":738,"href":"https:\/\/jugendschutz-zentral.ch\/nidwalden\/wp-json\/wp\/v2\/pages\/290\/revisions\/738"}],"up":[{"embeddable":true,"href":"https:\/\/jugendschutz-zentral.ch\/nidwalden\/wp-json\/wp\/v2\/pages\/309"}],"wp:attachment":[{"href":"https:\/\/jugendschutz-zentral.ch\/nidwalden\/wp-json\/wp\/v2\/media?parent=290"}],"curies":[{"name":"wp","href":"https:\/\/api.w.org\/{rel}","templated":true}]}}