{"id":75,"date":"2025-01-19T14:52:13","date_gmt":"2025-01-19T13:52:13","guid":{"rendered":"https:\/\/jugendschutz-zentral.ch\/luzern\/?page_id=75"},"modified":"2026-01-27T09:32:40","modified_gmt":"2026-01-27T08:32:40","slug":"onlineschulungen","status":"publish","type":"page","link":"https:\/\/jugendschutz-zentral.ch\/luzern\/veranstaltende\/onlineschulungen\/","title":{"rendered":"Onlineschulungen"},"content":{"rendered":"<div id='full_slider_1'  class='avia-fullwidth-slider main_color avia-shadow   avia-builder-el-0  el_before_av_section  avia-builder-el-first   container_wrap sidebar_right'  ><div  class='avia-slideshow av-9n3nr-aa24a4b46e3009cbb8a0f15e4440dcd0 avia-slideshow-featured av_slideshow_full avia-fade-slider av-slideshow-ui av-control-hidden av-no-slider-navigation av-hide-nav-arrows av-slideshow-autoplay av-loop-endless av-loop-manual-endless av-default-height-applied   avia-slideshow-1' data-slideshow-options=\"{&quot;animation&quot;:&quot;fade&quot;,&quot;autoplay&quot;:true,&quot;loop_autoplay&quot;:&quot;endless&quot;,&quot;interval&quot;:10,&quot;loop_manual&quot;:&quot;manual-endless&quot;,&quot;autoplay_stopper&quot;:false,&quot;noNavigation&quot;:true,&quot;bg_slider&quot;:false,&quot;keep_padding&quot;:false,&quot;hoverpause&quot;:false,&quot;show_slide_delay&quot;:0}\"  itemprop=\"image\" itemscope=\"itemscope\" itemtype=\"https:\/\/schema.org\/ImageObject\" ><ul class='avia-slideshow-inner ' style='padding-bottom: 28.666666666667%;'><li  class='avia-slideshow-slide av-9n3nr-aa24a4b46e3009cbb8a0f15e4440dcd0__0  slide-1 slide-odd'><div data-rel='slideshow-1' class='avia-slide-wrap '   ><img decoding=\"async\" fetchpriority=\"high\" class=\"wp-image-32 avia-img-lazy-loading-not-32\"  src=\"https:\/\/jugendschutz-zentral.ch\/luzern\/wp-content\/uploads\/sites\/7\/2025\/01\/banner_24-1500x430.jpg\" width=\"1500\" height=\"430\" title='Banner 24' alt=''  itemprop=\"thumbnailUrl\"  style='min-height:150px; min-width:524px; ' \/><\/div><\/li><li  class='avia-slideshow-slide av-9n3nr-aa24a4b46e3009cbb8a0f15e4440dcd0__1  slide-2 slide-even'><div data-rel='slideshow-1' class='avia-slide-wrap '   ><img decoding=\"async\" fetchpriority=\"high\" class=\"wp-image-26 avia-img-lazy-loading-not-26\"  src=\"https:\/\/jugendschutz-zentral.ch\/luzern\/wp-content\/uploads\/sites\/7\/2025\/01\/banner_25-1500x430.jpg\" width=\"1500\" height=\"430\" title='Banner 25' alt=''  itemprop=\"thumbnailUrl\"  style='min-height:150px; min-width:524px; ' \/><\/div><\/li><li  class='avia-slideshow-slide av-9n3nr-aa24a4b46e3009cbb8a0f15e4440dcd0__2  slide-3 slide-odd'><div data-rel='slideshow-1' class='avia-slide-wrap '   ><img decoding=\"async\" fetchpriority=\"high\" class=\"wp-image-25 avia-img-lazy-loading-not-25\"  src=\"https:\/\/jugendschutz-zentral.ch\/luzern\/wp-content\/uploads\/sites\/7\/2025\/01\/banner_26-1500x430.jpg\" width=\"1500\" height=\"430\" title='Banner 26' alt=''  itemprop=\"thumbnailUrl\"  style='min-height:150px; min-width:524px; ' \/><\/div><\/li><li  class='avia-slideshow-slide av-9n3nr-aa24a4b46e3009cbb8a0f15e4440dcd0__3  slide-4 slide-even'><div data-rel='slideshow-1' class='avia-slide-wrap '   ><img decoding=\"async\" fetchpriority=\"high\" class=\"wp-image-30 avia-img-lazy-loading-not-30\"  src=\"https:\/\/jugendschutz-zentral.ch\/luzern\/wp-content\/uploads\/sites\/7\/2025\/01\/banner_01-1500x430.jpg\" width=\"1500\" height=\"430\" title='Banner 01' alt=''  itemprop=\"thumbnailUrl\"  style='min-height:150px; min-width:524px; ' \/><\/div><\/li><li  class='avia-slideshow-slide av-9n3nr-aa24a4b46e3009cbb8a0f15e4440dcd0__4  slide-5 slide-odd'><div data-rel='slideshow-1' class='avia-slide-wrap '   ><img decoding=\"async\" fetchpriority=\"high\" class=\"wp-image-34 avia-img-lazy-loading-not-34\"  src=\"https:\/\/jugendschutz-zentral.ch\/luzern\/wp-content\/uploads\/sites\/7\/2025\/01\/banner_23-1500x430.jpg\" width=\"1500\" height=\"430\" title='Banner 23' alt=''  itemprop=\"thumbnailUrl\"  style='min-height:150px; min-width:524px; ' \/><\/div><\/li><li  class='avia-slideshow-slide av-9n3nr-aa24a4b46e3009cbb8a0f15e4440dcd0__5  slide-6 slide-even'><div data-rel='slideshow-1' class='avia-slide-wrap '   ><img decoding=\"async\" fetchpriority=\"high\" class=\"wp-image-37 avia-img-lazy-loading-not-37\"  src=\"https:\/\/jugendschutz-zentral.ch\/luzern\/wp-content\/uploads\/sites\/7\/2025\/01\/banner_21-1500x430.jpg\" width=\"1500\" height=\"430\" title='Banner 21' alt=''  itemprop=\"thumbnailUrl\"  style='min-height:150px; min-width:524px; ' \/><\/div><\/li><li  class='avia-slideshow-slide av-9n3nr-aa24a4b46e3009cbb8a0f15e4440dcd0__6  slide-7 slide-odd'><div data-rel='slideshow-1' class='avia-slide-wrap '   ><img decoding=\"async\" fetchpriority=\"high\" class=\"wp-image-23 avia-img-lazy-loading-not-23\"  src=\"https:\/\/jugendschutz-zentral.ch\/luzern\/wp-content\/uploads\/sites\/7\/2025\/01\/banner_28-1500x430.jpg\" width=\"1500\" height=\"430\" title='Banner 28' alt=''  itemprop=\"thumbnailUrl\"  style='min-height:150px; min-width:524px; ' \/><\/div><\/li><li  class='avia-slideshow-slide av-9n3nr-aa24a4b46e3009cbb8a0f15e4440dcd0__7  slide-8 slide-even'><div data-rel='slideshow-1' class='avia-slide-wrap '   ><img decoding=\"async\" fetchpriority=\"high\" class=\"wp-image-24 avia-img-lazy-loading-not-24\"  src=\"https:\/\/jugendschutz-zentral.ch\/luzern\/wp-content\/uploads\/sites\/7\/2025\/01\/banner_27-1500x430.jpg\" width=\"1500\" height=\"430\" title='Banner 27' alt=''  itemprop=\"thumbnailUrl\"  style='min-height:150px; min-width:524px; ' \/><\/div><\/li><li  class='avia-slideshow-slide av-9n3nr-aa24a4b46e3009cbb8a0f15e4440dcd0__8  slide-9 slide-odd'><div data-rel='slideshow-1' class='avia-slide-wrap '   ><img decoding=\"async\" fetchpriority=\"high\" class=\"wp-image-28 avia-img-lazy-loading-not-28\"  src=\"https:\/\/jugendschutz-zentral.ch\/luzern\/wp-content\/uploads\/sites\/7\/2025\/01\/banner_03-1500x430.jpg\" width=\"1500\" height=\"430\" title='Banner 03' alt=''  itemprop=\"thumbnailUrl\"  style='min-height:150px; min-width:524px; ' \/><\/div><\/li><li  class='avia-slideshow-slide av-9n3nr-aa24a4b46e3009cbb8a0f15e4440dcd0__9  slide-10 slide-even'><div data-rel='slideshow-1' class='avia-slide-wrap '   ><img decoding=\"async\" fetchpriority=\"high\" class=\"wp-image-29 avia-img-lazy-loading-not-29\"  src=\"https:\/\/jugendschutz-zentral.ch\/luzern\/wp-content\/uploads\/sites\/7\/2025\/01\/banner_02-1500x430.jpg\" width=\"1500\" height=\"430\" title='Banner 02' alt=''  itemprop=\"thumbnailUrl\"  style='min-height:150px; min-width:524px; ' \/><\/div><\/li><li  class='avia-slideshow-slide av-9n3nr-aa24a4b46e3009cbb8a0f15e4440dcd0__10  slide-11 slide-odd'><div data-rel='slideshow-1' class='avia-slide-wrap '   ><img decoding=\"async\" fetchpriority=\"high\" class=\"wp-image-36 avia-img-lazy-loading-not-36\"  src=\"https:\/\/jugendschutz-zentral.ch\/luzern\/wp-content\/uploads\/sites\/7\/2025\/01\/banner_22-1500x430.jpg\" width=\"1500\" height=\"430\" title='Banner 22' alt=''  itemprop=\"thumbnailUrl\"  style='min-height:150px; min-width:524px; ' \/><\/div><\/li><li  class='avia-slideshow-slide av-9n3nr-aa24a4b46e3009cbb8a0f15e4440dcd0__11  slide-12 slide-even'><div data-rel='slideshow-1' class='avia-slide-wrap '   ><img decoding=\"async\" fetchpriority=\"high\" class=\"wp-image-27 avia-img-lazy-loading-not-27\"  src=\"https:\/\/jugendschutz-zentral.ch\/luzern\/wp-content\/uploads\/sites\/7\/2025\/01\/banner_04-1500x430.jpg\" width=\"1500\" height=\"430\" title='Banner 04' alt=''  itemprop=\"thumbnailUrl\"  style='min-height:150px; min-width:524px; ' \/><\/div><\/li><\/ul><div class='avia-slideshow-arrows avia-slideshow-controls' ><a href='#prev' class='prev-slide  avia-svg-icon avia-font-svg_entypo-fontello' data-av_svg_icon='left-open-big' data-av_iconset='svg_entypo-fontello' tabindex='-1' title=\"Zur\u00fcck\"><svg version=\"1.1\" xmlns=\"http:\/\/www.w3.org\/2000\/svg\" width=\"15\" height=\"32\" viewBox=\"0 0 15 32\" preserveAspectRatio=\"xMidYMid meet\" aria-labelledby='av-svg-title-1' aria-describedby='av-svg-desc-1' role=\"graphics-symbol\" aria-hidden=\"true\">\n<title id='av-svg-title-1'>Zur\u00fcck<\/title>\n<desc id='av-svg-desc-1'>Zur\u00fcck<\/desc>\n<path d=\"M14.464 27.84q0.832 0.832 0 1.536-0.832 0.832-1.536 0l-12.544-12.608q-0.768-0.768 0-1.6l12.544-12.608q0.704-0.832 1.536 0 0.832 0.704 0 1.536l-11.456 11.904z\"><\/path>\n<\/svg><span class='avia_hidden_link_text'>Zur\u00fcck<\/span><\/a><a href='#next' class='next-slide  avia-svg-icon avia-font-svg_entypo-fontello' data-av_svg_icon='right-open-big' data-av_iconset='svg_entypo-fontello' tabindex='-1' title=\"Weiter\"><svg version=\"1.1\" xmlns=\"http:\/\/www.w3.org\/2000\/svg\" width=\"15\" height=\"32\" viewBox=\"0 0 15 32\" preserveAspectRatio=\"xMidYMid meet\" aria-labelledby='av-svg-title-2' aria-describedby='av-svg-desc-2' role=\"graphics-symbol\" aria-hidden=\"true\">\n<title id='av-svg-title-2'>Weiter<\/title>\n<desc id='av-svg-desc-2'>Weiter<\/desc>\n<path d=\"M0.416 27.84l11.456-11.84-11.456-11.904q-0.832-0.832 0-1.536 0.832-0.832 1.536 0l12.544 12.608q0.768 0.832 0 1.6l-12.544 12.608q-0.704 0.832-1.536 0-0.832-0.704 0-1.536z\"><\/path>\n<\/svg><span class='avia_hidden_link_text'>Weiter<\/span><\/a><\/div><\/div><\/div>\n<div id='av_section_1'  class='avia-section av-1vjxb-09c821f5698078b633f4cb1ddfb49c05 main_color avia-section-huge avia-no-border-styling  avia-builder-el-1  el_after_av_slideshow_full  avia-builder-el-last  avia-bg-style-scroll container_wrap sidebar_right'  ><div class='container av-section-cont-open' ><div class='template-page content  av-content-small alpha units'><div class='post-entry post-entry-type-page post-entry-75'><div class='entry-content-wrapper clearfix'>\n\n<style type=\"text\/css\" data-created_by=\"avia_inline_auto\" id=\"style-css-av-1emtj-d4d1f64a12a529d6faa76f135626ff7b\">\n#top .flex_column.av-1emtj-d4d1f64a12a529d6faa76f135626ff7b{\nmargin-top:-200px;\nmargin-bottom:0px;\n}\n.flex_column.av-1emtj-d4d1f64a12a529d6faa76f135626ff7b{\nborder-radius:0px 0px 0px 0px;\npadding:30px 30px 30px 30px;\nbackground-color:#ffffff;\n}\n.responsive #top #wrap_all .flex_column.av-1emtj-d4d1f64a12a529d6faa76f135626ff7b{\nmargin-top:-200px;\nmargin-bottom:0px;\n}\n<\/style>\n<div  class='flex_column av-1emtj-d4d1f64a12a529d6faa76f135626ff7b av_one_full  avia-builder-el-2  avia-builder-el-no-sibling  first flex_column_div  '     ><p>\n<style type=\"text\/css\" data-created_by=\"avia_inline_auto\" id=\"style-css-av-m63oezmi-24eaadf67f94572c6a899f99418ed83f\">\n#top .av-special-heading.av-m63oezmi-24eaadf67f94572c6a899f99418ed83f{\npadding-bottom:10px;\n}\nbody .av-special-heading.av-m63oezmi-24eaadf67f94572c6a899f99418ed83f .av-special-heading-tag .heading-char{\nfont-size:25px;\n}\n.av-special-heading.av-m63oezmi-24eaadf67f94572c6a899f99418ed83f .av-subheading{\nfont-size:15px;\n}\n<\/style>\n<div  class='av-special-heading av-m63oezmi-24eaadf67f94572c6a899f99418ed83f av-special-heading-h2  avia-builder-el-3  el_before_av_hr  avia-builder-el-first '><h2 class='av-special-heading-tag '  itemprop=\"headline\"  >Onlineschulungen<\/h2><div class=\"special-heading-border\"><div class=\"special-heading-inner-border\"><\/div><\/div><\/div><br \/>\n\n<style type=\"text\/css\" data-created_by=\"avia_inline_auto\" id=\"style-css-av-10dbf-cfd47135d529cbbdaf68031a3993d0a5\">\n#top .hr.hr-invisible.av-10dbf-cfd47135d529cbbdaf68031a3993d0a5{\nheight:13px;\n}\n<\/style>\n<div  class='hr av-10dbf-cfd47135d529cbbdaf68031a3993d0a5 hr-invisible  avia-builder-el-4  el_after_av_heading  el_before_av_textblock '><span class='hr-inner '><span class=\"hr-inner-style\"><\/span><\/span><\/div><br \/>\n<section  class='av_textblock_section av-m63ofb2w-64a9617bc69eb666e6e792cd16456c5c '   itemscope=\"itemscope\" itemtype=\"https:\/\/schema.org\/CreativeWork\" ><div class='avia_textblock'  itemprop=\"text\" ><p>F\u00fcr Personen, die an Festveranstaltungen arbeiten und Alkohol ausschenken und Tabak bzw. Nikotinprodukte verkaufen, gibt es eine kostenlose Online-Schulung auf\u00a0<a href=\"http:\/\/www.age-check.ch\/\">www.age-check.ch<\/a>. Neben einer \u00dcbersicht \u00fcber die aktuellen gesetzlichen Bestimmungen setzen sich die Teilnehmenden mit m\u00f6glichen Situationen in der Praxis auseinander und werden f\u00fcr Fragen im Zusammenhang mit dem Alkoholkonsum von Jugendlichen und dem neuen Tabakproduktegesetz sensibilisiert.<\/p>\n<p>Weitere Informationen und Ausk\u00fcnfte <a href=\"http:\/\/www.akzent-luzern.ch\">www.akzent-luzern.ch<\/a>, 041 515 02 16<\/p>\n<\/div><\/section><\/p><\/div><\/div><\/div><\/div><!-- close content main div --><\/div><\/div><div id='after_section_1'  class='main_color av_default_container_wrap container_wrap sidebar_right'  ><div class='container av-section-cont-open' ><div class='template-page content  av-content-small alpha units'><div class='post-entry post-entry-type-page post-entry-75'><div class='entry-content-wrapper clearfix'>\n","protected":false},"excerpt":{"rendered":"","protected":false},"author":1,"featured_media":0,"parent":64,"menu_order":14,"comment_status":"closed","ping_status":"closed","template":"","meta":{"inline_featured_image":false,"footnotes":""},"class_list":["post-75","page","type-page","status-publish","hentry"],"_links":{"self":[{"href":"https:\/\/jugendschutz-zentral.ch\/luzern\/wp-json\/wp\/v2\/pages\/75","targetHints":{"allow":["GET"]}}],"collection":[{"href":"https:\/\/jugendschutz-zentral.ch\/luzern\/wp-json\/wp\/v2\/pages"}],"about":[{"href":"https:\/\/jugendschutz-zentral.ch\/luzern\/wp-json\/wp\/v2\/types\/page"}],"author":[{"embeddable":true,"href":"https:\/\/jugendschutz-zentral.ch\/luzern\/wp-json\/wp\/v2\/users\/1"}],"replies":[{"embeddable":true,"href":"https:\/\/jugendschutz-zentral.ch\/luzern\/wp-json\/wp\/v2\/comments?post=75"}],"version-history":[{"count":2,"href":"https:\/\/jugendschutz-zentral.ch\/luzern\/wp-json\/wp\/v2\/pages\/75\/revisions"}],"predecessor-version":[{"id":288,"href":"https:\/\/jugendschutz-zentral.ch\/luzern\/wp-json\/wp\/v2\/pages\/75\/revisions\/288"}],"up":[{"embeddable":true,"href":"https:\/\/jugendschutz-zentral.ch\/luzern\/wp-json\/wp\/v2\/pages\/64"}],"wp:attachment":[{"href":"https:\/\/jugendschutz-zentral.ch\/luzern\/wp-json\/wp\/v2\/media?parent=75"}],"curies":[{"name":"wp","href":"https:\/\/api.w.org\/{rel}","templated":true}]}}